{"id":3835,"date":"2024-03-18T12:31:30","date_gmt":"2024-03-18T20:31:30","guid":{"rendered":"https:\/\/pocketalk.com\/?page_id=3835"},"modified":"2024-10-30T09:55:20","modified_gmt":"2024-10-30T17:55:20","slug":"pocketalks-privacy-promise","status":"publish","type":"page","link":"https:\/\/pocketalk.com\/it_it\/pocketalks-privacy-promise","title":{"rendered":"Promessa sulla privacy di Pocketalk"},"content":{"rendered":"<h2><span style=\"color: #262626;\">Dove ogni parola conta e l&#039;integrit\u00e0 non ha prezzo<\/span><\/h2>\n<p>La sicurezza \u00e8 pi\u00f9 di semplici parole d&#039;ordine e tendenze temporanee che diventano una necessit\u00e0 fondamentale, se non imposta dal governo. Pocketalk \u00e8 basato su principi fondamentali in cui precisione, velocit\u00e0, facilit\u00e0 d&#039;uso e, soprattutto, sicurezza non sono solo caratteristiche, ma promesse. Riconosciamo l&#039;importanza della sicurezza dei dati e garantiamo che la riservatezza dei dati gestiti da Pocketalk sia protetta e, di conseguenza, la riservatezza delle comunicazioni dei nostri utenti sia protetta. Il nostro ruolo \u00e8 quello di facilitare traduzioni sicure, salvaguardando il tuo dialogo mentre attraversa le barriere linguistiche.<\/p>\n<p>Pocketalk \u00e8 all&#039;avanguardia nei servizi di traduzione sicuri. Il supporto per la conformit\u00e0 HIPAA e l&#039;adesione a standard rigorosi come il GDPR sono solo l&#039;inizio; la nostra conformit\u00e0 alla norma ISO27017, ISO27001 e ad altre certificazioni specifiche del settore testimonia l&#039;impegno del nostro team nel superare i parametri di riferimento del settore.<\/p>\n<p>La nostra promessa di sicurezza va oltre i nostri dispositivi e servizi. Siamo sicuri in termini di prodotto, politica, processo e procedura.<\/p>\n<p><strong>Prodotto<\/strong><br \/>\nLa sicurezza \u00e8 la pietra angolare della progettazione di tutti i nostri prodotti. Ogni fase, dall&#039;ideazione alla produzione, alla consegna, segue i nostri rigorosi criteri per superare rigorosi test di sicurezza.<\/p>\n<p><strong>Politica<\/strong><br \/>\nLe nostre policy interne vanno oltre le pratiche standard. La condotta sicura dei nostri dipendenti, i protocolli per l&#039;accesso ai dati e persino la gestione dei risultati delle traduzioni garantiscono che ogni punto di contatto sia esaminato e sicuro.<\/p>\n<p><strong>Processi<\/strong><br \/>\nI nostri processi operativi resistono ai test di terze parti indipendenti. Questi audit esterni, compresi i test di penetrazione, fungono da timbro di convalida delle nostre misure di sicurezza.<\/p>\n<p><strong>Procedura<\/strong><br \/>\nLe procedure fungono da modello per la gestione di processi a prova di errore. Le nostre procedure sono progettate per eliminare le vulnerabilit\u00e0 e si evolvono continuamente per stabilire precedenti di sicurezza pi\u00f9 elevati per superare gli standard dei nostri clienti aziendali.<\/p>\n<p>La scelta di una soluzione di traduzione richiede la comprensione dell&#039;approccio dell&#039;azienda alla sicurezza. Non tutti i servizi sono uguali e molti di essi non raggiungono una vera sicurezza a livello aziendale. Per Pocketalk, niente \u00e8 pi\u00f9 importante della sicurezza.<\/p>\n<p>Pocketalk si distingue per aver guadagnato la fiducia e la preferenza delle principali istituzioni educative, delle principali aziende energetiche, dei servizi governativi, delle aziende Fortune 100 e degli enti sanitari nazionali.<\/p>","protected":false},"excerpt":{"rendered":"Where Every Word Counts and Integrity is Priceless Security is more than buzzwords and temporary trends becoming a pivotal, if not government-mandated, necessity. Pocketalk is built on fundamental principles where precision, speed, user-friendliness, and, above all, security are not just features but promises. We recognize the importance of data security and ensure that the confidentiality&#8230;","protected":false},"author":13,"featured_media":0,"parent":0,"menu_order":0,"comment_status":"closed","ping_status":"closed","template":"template-full-skinny.php","meta":{"_acf_changed":false,"footnotes":""},"class_list":["post-3835","page","type-page","status-publish","hentry"],"acf":[],"_links":{"self":[{"href":"https:\/\/pocketalk.com\/it_it\/wp-json\/wp\/v2\/pages\/3835","targetHints":{"allow":["GET"]}}],"collection":[{"href":"https:\/\/pocketalk.com\/it_it\/wp-json\/wp\/v2\/pages"}],"about":[{"href":"https:\/\/pocketalk.com\/it_it\/wp-json\/wp\/v2\/types\/page"}],"author":[{"embeddable":true,"href":"https:\/\/pocketalk.com\/it_it\/wp-json\/wp\/v2\/users\/13"}],"replies":[{"embeddable":true,"href":"https:\/\/pocketalk.com\/it_it\/wp-json\/wp\/v2\/comments?post=3835"}],"version-history":[{"count":0,"href":"https:\/\/pocketalk.com\/it_it\/wp-json\/wp\/v2\/pages\/3835\/revisions"}],"wp:attachment":[{"href":"https:\/\/pocketalk.com\/it_it\/wp-json\/wp\/v2\/media?parent=3835"}],"curies":[{"name":"wp","href":"https:\/\/api.w.org\/{rel}","templated":true}]}}