{"id":182,"date":"2019-12-09T22:24:57","date_gmt":"2019-12-09T22:24:57","guid":{"rendered":"https:\/\/pocketalk.com\/?page_id=182"},"modified":"2026-01-27T13:36:35","modified_gmt":"2026-01-27T18:36:35","slug":"shipping-policy","status":"publish","type":"page","link":"https:\/\/pocketalk.com\/it_it\/shipping-policy","title":{"rendered":"Processo di spedizione"},"content":{"rendered":"<\/p>\n<h3>Prezzo e pagamento<\/h3>\n<p>Qualsiasi prezzo visualizzato sulla pagina del prodotto \u00e8 costituito dal prezzo di vendita completo del prodotto, comprensivo di imposta sul valore aggiunto o imposta sulle vendite ma escluso costo di spedizione e dazi di importazione (ove applicabile). Pocketalk indicher\u00e0 chiaramente tutti i costi di spedizione applicabili prima della conclusione del Contratto. Tuttavia, sei l&#039;unico responsabile di determinare se e in quale misura i dazi all&#039;importazione possono essere applicati al Contratto (nonch\u00e9 il relativo pagamento).<br \/>\nA meno che non sia indicato diversamente come parte dell'offerta del prodotto, tutti i pagamenti sono dovuti entro 14 giorni dal primo giorno del periodo di recesso, o 14 giorni dalla conclusione dell'accordo se il periodo di recesso non \u00e8 applicabile (vedere \"Diritto di recesso\").<\/p>\n<h3>Consegna<\/h3>\n<p>Pocketalk si impegner\u00e0 a garantire la consegna di tutti i Prodotti entro la &quot;data di consegna prevista&quot;. Tuttavia, ci\u00f2 potrebbe non essere possibile in tutte le circostanze. Pertanto la &quot;data di consegna prevista&quot; non \u00e8 vincolante e da essa non pu\u00f2 derivare alcun diritto.<br \/>\nSe il Prodotto non viene consegnato entro 30 giorni, \u00e8 possibile risolvere legalmente il Contratto dandone comunicazione a Pocketalk tramite uno qualsiasi dei mezzi di comunicazione indicati nella sezione &quot;Identit\u00e0 del Venditore&quot; di cui sopra.<\/p>\n<p>Pocketalk garantisce che il Prodotto \u00e8 conforme alla descrizione dichiarata (ad eccezione di errori evidenti) sul sito www.europe.pocketalk.net e che sar\u00e0 esente da qualsiasi difetto materiale in conformit\u00e0 con la nostra garanzia. Per ulteriori informazioni, consultare la sezione &quot;Garanzia limitata&quot; (di seguito).<\/p>\n<h3>Metodi di pagamento<\/h3>\n<p>I seguenti sono i metodi di pagamento che offriamo sul nostro sito web:<\/p>\n<ul>\n<li>Visa<\/li>\n<li>MasterCard<\/li>\n<li>American Express<\/li>\n<li>Maestro<\/li>\n<li>Ideale<\/li>\n<li>BanContact<\/li>\n<li>PayPal<\/li>\n<\/ul>\n<p>","protected":false},"excerpt":{"rendered":"","protected":false},"author":13,"featured_media":0,"parent":0,"menu_order":0,"comment_status":"closed","ping_status":"closed","template":"template-full-skinny.php","meta":{"_acf_changed":false,"footnotes":""},"class_list":["post-182","page","type-page","status-publish","hentry"],"acf":[],"_links":{"self":[{"href":"https:\/\/pocketalk.com\/it_it\/wp-json\/wp\/v2\/pages\/182","targetHints":{"allow":["GET"]}}],"collection":[{"href":"https:\/\/pocketalk.com\/it_it\/wp-json\/wp\/v2\/pages"}],"about":[{"href":"https:\/\/pocketalk.com\/it_it\/wp-json\/wp\/v2\/types\/page"}],"author":[{"embeddable":true,"href":"https:\/\/pocketalk.com\/it_it\/wp-json\/wp\/v2\/users\/13"}],"replies":[{"embeddable":true,"href":"https:\/\/pocketalk.com\/it_it\/wp-json\/wp\/v2\/comments?post=182"}],"version-history":[{"count":0,"href":"https:\/\/pocketalk.com\/it_it\/wp-json\/wp\/v2\/pages\/182\/revisions"}],"wp:attachment":[{"href":"https:\/\/pocketalk.com\/it_it\/wp-json\/wp\/v2\/media?parent=182"}],"curies":[{"name":"wp","href":"https:\/\/api.w.org\/{rel}","templated":true}]}}