{"id":177,"date":"2019-12-09T22:17:33","date_gmt":"2019-12-09T22:17:33","guid":{"rendered":"https:\/\/pocketalk.com\/?page_id=177"},"modified":"2024-07-11T12:07:39","modified_gmt":"2024-07-11T20:07:39","slug":"warranty","status":"publish","type":"page","link":"https:\/\/pocketalk.com\/it_it\/warranty","title":{"rendered":"Garanzia limitata"},"content":{"rendered":"<p>&nbsp;<\/p>\n\n\n\n\n\n<\/p>\n<h3><b>Introduzione<\/b><\/h3>\n<p>Pocketalk garantisce all&#039;Acquirente originale (come definito di seguito) che il Dispositivo Pocketalk e gli accessori inclusi (collettivamente, il &quot;Prodotto&quot;) saranno esenti da difetti nei materiali e nella lavorazione in condizioni di utilizzo normale per un periodo di due (2) anni dalla data di acquisto (il \u201cPeriodo di garanzia\u201d) per i residenti nello Spazio Economico Europeo (SEE) e in Svizzera.<\/p>\n<h3><b>Soluzioni<\/b><\/h3>\n<p>Se si verifica un tale difetto e Pocketalk riceve una richiesta RMA entro il Periodo di garanzia, Pocketalk, a sua esclusiva discrezione e nella misura consentita dalla legge, (1) riparer\u00e0 il Prodotto gratuitamente, utilizzando parti di ricambio nuove o ricondizionate o (2) sostituire il Prodotto con un Prodotto nuovo o ricondizionato. In caso di tale difetto, nella misura consentita dalla legge, questi sono gli unici ed esclusivi rimedi. Potrebbero essere applicati costi di spedizione e gestione, salvo laddove vietato dalla legge applicabile. La presente garanzia limitata \u00e8 valida solo nelle giurisdizioni in cui i Prodotti sono venduti da Pocketalk stessa o tramite un suo rivenditore o agente autorizzato ed \u00e8 valida nella misura consentita dalle leggi applicabili di tali giurisdizioni. Qualsiasi Prodotto sostitutivo sar\u00e0 garantito per il resto del periodo di garanzia originale o trenta (30) giorni, a seconda di quale periodo sia pi\u00f9 lungo, o per qualsiasi periodo di tempo aggiuntivo che potrebbe essere richiesto dalla legge applicabile.<\/p>\n<h3><b>Ottenere servizi di garanzia<\/b><\/h3>\n<p>Per ottenere il servizio di garanzia, \u00e8 necessario richiedere un RMA al team del servizio clienti di Pocketalk. Per richiedere un RMA, contattare il Servizio Clienti qui. L&#039;RMA deve essere incluso insieme al Prodotto, altrimenti Pocketalk potrebbe rifiutare il Prodotto. \u00c8 necessario consegnare il Prodotto, nella sua confezione originale, o in un imballaggio che fornisca una protezione equivalente, all&#039;indirizzo specificato da Pocketalk. Pocketalk potrebbe richiedere all&#039;utente di fornire i dettagli della prova di acquisto e\/o di soddisfare altri requisiti prima di ricevere il servizio di garanzia. Per istruzioni pi\u00f9 specifiche su come ottenere il servizio di garanzia sul prodotto, visitare la Guida del prodotto Pocketalk.<\/p>\n<h3><b>Esclusioni e limitazioni<\/b><\/h3>\n<ul>\n<li aria-level=\"1\">Pocketalk non garantisce che il funzionamento del Prodotto sar\u00e0 ininterrotto o privo di errori.<\/li>\n<li aria-level=\"1\">La presente garanzia limitata non copre il software incorporato in qualsiasi Prodotto o qualsiasi servizio correlato fornito da Pocketalk. Consulta i Termini di servizio di Pocketalk per i dettagli sui tuoi diritti rispetto all&#039;uso del software e dei servizi correlati.<\/li>\n<li aria-level=\"1\">Questa garanzia limitata si applica solo all&#039;Acquirente originale. L&#039;\u201cAcquirente originale\u201d \u00e8 l&#039;acquirente originale dell&#039;utente finale del Prodotto acquistato da un rivenditore o canale di vendita autorizzato e prodotto da o per Pocketalk che pu\u00f2 essere identificato da un marchio, nome commerciale o logo Pocketalk autorizzato apposto su di esso (per esempio, un marchio Pocketalk autorizzato). Per chiarezza, un rivenditore non \u00e8 considerato un Acquirente originale. Qualsiasi utilizzo della parola &quot;tu&quot; nella presente Garanzia deve essere inteso come riferito a un Acquirente originale.<\/li>\n<li aria-level=\"1\">Senza limitare quanto sopra, la presente garanzia limitata non si applica a (a) prodotti e servizi Pocketalk diversi dai Prodotti, (b) prodotti non Pocketalk, anche se inclusi o venduti con un Prodotto, inclusi, senza limitazione, eventuali prodotti contraffatti , (c) prodotti che sono, o Pocketalk ritiene ragionevolmente che siano, rubati, (d) materiali di consumo (come batterie), (e) software, anche se confezionato o venduto con il Prodotto o incorporato nel Prodotto, o (f) Accessori Pocketalk diversi dagli accessori inclusi.<\/li>\n<li aria-level=\"1\">La presente garanzia limitata non si applica a un Prodotto o parte di un Prodotto che sia stato sottoposto a manutenzione, alterazione, rinnovamento o modifica da parte di soggetti non autorizzati da Pocketalk, n\u00e9 si applica a eventuali danni estetici quali graffi e ammaccature.<\/li>\n<li aria-level=\"1\">La presente garanzia limitata non si applica inoltre a danni o difetti causati da (a) utilizzo con prodotti non Pocketalk; (b) incidenti, abusi, usi impropri, cattiva gestione, inondazioni, incendi, terremoti o altre cause esterne; (c) normale usura o invecchiamento del Prodotto come scolorimento o stiramento; o (d) utilizzare il Prodotto (i) al di fuori degli usi consentiti o previsti descritti da Pocketalk, (ii) non in conformit\u00e0 con le istruzioni fornite da Pocketalk o (iii) con tensione o alimentazione inadeguata.<\/li>\n<li aria-level=\"1\">Nessun rivenditore, distributore, agente o dipendente Pocketalk \u00e8 autorizzato ad apportare modifiche, estensioni o aggiunte alla presente garanzia limitata. Qualsiasi modifica di questo tipo non \u00e8 vincolante per Pocketalk.<\/li>\n<\/ul>\n<h3><b>Controversia<\/b><\/h3>\n<p>In caso di conflitto, disaccordo o controversia tra Pocketalk e l&#039;utente in merito al funzionamento del Prodotto, Pocketalk si riserva il diritto di richiedere la prova del difetto se notificato entro sei mesi o successivamente alla data di acquisto.<\/p>\n<h3><b>Esclusione di responsabilit\u00e0<\/b><\/h3>\n<p>Nella misura consentita dalla legge, la presente garanzia limitata e i rimedi qui stabiliti sono esclusivi e sostituiscono tutte le altre garanzie, rimedi e condizioni, siano essi orali, scritti, statutari, espressi o impliciti. Pocketalk esclude tutte le garanzie legali e implicite, incluse, senza limitazioni, garanzie di commerciabilit\u00e0 e idoneit\u00e0 per uno scopo particolare e garanzie contro difetti nascosti o latenti, nella misura consentita dalla legge. Nella misura in cui tali garanzie non possono essere negate, Pocketalk limita la durata e i rimedi di tali garanzie alla durata della presente garanzia limitata espressa. alcune giurisdizioni non consentono limitazioni sulla durata di una garanzia (o condizione) implicita, pertanto la limitazione sopra descritta potrebbe non applicarsi al tuo caso. Inoltre, in alcune giurisdizioni i consumatori possono godere di diritti legali ai sensi della legislazione nazionale applicabile che regola la vendita di beni di consumo che non sono derogabili contrattualmente. tali diritti non sono influenzati dalla presente garanzia limitata.<\/p>\n<h3><b>Limitazione di responsabilit\u00e0<\/b><\/h3>\n<p>Fatta eccezione per quanto vietato dalla legge applicabile, Pocketalk non sar\u00e0 responsabile per eventuali danni incidentali, indiretti, speciali o consequenziali, inclusi, senza limitazione, perdita di profitti, entrate o dati, derivanti da qualsiasi violazione di garanzia o condizione espressa o implicita o in base a qualsiasi altra teoria legale, anche se Pocketalk \u00e8 stata informata della possibilit\u00e0 di tali danni. alcune giurisdizioni non consentono l&#039;esclusione o la limitazione di danni speciali, indiretti, incidentali o consequenziali, pertanto la limitazione o esclusione di cui sopra potrebbe non applicarsi all&#039;utente.<\/p>\n<h3><b>Legge vigente<\/b><\/h3>\n<p>Questa politica di restituzione e garanzia limitata di Pocketalk \u00e8 regolata dalle leggi dei Paesi Bassi, senza dare effetto a nessun conflitto di principi legislativi che possa prevedere l'applicazione della legge di un'altra giurisdizione. Se un qualsiasi termine contenuto nella presente \u00e8 ritenuto illegale o inapplicabile, la legalit\u00e0 o l'applicabilit\u00e0 dei restanti termini non sar\u00e0 influenzata o compromessa. Qualsiasi controversia relativa ai termini della presente Garanzia sar\u00e0 sottoposta al tribunale competente di Amsterdam.<\/p>\n<p>Data di entrata in vigore: 30 aprile 2020<\/p>\n<p>","protected":false},"excerpt":{"rendered":"&nbsp;","protected":false},"author":13,"featured_media":0,"parent":0,"menu_order":0,"comment_status":"closed","ping_status":"closed","template":"template-full-skinny.php","meta":{"_acf_changed":false,"footnotes":""},"class_list":["post-177","page","type-page","status-publish","hentry"],"acf":[],"_links":{"self":[{"href":"https:\/\/pocketalk.com\/it_it\/wp-json\/wp\/v2\/pages\/177","targetHints":{"allow":["GET"]}}],"collection":[{"href":"https:\/\/pocketalk.com\/it_it\/wp-json\/wp\/v2\/pages"}],"about":[{"href":"https:\/\/pocketalk.com\/it_it\/wp-json\/wp\/v2\/types\/page"}],"author":[{"embeddable":true,"href":"https:\/\/pocketalk.com\/it_it\/wp-json\/wp\/v2\/users\/13"}],"replies":[{"embeddable":true,"href":"https:\/\/pocketalk.com\/it_it\/wp-json\/wp\/v2\/comments?post=177"}],"version-history":[{"count":0,"href":"https:\/\/pocketalk.com\/it_it\/wp-json\/wp\/v2\/pages\/177\/revisions"}],"wp:attachment":[{"href":"https:\/\/pocketalk.com\/it_it\/wp-json\/wp\/v2\/media?parent=177"}],"curies":[{"name":"wp","href":"https:\/\/api.w.org\/{rel}","templated":true}]}}