{"id":175,"date":"2019-12-09T22:16:49","date_gmt":"2019-12-09T22:16:49","guid":{"rendered":"https:\/\/pocketalk.com\/?page_id=175"},"modified":"2024-04-30T11:08:02","modified_gmt":"2024-04-30T19:08:02","slug":"website-terms-of-use","status":"publish","type":"page","link":"https:\/\/pocketalk.com\/it_it\/website-terms-of-use","title":{"rendered":"Condizioni d&#039;uso del sito web"},"content":{"rendered":"<p><em>A partire dal 1 aprile 2024<\/em><\/p>\n<p class=\"translation-block\">I presenti Termini di utilizzo (i \"Termini\") regolano l'accesso e l'utilizzo di qualsiasi propriet\u00e0 Internet fornita da Pocketalk Inc. (\"Pocketalk\", \"noi\", \"ci\", \"nostro\"), incluso il sito Web Pocketalk ( www.pocketalk.com ), il nostro sito web mobile, i profili posseduti o gestiti da Pocketalk sui siti di social media e qualsiasi altro servizio o propriet\u00e0 digitale gestito, utilizzato o rilasciato da Pocketalk di volta in volta (collettivamente, i \"Siti\"). Accedendo o utilizzando i Siti, l'utente dichiara di aver letto, compreso e accettato di essere vincolato dai presenti Termini.<\/p>\n<p><strong>Se non accetti questi Termini, non potrai accedere o utilizzare i Siti.<\/strong><\/p>\n<p><em>Si prega di notare che i termini e le condizioni applicabili all'uso di qualsiasi dispositivo Pocketalk (un \"Dispositivo\") sono separati da questi Termini e sono disponibili per voi al momento dell'acquisto di un Dispositivo.<\/em><\/p>\n<p><strong>1.     Idoneit\u00e0<\/strong><\/p>\n<p>Accedendo o utilizzando i Siti, ci dichiarate di avere pi\u00f9 di 18 anni (o la maggiore et\u00e0 nella vostra giurisdizione, a seconda di quale sia maggiore) e di essere pienamente capaci e competenti per accettare questi Termini. Se utilizzate i Siti per conto di un'altra persona o entit\u00e0, (a) tutti i riferimenti a \"voi\" in questi Termini includeranno quella persona o entit\u00e0, (b) dichiarate di essere autorizzati ad accettare questi Termini per conto di quella persona o entit\u00e0, e (c) nel caso in cui voi o la persona o entit\u00e0 violiate questi Termini, la persona o entit\u00e0 accetta di essere responsabile nei nostri confronti.<\/p>\n<p><strong>2.\u00a0\u00a0\u00a0\u00a0 <\/strong><strong>Modifiche a questi Termini<\/strong><\/p>\n<p>Potremmo aggiornare o modificare questi Termini di tanto in tanto. Se apportiamo modifiche sostanziali, pubblicheremo i Termini aggiornati su questa pagina con una data di \"Ultimo aggiornamento\" delle revisioni. Il tuo uso continuato dei Siti dopo un aggiornamento costituir\u00e0 accettazione dei Termini aggiornati. Se non accetti i Termini aggiornati, devi smettere di usare i Siti.<\/p>\n<p><strong>3.\u00a0\u00a0\u00a0\u00a0 <\/strong><strong>Diritti di Propriet\u00e0 Intellettuale di Pocketalk e Licenza Limitata<\/strong><\/p>\n<p>I Siti, inclusi il design, il testo, la grafica, le immagini, i dati, il software, il codice sorgente e altri contenuti in essi contenuti (e la loro selezione, disposizione e presentazione), sono di propriet\u00e0 di Pocketalk o dei nostri licenziatari e sono protetti dalla legge, comprese le leggi sul diritto d'autore e sui marchi. Salvo quanto espressamente indicato in questi Termini, tutti i diritti sui Siti sono riservati a noi o ai nostri licenziatari.<\/p>\n<p>Soggetto al rispetto di questi Termini, ti concediamo una licenza limitata, non esclusiva, non trasferibile, non sublicenziabile e revocabile per accedere e utilizzare i Siti per il tuo uso non commerciale e per nessun altro scopo.<\/p>\n<p><strong>4.\u00a0\u00a0\u00a0\u00a0 <\/strong><strong>Contenuto Generato dagli Utenti<\/strong><\/p>\n<p>I Siti possono includere funzionalit\u00e0 che ti consentono di caricare commenti, feedback o altri contenuti (\"Contenuto Generato dagli Utenti\"). Contribuendo con Contenuto Generato dagli Utenti a uno qualsiasi dei Siti, comprendi e riconosci che queste informazioni sono disponibili al pubblico e concedi a Pocketalk una licenza mondiale, esente da royalty, interamente pagata, non esclusiva, perpetua, irrevocabile, trasferibile e completamente sublicenziabile per riprodurre, distribuire, eseguire e visualizzare, creare opere derivate, adattare, modificare e altrimenti utilizzare ed esplorare tale Contenuto Generato dagli Utenti per qualsiasi scopo (inclusi scopi promozionali, come testimonianze).<\/p>\n<p>Dichiari e garantisci di avere tutti i diritti necessari per concedere le licenze concesse in questa sezione e che il tuo Contenuto Generato dall'Utente non viola alcuna legge applicabile o diritto di terzi.<\/p>\n<p><strong>5.\u00a0\u00a0\u00a0\u00a0 <\/strong><strong>Violazione del diritto d'autore <\/strong><\/p>\n<p class=\"translation-block\">Pocketalk segue le procedure del Digital Millennium Copyright Act del 1998 fornendo ricorso ai proprietari di copyright che ritengono che il materiale visualizzato su Internet violi i loro diritti ai sensi della legge statunitense sul copyright. Se ritieni in buona fede che i materiali disponibili sui Siti violino il tuo diritto d'autore, tu o il tuo agente potete inviare a Pocketalk un avviso scritto tramite posta o e-mail, richiedendoci di rimuovere tale materiale o bloccarne l'accesso. Vedi <a href=\"http:\/\/www.copyright.gov\/\" target=\"_self\">http:\/\/www.copyright.gov<\/a> per i dettagli. Le comunicazioni dovranno essere inviate per iscritto a:<\/p>\n<p>&nbsp;<\/p>\n<p><strong>Pocket Talk Inc.<\/strong><br \/>\n445 Sherman Ave. Ste 120<br \/>\nPalo Alto, CA 94306<br \/>\nAttenzione: legale<br \/>\nE-mail: press@pocketalk.com<\/p>\n<p>&nbsp;<\/p>\n<p><strong>6.\u00a0\u00a0\u00a0\u00a0 <\/strong><strong>Il tuo utilizzo dei Siti<\/strong><\/p>\n<p>Nell&#039;utilizzo dei Siti, accetti<\/p>\n<ul>\n<li>utilizzare i Siti solo in modo lecito e solo per gli scopi previsti;<\/li>\n<li>non esprimere o implicare che qualsiasi dichiarazione fatta sia approvata da Pocketalk;<\/li>\n<li>non decodificare, disassemblare o tentare in altro modo di creare o derivare il codice sorgente sottostante ai Siti;<\/li>\n<li>non utilizzare o accedere ai Siti per creare un prodotto o servizio simile o competitivo;<\/li>\n<li>non tentare di sondare, scansionare o testare la vulnerabilit\u00e0 di qualsiasi Sito o di violare o manomettere le misure di sicurezza o di autenticazione dei Siti o dei nostri sistemi;<\/li>\n<li>non inviare virus o altro codice dannoso ai o attraverso i Siti;<\/li>\n<li>non inviare Contenuti generati dagli utenti che, a nostro esclusivo giudizio, siano discutibili o limitino o inibiscano qualsiasi altra persona dall&#039;utilizzo o dal godimento dei Siti; E<\/li>\n<li>non utilizzare i Siti per trasmettere \u201cspam\u201d o altre comunicazioni commerciali non autorizzate.<\/li>\n<\/ul>\n<p><strong>7.\u00a0\u00a0\u00a0\u00a0 <\/strong><strong>Sospensione e risoluzione<\/strong><\/p>\n<p>Ci riserviamo il diritto (a) di sospendere o interrompere immediatamente e senza preavviso l&#039;accesso o l&#039;utilizzo dei Siti se riteniamo ragionevolmente che tu abbia violato i presenti Termini, (b) di, a nostra esclusiva discrezione, rimuovere qualsiasi Contenuto generato dall&#039;utente o altro materiale che violi i presenti Termini o sia altrimenti discutibile e (c) modificare i Siti o sospendere o interrompere la fornitura di tutti o parti dei Siti in qualsiasi momento. Hai anche il diritto di interrompere l&#039;utilizzo dei Siti in qualsiasi momento. Non siamo responsabili per eventuali perdite o danni legati alla tua incapacit\u00e0 di accedere o utilizzare i Siti.<\/p>\n<p><strong>8.\u00a0\u00a0\u00a0\u00a0 <\/strong><strong>Privacy<\/strong><\/p>\n<p class=\"translation-block\">La nostra raccolta e utilizzo delle informazioni personali tramite i Siti \u00e8 descritto nella nostra <a href=\"https:\/\/pocketalk.com\/it_it\/privacy-policy\/\" target=\"_self\">Privacy <\/a><a href=\"https:\/\/pocketalk.com\/it_it\/privacy-policy\/\" target=\"_self\">Politica<\/a>. Accedendo o utilizzando i Siti, riconosci di aver letto e compreso l'<a href=\"https:\/\/pocketalk.com\/it_it\/privacy-policy\/\" target=\"_self\">Informativa sulla privacy<\/a>, come aggiornata di volta in volta.<\/p>\n<p><strong>9.\u00a0\u00a0\u00a0\u00a0 <\/strong><strong>Indennizzo<\/strong><\/p>\n<p>Accetti di indennizzare, difendere e tenere indenne Pocketalk e la sua societ\u00e0 madre, le affiliate, gli ufficiali, i direttori, gli agenti e i dipendenti da qualsiasi reclamo, responsabilit\u00e0, danno, sentenza, perdita, costo, spesa e onere (inclusi gli onorari degli avvocati) derivanti dal tuo accesso o uso dei Siti, o dalle attivit\u00e0 connesse ad essi.<\/p>\n<p><strong>10.\u00a0 <\/strong><strong>Esclusione di responsabilit\u00e0<\/strong><\/p>\n<p>I SITI SONO FORNITI \"COS\u00cc COME SONO\" E \"COME DISPONIBILE\", SENZA GARANZIE DI ALCUN TIPO, E POCKETALK DECLINA ESPRESSAMENTE OGNI GARANZIA, ESPLICITA O IMPLICITA, RISPETTO AI SITI, NELLA MISURA MASSIMA CONSENTITA DALLA LEGGE APPLICABILE , COMPRESE LE GARANZIE DI COMMERCIABILIT\u00c0, IDONEIT\u00c0 PER UNO SCOPO PARTICOLARE, NON VIOLAZIONE, TITOLO E GARANZIE DERIVANTI DALL'ESECUZIONE DELLA PRESTAZIONE, DALL'ESECUZIONE DELLA TRATTATIVA O DALL'UTILIZZO O DAL COMMERCIO.<\/p>\n<p>Sebbene cerchiamo di mantenere la tempestivit\u00e0, l'integrit\u00e0 e la sicurezza dei Siti, non garantiamo che i Siti siano o rimarranno aggiornati, completi, corretti o sicuri, o che l'accesso ai Siti sar\u00e0 ininterrotto. Di tanto in tanto potremmo dover eseguire interventi di manutenzione sui Siti, il che potrebbe comportare interruzioni temporanee della sua disponibilit\u00e0. I Siti potrebbero contenere imprecisioni o errori. Ti assumi l'intero rischio relativo alla qualit\u00e0 e alle prestazioni dei Siti.<\/p>\n<p><strong>11.\u00a0 <\/strong><strong>Limitazione di responsabilit\u00e0 <\/strong><\/p>\n<p>POCKETALK NON SAR\u00c0 RESPONSABILE PER EVENTUALI DANNI INDIRETTI, INCIDENTALI, CONSEQUENZIALI, SPECIALI, ESEMPLARI O PUNITIVI DI QUALSIASI TIPO, AI SENSI DI QUALSIASI CONTRATTO, ILLECITO (INCLUSA LA NEGLIGENZA), RESPONSABILIT\u00c0 OGGETTIVA O ALTRA TEORIA, COMPRESI DANNI PER PERDITA DI PROFITTI, UTILIZZO DI DATI, PERDITA DI ALTRI BENI IMMATERIALI O PERDITA DI SICUREZZA DEI MATERIALI INVIATI (INCLUSA L'INTERCETTAZIONE NON AUTORIZZATA DA PARTE DI TERZI DI QUALSIASI MATERIALE INVIATO), ANCHE SE AVVISATI IN ANTICIPO DELLA POSSIBILIT\u00c0 DI TALI DANNI O PERDITE. SENZA LIMITARE QUANTO SOPRA, POCKETALK NON SAR\u00c0 RESPONSABILE PER DANNI DI ALCUN TIPO DERIVANTI DALL'UTILIZZO O DALL'IMPOSSIBILIT\u00c0 DI UTILIZZARE I SITI O DA QUALSIASI MATERIALE DI TERZE PARTI, INCLUSO DA QUALSIASI VIRUS CHE POTREBBE ESSERE TRASMESSO IN CONNESSIONE CON GLI ESSI. IL TUO UNICO ED ESCLUSIVO RIMEDIO ALL'INSODDISFAZIONE DEI SITI \u00c8 SMETTERE DI UTILIZZARLI. LA RESPONSABILIT\u00c0 COMPLESSIVA MASSIMA DI POCKETALK PER TUTTI I DANNI, PERDITE E CAUSE DI AZIONE, SIA IN CONTRATTO, ILLECITO (INCLUSA LA NEGLIGENZA), O ALTRIMENTI, SAR\u00c0 DI $ 50. Limitazione di responsabilit\u00e0<\/p>\n<p>La legge applicabile potrebbe non consentire limitazioni su determinate garanzie implicite, o esclusioni o limitazioni di determinati danni, e alcune o tutte le esclusioni o limitazioni di responsabilit\u00e0 di cui sopra potrebbero non essere applicabili all'utente.<\/p>\n<p><strong>12.\u00a0 <\/strong><strong>Contenuti di terze parti<\/strong><\/p>\n<p>I Siti possono rendere disponibili o fornire collegamenti a siti Web, contenuti o informazioni di terzi (\"Contenuti di terze parti\"). Pocketalk non controlla e non \u00e8 responsabile per alcun Contenuto di terze parti e la disponibilit\u00e0 di qualsiasi Contenuto di terze parti tramite i Siti non implica l'approvazione o l'affiliazione con il fornitore di tale Contenuto di terze parti. L'utilizzo dei Contenuti di terze parti \u00e8 a tuo rischio e pericolo.<\/p>\n<p><strong>13.\u00a0 <\/strong><strong>Legge applicabile e giurisdizione<\/strong><\/p>\n<p>Legge applicabile e giurisdizione Le presenti Condizioni saranno interpretate in conformit\u00e0 con le leggi dello stato di Washington, senza riferimento alle disposizioni sui conflitti di legge, e gli obblighi, i diritti e i rimedi delle Parti di seguito saranno determinati in conformit\u00e0 con tali leggi. Le Parti accettano la giurisdizione esclusiva dei tribunali statali e federali situati in California.<\/p>\n<p><strong>14.\u00a0 <\/strong><strong>Disposizioni generali<\/strong><\/p>\n<p>Se una qualsiasi disposizione delle presenti Condizioni viene ritenuta non valida o inapplicabile, tale disposizione sar\u00e0 limitata o eliminata nella misura minima necessaria in modo che le presenti Condizioni rimangano altrimenti in vigore a tutti gli effetti e applicabili. Nessuna rinuncia a qualsiasi disposizione del presente documento sar\u00e0 efficace se non effettuata per iscritto e firmata dalla parte rinunciante. Il nostro mancato esercizio o applicazione di qualsiasi diritto o disposizione dei presenti Termini non costituir\u00e0 una rinuncia a tale diritto o disposizione. I titoli delle sezioni dei presenti Termini sono forniti solo per comodit\u00e0 e non hanno alcun effetto legale o contrattuale. Le rispettive indennit\u00e0, rappresentazioni e garanzie, nonch\u00e9 i nostri diritti ai sensi dei presenti Termini sopravvivranno a qualsiasi risoluzione dei presenti Termini. Nella misura massima possibile ai sensi della legge locale applicabile, i presenti Termini saranno vincolanti e andranno a beneficio dei rappresentanti legali, successori e aventi causa delle parti contraenti.<\/p>\n<p>&nbsp;<\/p>","protected":false},"excerpt":{"rendered":"As of April 1, 2024 These Terms of Use (the \u201cTerms\u201d) govern your access to and use of any of the internet properties provided by Pocketalk Inc. (\u201cPocketalk,\u201d \u201cwe,\u201d \u201cus,\u201d \u201cour\u201d), including the Pocketalk website (www.pocketalk.com), our mobile website, Pocketalk-owned or operated profiles on social media sites, and any other digital services or properties operated,&#8230;","protected":false},"author":13,"featured_media":0,"parent":0,"menu_order":0,"comment_status":"closed","ping_status":"closed","template":"template-full-skinny.php","meta":{"_acf_changed":false,"footnotes":""},"class_list":["post-175","page","type-page","status-publish","hentry"],"acf":[],"_links":{"self":[{"href":"https:\/\/pocketalk.com\/it_it\/wp-json\/wp\/v2\/pages\/175","targetHints":{"allow":["GET"]}}],"collection":[{"href":"https:\/\/pocketalk.com\/it_it\/wp-json\/wp\/v2\/pages"}],"about":[{"href":"https:\/\/pocketalk.com\/it_it\/wp-json\/wp\/v2\/types\/page"}],"author":[{"embeddable":true,"href":"https:\/\/pocketalk.com\/it_it\/wp-json\/wp\/v2\/users\/13"}],"replies":[{"embeddable":true,"href":"https:\/\/pocketalk.com\/it_it\/wp-json\/wp\/v2\/comments?post=175"}],"version-history":[{"count":0,"href":"https:\/\/pocketalk.com\/it_it\/wp-json\/wp\/v2\/pages\/175\/revisions"}],"wp:attachment":[{"href":"https:\/\/pocketalk.com\/it_it\/wp-json\/wp\/v2\/media?parent=175"}],"curies":[{"name":"wp","href":"https:\/\/api.w.org\/{rel}","templated":true}]}}