{"id":692,"date":"2020-05-05T16:36:48","date_gmt":"2020-05-05T16:36:48","guid":{"rendered":"https:\/\/pocketalk.com\/?page_id=692"},"modified":"2021-11-29T23:34:18","modified_gmt":"2021-11-29T23:34:18","slug":"exclusive-discounts","status":"publish","type":"page","link":"https:\/\/pocketalk.com\/fr_fr\/exclusive-discounts","title":{"rendered":"Des r\u00e9ductions exclusives"},"content":{"rendered":"<h2>Merci, nos h\u00e9ros de tous les jours !<\/h2>\n<p>Nous savons que vous consacrez votre vie \u00e0 aider, sauver et enseigner aux autres. Pour vous remercier, nous vous proposons une offre de r\u00e9duction exclusive de 50 $ sur notre tout nouveau mod\u00e8le <strong>$50 OFF<a href=\"https:\/\/pocketalk.com\/fr_fr\/product\/pocketalk-plus\/\">\u00a0Pocketalk Plus<\/a>*.<\/strong><\/p>\n<p>Pocketalk est un traducteur portable qui peut traduire 82 langues, ce qui permet une meilleure communication lorsque le temps est compt\u00e9 et que la langue est une barri\u00e8re. Pocketalk permettra de communiquer avec environ 90 % de la population mondiale.<\/p>\n<p>Nous vous proposons deux excellents mod\u00e8les, et nous sommes convaincus que l'un ou l'autre sera en mesure de r\u00e9pondre \u00e0 vos besoins.<\/p>\n<p>Caract\u00e9ristiques du Pocketalk :<\/p>\n<ul>\n<li>Translate up to 82 different languages<\/li>\n<li>Un forfait gratuit de donn\u00e9es mobiles illimit\u00e9es pendant 2 ans qui offre une couverture quand ie signal Wi-Fi est absent.<\/li>\n<li>Une exp\u00e9rience d'utilisation rapide et intuitive<\/li>\n<li>Cam\u00e9ra de traduction de texte pour les documents \u00e9crits ou autres images<\/li>\n<li>Dual noise-canceling microphones and two loudspeakers<\/li>\n<\/ul>\n<p>Nous proposons \u00e9galement des achats en grosse quantit\u00e9. Merci de nous envoyer un courriel \u00e0 l'adresse <a href=\"mailto:bizdev-us@sourcenext.com\"><strong>bizdev-us@sourcenext.com<\/strong><\/a><\/p>\n<p>*this does not apply to bundles and does not stack with other discounts or offers.<\/p>\n<p style=\"text-align: center;\"><a href=\"https:\/\/auth.govx.com\/shopify\/verify?shop=pocketalk.myshopify.com&amp;utm_source=shopify&amp;utm_medium=govxid&amp;utm_campaign=custom_link\">To verify with GovX:<\/a><\/p>\n<p style=\"text-align: center;\"><a href=\"https:\/\/auth.govx.com\/shopify\/verify?shop=pocketalk.myshopify.com&amp;utm_source=shopify&amp;utm_medium=govxid&amp;utm_campaign=custom_link\"><img loading=\"lazy\" decoding=\"async\" class=\"aligncenter wp-image-1609 size-medium\" src=\"https:\/\/pocketalk.com\/wp-content\/uploads\/2021\/04\/Untitled-2-300x52.png\" alt=\"\" width=\"300\" height=\"52\" srcset=\"https:\/\/pocketalk.com\/wp-content\/uploads\/2021\/04\/Untitled-2-300x52.png 300w, https:\/\/pocketalk.com\/wp-content\/uploads\/2021\/04\/Untitled-2-18x3.png 18w, https:\/\/pocketalk.com\/wp-content\/uploads\/2021\/04\/Untitled-2-120x21.png 120w, https:\/\/pocketalk.com\/wp-content\/uploads\/2021\/04\/Untitled-2-64x11.png 64w, https:\/\/pocketalk.com\/wp-content\/uploads\/2021\/04\/Untitled-2-40x7.png 40w, https:\/\/pocketalk.com\/wp-content\/uploads\/2021\/04\/Untitled-2.png 622w\" sizes=\"auto, (max-width: 300px) 100vw, 300px\" \/><\/a><a href=\"https:\/\/www.govx.com\/t\/govx-id\"><u>What&#8217;s GovX ID?<\/u><\/a><\/p>\n<p>&nbsp;<\/p>\n<p style=\"text-align: center;\">To verify with VerifyPlus:<\/p>\n<p><script src=\"https:\/\/cdn.verifypass.com\/seller\/embed\/load.js\" id=\"vfyps_widget\" data-key=\"e9eae0f16\" data-show-all=\"true\"><\/script><\/p>","protected":false},"excerpt":{"rendered":"Thank you, our everyday heroes! We know you dedicate your life to helping, saving, and educating others. To show our appreciation, we would like to extend an exclusive discount offer of $50 OFF\u00a0Pocketalk Plus*. Pocketalk is a hand-held translator that can translate 82 languages enabling better communication when time is of the essence and language&#8230;","protected":false},"author":3,"featured_media":0,"parent":0,"menu_order":0,"comment_status":"closed","ping_status":"closed","template":"template-full-skinny.php","meta":{"_acf_changed":false,"footnotes":""},"class_list":["post-692","page","type-page","status-publish","hentry"],"acf":[],"_links":{"self":[{"href":"https:\/\/pocketalk.com\/fr_fr\/wp-json\/wp\/v2\/pages\/692","targetHints":{"allow":["GET"]}}],"collection":[{"href":"https:\/\/pocketalk.com\/fr_fr\/wp-json\/wp\/v2\/pages"}],"about":[{"href":"https:\/\/pocketalk.com\/fr_fr\/wp-json\/wp\/v2\/types\/page"}],"author":[{"embeddable":true,"href":"https:\/\/pocketalk.com\/fr_fr\/wp-json\/wp\/v2\/users\/3"}],"replies":[{"embeddable":true,"href":"https:\/\/pocketalk.com\/fr_fr\/wp-json\/wp\/v2\/comments?post=692"}],"version-history":[{"count":0,"href":"https:\/\/pocketalk.com\/fr_fr\/wp-json\/wp\/v2\/pages\/692\/revisions"}],"wp:attachment":[{"href":"https:\/\/pocketalk.com\/fr_fr\/wp-json\/wp\/v2\/media?parent=692"}],"curies":[{"name":"wp","href":"https:\/\/api.w.org\/{rel}","templated":true}]}}