{"id":5327,"date":"2025-03-27T10:46:18","date_gmt":"2025-03-27T18:46:18","guid":{"rendered":"https:\/\/pocketalk.com\/?page_id=5327"},"modified":"2026-04-01T12:12:50","modified_gmt":"2026-04-01T16:12:50","slug":"sentio-white-paper","status":"publish","type":"page","link":"https:\/\/pocketalk.com\/fr_fr\/sentio-white-paper","title":{"rendered":"POCKETALK Sentio White Paper"},"content":{"rendered":"<h1>POCKETALK Sentio White Paper<\/h1>\n<\/p>\n<style>\n  .section-conainer {<br \/>    margin-bottom: min(4.83vw, 50px);<br \/>    width: min(94vw, 1200px);<br \/>    margin-left: auto;<br \/>    padding-top: 0 !important;<br \/>    padding-bottom: 0 !important;<br \/>    margin-right: auto;<br \/>  }<br \/>  .section-conainer p {<br \/>    font-size: clamp(14px, 3.38vw, 16px);<br \/>    line-height: 1.6;<br \/>    margin-bottom: 1em;<br \/>  }<br \/>  .section-conainer p.caption {<br \/>    text-align: center;<br \/>    color: #666;<br \/>  }<br \/>  .section-conainer img {<br \/>    display: block;<br \/>    margin-left: auto;<br \/>    margin-right: auto;<br \/>    margin-bottom: 1em;<br \/>    width: 70%;<br \/>  }<br \/>  .section-conainer a {<br \/>    color: #09f;<br \/>  }<br \/>  .section-conainer a:hover {<br \/>    color: #09f;<br \/>    text-decoration: underline;<br \/>  }<br \/>  table {<br \/>    width: 100%;<br \/>    border-top: 1px solid #e0e0e0;<br \/>    border-left: 1px solid #e0e0e0;<br \/>    margin-bottom: min(4.35vw, 18px);<br \/>  }<br \/>  table th, table td {<br \/>    border-right: 1px solid #e0e0e0;<br \/>    border-bottom: 1px solid #e0e0e0;<br \/>    padding: 1em;<br \/>    font-size: clamp(14px, 3.38vw, 16px);<br \/>  }<br \/>  table th {<br \/>    width: 22%;<br \/>    font-size: clamp(14px, 3.38vw, 16px);<br \/>    text-align: left;<br \/>    background-color: #ccc;<br \/>    color: #000;<br \/>  }<br \/>  .section-conainer ul {<br \/>    margin-left: 1.6em;<br \/>  }<br \/>  .section-conainer li {<br \/>    list-style: disc;<br \/>  }<br \/>  .section-conainer ol li {<br \/>    list-style: decimal;<br \/>  }<br \/>  .section-conainer .right{<br \/>    text-align: right;<br \/>  }<br \/><\/style>\n<section class=\"section-conainer\">Ceci est une traduction de r\u00e9f\u00e9rence. L&#8217;original est en japonais\/anglais. En cas de divergence, la version japonaise\/anglaise pr\u00e9vaut.<\/p>\n<p class=\"right\">1.0 (R\u00e9vis\u00e9 le 11 mars 2025)<br \/>\nPOCKETALK<\/p>\n<h3>1.Introduction<\/h3>\n<p>Ce document est destin\u00e9 \u00e0 ceux qui envisagent d&#8217;utiliser ou utilisent actuellement POCKETALK Sentio (ci-apr\u00e8s d\u00e9nomm\u00e9 &#8220;Sentio&#8221;). Il vise \u00e0 fournir des informations sur les initiatives de s\u00e9curit\u00e9 de notre entreprise concernant les donn\u00e9es personnelles des clients (ci-apr\u00e8s d\u00e9nomm\u00e9es &#8220;donn\u00e9es clients&#8221;) que nous d\u00e9tenons, et \u00e0 vous aider \u00e0 comprendre les pr\u00e9cautions \u00e0 prendre pour utiliser Sentio en toute s\u00e9curit\u00e9. Ce document sert \u00e9galement d&#8217;annexe aux Conditions d&#8217;utilisation et constitue un accord entre nous et le client concernant l&#8217;utilisation de Sentio.<\/p>\n<h3>2.\u00c0 propos des fournisseurs de services Cloud<\/h3>\n<p>Le Cloud Sentio est d\u00e9velopp\u00e9, exploit\u00e9 et fourni aux clients par Pocketalk en utilisant Google Cloud Platform (ci-apr\u00e8s d\u00e9nomm\u00e9 &#8220;GCP&#8221;).<\/p>\n<p><img decoding=\"async\" src=\"https:\/\/pocketalk.jp\/hubfs\/images\/termhub\/sentio-fr-01.webp\" alt=\"\" \/><\/p>\n<p class=\"caption\">\uff1cSentio &#8211; Diagramme de relation utilisateur-syst\u00e8me_Authentification par code s\u00e9rie\uff1e<\/p>\n<h3>3.R\u00e9partition des responsabilit\u00e9s entre Pocketalk et les clients<\/h3>\n<p>Le diagramme suivant explique la r\u00e9partition des responsabilit\u00e9s entre Pocketalk et les clients lors de l&#8217;utilisation de Sentio.<\/p>\n<p><img decoding=\"async\" src=\"https:\/\/pocketalk.jp\/hubfs\/images\/termhub\/sentio-fr-02.webp\" alt=\"\" \/><\/p>\n<p class=\"caption\">\uff1cSentio | R\u00e9partition des responsabilit\u00e9s entre nous et les clients\uff1e<\/p>\n<h3>4.Lieu de stockage des donn\u00e9es<\/h3>\n<p>GCP et AWS utilis\u00e9s dans Sentio sont exploit\u00e9s dans les r\u00e9gions suivantes :<\/p>\n<ul>\n<li>GCP\n<ul>\n<li>R\u00e9gion : Asie Nord-Est<\/li>\n<li>Multi-AZ : 2 emplacements en Asie<\/li>\n<\/ul>\n<\/li>\n<\/ul>\n<h3>5.Objectifs de niveau de service (SLO)<\/h3>\n<table>\n<tbody>\n<tr>\n<th>Heures de service<\/th>\n<td>24 heures par jour, 365 jours par an \\\\ Nous surveillons \u00e9galement le service pendant la m\u00eame p\u00e9riode.<\/td>\n<\/tr>\n<tr>\n<th>Disponibilit\u00e9 du service<\/th>\n<td>99,0% \\\\ N&#8217;inclut pas les interruptions de service planifi\u00e9es annuelles<\/td>\n<\/tr>\n<tr>\n<th>Interruptions de service planifi\u00e9es<\/th>\n<td>2\\~4 fois \/ an \\\\ Les interruptions de service devraient durer jusqu&#8217;\u00e0 6 heures \u00e0 la fois.<\/td>\n<\/tr>\n<tr>\n<th>Sauvegarde des donn\u00e9es<\/th>\n<td>La configuration de la base de donn\u00e9es est redondante avec une configuration primaire \/ secondaire (constamment synchronis\u00e9e). La sauvegarde de la gestion de la g\u00e9n\u00e9ration de donn\u00e9es n&#8217;est pas fournie.<\/td>\n<\/tr>\n<\/tbody>\n<\/table>\n<h3>6.Nos Mesures de Gestion de la S\u00e9curit\u00e9<\/h3>\n<p>Nous nous effor\u00e7ons de concevoir, de construire et d&#8217;exploiter une s\u00e9curit\u00e9 de l&#8217;information et une s\u00e9curit\u00e9 des donn\u00e9es appropri\u00e9es, tant en interne qu&#8217;avec nos partenaires commerciaux, afin que les clients puissent utiliser nos services en toute tranquillit\u00e9 et s\u00e9curit\u00e9.<\/p>\n<h4>Politiques de S\u00e9curit\u00e9 de l&#8217;Information<\/h4>\n<p>Nous avons \u00e9tabli la &#8220;Politique de Base de S\u00e9curit\u00e9 de l&#8217;Information&#8221; et la &#8220;Politique de Base de S\u00e9curit\u00e9 des Services Cloud&#8221; comme politiques fondamentales pour nos initiatives de s\u00e9curit\u00e9 de l&#8217;information dans les services cloud, et nous exploitons nos services conform\u00e9ment \u00e0 ces politiques.<\/p>\n<h4>R\u00f4les et Responsabilit\u00e9s en mati\u00e8re de S\u00e9curit\u00e9 de l&#8217;Information<\/h4>\n<p>Nous avons \u00e9tabli la &#8220;Politique de Base de S\u00e9curit\u00e9 de l&#8217;Information&#8221; et la &#8220;Politique de Base de S\u00e9curit\u00e9 des Services Cloud&#8221; comme politiques fondamentales pour nos initiatives de s\u00e9curit\u00e9 de l&#8217;information dans les services cloud, et nous exploitons nos services conform\u00e9ment \u00e0 ces politiques.<\/p>\n<h4>Communication avec les Autorit\u00e9s Comp\u00e9tentes<\/h4>\n<p>La communication avec les autorit\u00e9s comp\u00e9tentes est d\u00e9finie dans &#8220;4. Lieu de Stockage des Donn\u00e9es&#8221;.<\/p>\n<h4>Partage et R\u00e9partition des R\u00f4les et Responsabilit\u00e9s dans l&#8217;Environnement de Cloud Computing (CLD.6.3.1)<\/h4>\n<p>Le partage et la r\u00e9partition des r\u00f4les et responsabilit\u00e9s dans l&#8217;environnement de cloud computing sont d\u00e9finis dans &#8220;3. R\u00e9partition des Responsabilit\u00e9s entre Nous et les Clients&#8221;.<\/p>\n<h4>Am\u00e9liorer la Sensibilisation, l&#8217;\u00c9ducation et la Formation \u00e0 la S\u00e9curit\u00e9 de l&#8217;Information<\/h4>\n<p>Nous promouvons l&#8217;importance de la s\u00e9curit\u00e9 de l&#8217;information dans toute l&#8217;entreprise et organisons r\u00e9guli\u00e8rement l&#8217;\u00e9ducation et la formation n\u00e9cessaires.<\/p>\n<h4>Inventaire des Actifs<\/h4>\n<p>Nous identifions et g\u00e9rons de mani\u00e8re appropri\u00e9e les informations, les autres actifs li\u00e9s \u00e0 l&#8217;information et les actifs li\u00e9s aux installations de traitement de l&#8217;information.<\/p>\n<h4>Suppression des Actifs des Clients des Services Cloud (CLD.8.1.5)<\/h4>\n<p>Le traitement des donn\u00e9es clients lorsqu&#8217;un client met fin \u00e0 l&#8217;utilisation du service est d\u00e9crit ci-dessous.<\/p>\n<ul>\n<li>Les clients ne peuvent pas demander la r\u00e9siliation du service par eux-m\u00eames \u00e0 partir des fonctions fournies par Sentio. Les clients qui souhaitent r\u00e9silier le service sont pri\u00e9s de contacter les points de contact suivants.Informations de Contact<br \/>\nClients nord-am\u00e9ricains : <a href=\"https:\/\/pocketalk.com\/fr_fr\/contact-us\/\">https:\/\/pocketalk.com\/contact-us<\/a><br \/>\nClients europ\u00e9ens : <a href=\"https:\/\/pocketalk.com\/en_eu\/contact-us\">https:\/\/pocketalk.com\/en_eu\/contact-us<\/a><br \/>\nClients asiatiques : <a href=\"https:\/\/pocketalk.link\/inquiry\">https:\/\/pocketalk.link\/inquiry<\/a><\/li>\n<li>Si vous avez besoin de l&#8217;historique des donn\u00e9es de l&#8217;interpr\u00e9tation par Sentio, veuillez le t\u00e9l\u00e9charger depuis Sentio sous votre propre responsabilit\u00e9 et le stocker de mani\u00e8re appropri\u00e9e. (Cependant, il est n\u00e9cessaire d&#8217;activer le param\u00e8tre de t\u00e9l\u00e9chargement de l&#8217;historique de l&#8217;interpr\u00e9tation par l&#8217;op\u00e9ration sur Sentio. Pour plus de d\u00e9tails, veuillez consulter le manuel.)<\/li>\n<\/ul>\n<h4>Labellisation des Informations<\/h4>\n<p>Sentio ne fournit pas de fonction pour labelliser des informations client ou des informations de terminal car il n&#8217;y a pas d&#8217;enregistrement d\u2019information.<\/p>\n<h4>Enregistrement et Suppression des Utilisateurs<\/h4>\n<p>Sentio utilise l&#8217;authentification par code de connexion pour l&#8217;utilisation du service. Les codes de connexion ne peuvent \u00eatre \u00e9mis que par notre entreprise, et les clients ne peuvent pas les \u00e9mettre eux-m\u00eames. Veuillez contacter notre entreprise pour l&#8217;\u00e9mission de nouveaux codes de connexion.<\/p>\n<h4>Fournir l&#8217;Acc\u00e8s Utilisateur<\/h4>\n<p>Sentio utilise l&#8217;authentification par code de connexion pour utiliser le service. Les codes de connexion ne peuvent \u00eatre \u00e9mis que par nous, et les clients ne peuvent pas les \u00e9mettre eux-m\u00eames. Veuillez nous contacter pour \u00e9mettre de nouveaux codes de connexion et les supprimer.<\/p>\n<h4>Gestion des Droits d&#8217;Acc\u00e8s Privil\u00e9gi\u00e9s<\/h4>\n<p>Sentio n&#8217;a pas de droits d&#8217;acc\u00e8s privil\u00e9gi\u00e9s.<\/p>\n<h4>Gestion des Informations d&#8217;Identification Secr\u00e8tes des Utilisateurs<\/h4>\n<p>La gestion des codes de connexion est d\u00e9finie dans &#8220;3. R\u00e9partition des Responsabilit\u00e9s entre Pocketalk et les Clients&#8221;.<\/p>\n<h4>Acc\u00e8s Restreint aux Informations<\/h4>\n<p>Sentio ne limite pas les informations affich\u00e9es ou les fonctions disponibles pour chaque code de connexion.<br \/>\nDe plus, Sentio a une fonction pour partager le r\u00e9sultat de la traduction avec un appareil partag\u00e9 sp\u00e9cifi\u00e9 (ci-apr\u00e8s d\u00e9nomm\u00e9 la &#8220;fonction de partage&#8221;). Lorsque la fonction de partage est utilis\u00e9e, une URL est \u00e9mise, et le r\u00e9sultat de la traduction peut \u00eatre consult\u00e9 en acc\u00e9dant \u00e0 l&#8217;URL depuis l&#8217;appareil partag\u00e9. L&#8217;appareil partag\u00e9 ne peut que visualiser le r\u00e9sultat de la traduction et ne peut pas le re-partager. De plus, le r\u00e9sultat de la traduction n&#8217;est stock\u00e9 ni sur l&#8217;appareil partag\u00e9 ni dans le cloud.<br \/>\nPour plus de d\u00e9tails, veuillez consulter le manuel.<\/p>\n<h4>Utilisation des Programmes Utilitaires Privil\u00e9gi\u00e9s<\/h4>\n<p>Sentio ne fournit pas de programmes utilitaires tels que des API qui contournent les proc\u00e9dures de s\u00e9curit\u00e9 et permettent l&#8217;utilisation de diverses fonctions de service. Pour les programmes utilitaires privil\u00e9gi\u00e9s n\u00e9cessaires \u00e0 la prestation de services dans notre entreprise, nous limitons strictement les utilisateurs, confirmons la validit\u00e9 de l&#8217;utilisation \u00e0 l&#8217;avance, acqu\u00e9rons des journaux et effectuons des examens.<\/p>\n<h4>S\u00e9paration dans l&#8217;Environnement Informatique Virtuel (CLD.9.5.1)<\/h4>\n<p>Il fonctionne dans un environnement multi-tenant et contr\u00f4le l&#8217;acc\u00e8s aux autres tenants.<\/p>\n<h4>Fortification des Machines Virtuelles (CLD.9.5.2)<\/h4>\n<p>Tous les environnements virtualis\u00e9s \u00e0 construire restreignent les ports et protocoles pour bloquer l&#8217;acc\u00e8s non autoris\u00e9. En principe, un diagnostic de vuln\u00e9rabilit\u00e9 et des tests de p\u00e9n\u00e9tration par une organisation tierce sont effectu\u00e9s une fois par an.<\/p>\n<h4>Politique sur l&#8217;Utilisation des Mesures de Gestion par Cryptage<\/h4>\n<p>Les donn\u00e9es stock\u00e9es sur l&#8217;appareil sont crypt\u00e9es en utilisant AES, avec la gestion des cl\u00e9s g\u00e9r\u00e9e dans le stockage du navigateur. La communication est crypt\u00e9e en utilisant la communication SSL\/TLS (prenant en charge TLS 1.2).<\/p>\n<h4>Proc\u00e9dure de Gestion des Changements<\/h4>\n<p>Lors de la mise \u00e0 jour ou de la maintenance r\u00e9guli\u00e8re des services fournis, nous vous informerons \u00e0 l&#8217;avance par e-mail.<\/p>\n<h4>Gestion de la Capacit\u00e9\/Aptitude<\/h4>\n<p>Afin de fournir un service stable, nous surveillons les ressources de chaque serveur et augmentons la capacit\u00e9 si n\u00e9cessaire.<\/p>\n<h4>S\u00e9curit\u00e9 des Op\u00e9rations des Administrateurs d&#8217;Entreprise (CLD.12.1.5)<\/h4>\n<p>La m\u00e9thode d&#8217;op\u00e9ration et l&#8217;op\u00e9ration de r\u00e9glage de s\u00e9curit\u00e9 de Sentio sont expliqu\u00e9es dans le manuel.<br \/>\nDans notre activit\u00e9 d&#8217;exploitation, l&#8217;environnement cloud est g\u00e9r\u00e9 s\u00e9par\u00e9ment pour la mise en sc\u00e8ne et la production, et l&#8217;acc\u00e8s n&#8217;est autoris\u00e9 qu&#8217;\u00e0 un personnel commercial limit\u00e9. L&#8217;acc\u00e8s et les op\u00e9rations effectu\u00e9es sur l&#8217;environnement de production sont stock\u00e9s dans le journal d&#8217;audit. Cette restriction d&#8217;acc\u00e8s est g\u00e9r\u00e9e par IAM de GCP, et l&#8217;inventaire des utilisateurs IAM est r\u00e9guli\u00e8rement effectu\u00e9 et g\u00e9r\u00e9 de mani\u00e8re appropri\u00e9e.<\/p>\n<h4>Sauvegarde des Informations<\/h4>\n<p>La configuration de la base de donn\u00e9es est redondante avec une configuration primaire\/secondaire (constamment synchronis\u00e9e).<br \/>\n\u00c9tant donn\u00e9 que nous ne stockons aucune donn\u00e9e sur les clients, nous ne sauvegardons pas les donn\u00e9es par session.<\/p>\n<h4>Acquisition d\u2019Historiqued&#8217;\u00c9v\u00e9nements<\/h4>\n<p>Sentio ne fournit pas de fonction permettant aux clients d&#8217;acqu\u00e9rir eux-m\u00eames des historiques d&#8217;\u00e9v\u00e9nements, mais nous acqu\u00e9rons et stockons les historiques appropri\u00e9s (pendant 90 jours) n\u00e9cessaires \u00e0 la maintenance et \u00e0 la gestion du service.<br \/>\nSi un incident important se produit et que des informations de l\u2019historique, etc., sont n\u00e9cessaires \u00e0 des fins d&#8217;enqu\u00eate r\u00e9elle, nous m\u00e8nerons une enqu\u00eate \u00e0 partir du journal d&#8217;acc\u00e8s des 90 derniers jours en fonction de la demande du client, veuillez donc contacter <a href=\"mailto:privacy@pocketalk.com\">privacy@pocketalk.com<\/a>.<\/p>\n<h4>Synchronisation de l&#8217;Horloge<\/h4>\n<p>Sentio synchronise l&#8217;heure (UTC) en s&#8217;unifiant avec le serveur NTP interne fourni par GCP.<\/p>\n<h4>Surveillance des Services Cloud (CLD.12.4.5)<\/h4>\n<p>Nous surveillons l&#8217;\u00e9tat des ressources li\u00e9es au syst\u00e8me telles que le CPU, la m\u00e9moire et le taux d&#8217;utilisation du disque.<br \/>\nNous surveillons \u00e9galement le service pour voir si l&#8217;application web Sentio fonctionne normalement.<\/p>\n<h4>Gestion des Vuln\u00e9rabilit\u00e9s Techniques<\/h4>\n<p>Nous collectons des informations sur les vuln\u00e9rabilit\u00e9s, et s&#8217;il devient n\u00e9cessaire de r\u00e9pondre dans le cadre de notre responsabilit\u00e9, nous mettrons en \u0153uvre des contre-mesures lors de la maintenance r\u00e9guli\u00e8re ou d&#8217;urgence.<br \/>\nLes informations de maintenance seront notifi\u00e9es par e-mail.<br \/>\nAfin d&#8217;assurer une s\u00e9curit\u00e9 encore plus grande, nous \u00e9tablissons des exigences de s\u00e9curit\u00e9 au moment de la conception du d\u00e9veloppement, et effectuons non seulement des tests internes mais aussi un diagnostic de vuln\u00e9rabilit\u00e9 et des tests de p\u00e9n\u00e9tration par des organisations tierces avant la publication.<\/p>\n<h4>S\u00e9paration du R\u00e9seau<\/h4>\n<p>L&#8217;acc\u00e8s \u00e0 Sentio se fait via la ligne Internet.<br \/>\nDans notre activit\u00e9 de maintenance et d&#8217;exploitation pour l&#8217;environnement de production, nous g\u00e9rons de mani\u00e8re appropri\u00e9e l&#8217;autorit\u00e9 avec IAM de GCP, et autorisons l&#8217;acc\u00e8s apr\u00e8s demande et approbation. De plus, l&#8217;acc\u00e8s \u00e0 l&#8217;environnement de production et les op\u00e9rations effectu\u00e9es sont g\u00e9r\u00e9s en les stockant sous forme de journaux d&#8217;audit.<\/p>\n<h4>Analyse et Sp\u00e9cification des Exigences de S\u00e9curit\u00e9 de l&#8217;Information<\/h4>\n<p>Nous maintenons et fournissons la s\u00e9curit\u00e9 de l&#8217;information requise par les clients en vertu de la Politique de Base de S\u00e9curit\u00e9 de l&#8217;Information et de la Politique de Base de S\u00e9curit\u00e9 des Services Cloud.<br \/>\nEn tant que sp\u00e9cifications des fonctions de s\u00e9curit\u00e9 de l&#8217;information principalement consid\u00e9r\u00e9es par les clients, ce document d\u00e9crit les \u00e9l\u00e9ments suivants.<\/p>\n<ul>\n<li>Fonction de restriction d&#8217;acc\u00e8s (restriction de l&#8217;acc\u00e8s \u00e0 l&#8217;information, fortification des machines virtuelles)<\/li>\n<li>Fonction de cryptage de communication (politique sur l&#8217;utilisation des mesures de gestion par cryptage)<\/li>\n<li>Fonction de sauvegarde (sauvegarde des informations)<\/li>\n<\/ul>\n<h4>Politique pour un D\u00e9veloppement Soucieux de la S\u00e9curit\u00e9<\/h4>\n<p>En tant que politique de d\u00e9veloppement soucieux de la s\u00e9curit\u00e9, nous abordons les risques et vuln\u00e9rabilit\u00e9s de s\u00e9curit\u00e9 d\u00e8s l&#8217;\u00e9tape de d\u00e9veloppement, et effectuons des diagnostics de vuln\u00e9rabilit\u00e9 et des tests de p\u00e9n\u00e9tration par des tiers au moment de la publication.<\/p>\n<h4>Traitement de la S\u00e9curit\u00e9 dans l&#8217;Accord avec les Fournisseurs<\/h4>\n<p>Les r\u00f4les et responsabilit\u00e9s dans Sentio sont d\u00e9finis dans les Conditions d&#8217;Utilisation et les services sont fournis. Concernant le point de d\u00e9marcation de responsabilit\u00e9 de ce service, veuillez vous r\u00e9f\u00e9rer \u00e0 &#8220;3. R\u00e9partition des Responsabilit\u00e9s entre Pocketalk et les Clients&#8221;.<\/p>\n<h4>Cha\u00eene d&#8217;Approvisionnement TIC<\/h4>\n<p>Nous saisissons le niveau de s\u00e9curit\u00e9 de l&#8217;information du fournisseur de services cloud utilis\u00e9 par notre entreprise, et confirmons qu&#8217;il est conforme \u00e0 notre s\u00e9curit\u00e9 de l&#8217;information.<br \/>\nSentio est exploit\u00e9 avec GCP en tant que fournisseur de services cloud.<br \/>\nPour l&#8217;\u00e9tat de conformit\u00e9 de GCP, veuillez vous r\u00e9f\u00e9rer \u00e0 ce qui suit.<br \/>\n<a href=\"https:\/\/cloud.google.com\/compliance\">https:\/\/cloud.google.com\/compliance<\/a><\/p>\n<h4>Responsabilit\u00e9s et Proc\u00e9dures<\/h4>\n<p>Si un incident de s\u00e9curit\u00e9 (perte de donn\u00e9es, arr\u00eat prolong\u00e9 du syst\u00e8me, etc.) ayant un impact significatif sur les utilisateurs de Sentio se produit, nous vous en informerons par e-mail dans les 72 heures en principe. Pour les questions concernant les incidents de s\u00e9curit\u00e9, veuillez contacter <a href=\"mailto:privacy@pocketalk.com\">privacy@pocketalk.com<\/a>.<\/p>\n<h4>Signalement des \u00c9v\u00e9nements de S\u00e9curit\u00e9 de l&#8217;Information<\/h4>\n<p>Nous informerons les clients par e-mail.<br \/>\nPour les demandes individuelles, veuillez contacter <a href=\"mailto:privacy@pocketalk.com\">privacy@pocketalk.com<\/a>.<\/p>\n<h4>Collecte de Preuves<\/h4>\n<p>Si une demande de divulgation l\u00e9gitime bas\u00e9e sur la loi est faite, telle qu&#8217;une demande de divulgation d&#8217;un tribunal, les donn\u00e9es client peuvent \u00eatre divulgu\u00e9es \u00e0 l&#8217;organisation concern\u00e9e sans le consentement du client. Si un incident important se produit pour le client et que des informations de journal, etc., sont n\u00e9cessaires \u00e0 des fins d&#8217;enqu\u00eate r\u00e9elle, nous m\u00e8nerons une enqu\u00eate \u00e0 partir du journal d&#8217;acc\u00e8s des 90 derniers jours selon la demande du client, veuillez donc contacter <a href=\"mailto:privacy@pocketalk.com\">privacy@pocketalk.com<\/a>.<\/p>\n<h4>Identification des Lois Applicables et des Exigences Contractuelles<\/h4>\n<p>La &#8220;loi applicable&#8221; \u00e0 l&#8217;utilisation de Sentio est la &#8220;loi japonaise&#8221;.<br \/>\nNous nous effor\u00e7ons de nous conformer l\u00e9galement \u00e0 diverses lois et r\u00e9glementations li\u00e9es \u00e0 l&#8217;exploitation de Sentio conform\u00e9ment aux directives de gestion des lois et r\u00e9glementations connexes.<\/p>\n<h4>Droits de Propri\u00e9t\u00e9 Intellectuelle<\/h4>\n<p>Les droits de propri\u00e9t\u00e9 intellectuelle sont d\u00e9finis dans les Conditions d&#8217;Utilisation.<\/p>\n<h4>Protection des Enregistrements<\/h4>\n<p>Pour plus de d\u00e9tails sur la protection des enregistrements, veuillez vous r\u00e9f\u00e9rer \u00e0 &#8220;Acquisition d\u2019Historique d&#8217;\u00c9v\u00e9nements&#8221;.<\/p>\n<h4>R\u00e9glementation sur la Fonction de Cryptage<\/h4>\n<p>Pour l&#8217;utilisation du cryptage, veuillez vous r\u00e9f\u00e9rer \u00e0 &#8220;Politique sur l&#8217;Utilisation des Mesures de Gestion par Cryptage&#8221;.<br \/>\nSentio n&#8217;utilise pas de technologie de cryptage soumise aux r\u00e9glementations d&#8217;exportation.<\/p>\n<h4>Examen Ind\u00e9pendant de la S\u00e9curit\u00e9 de l&#8217;Information<\/h4>\n<p>Nous effectuons des audits internes et des revues de gestion pour maintenir et am\u00e9liorer la s\u00e9curit\u00e9 de l&#8217;information.<\/p>\n<\/section>\n<p>","protected":false},"excerpt":{"rendered":"POCKETALK Sentio White Paper","protected":false},"author":13,"featured_media":0,"parent":0,"menu_order":0,"comment_status":"closed","ping_status":"closed","template":"template-full-skinny.php","meta":{"_acf_changed":false,"footnotes":""},"class_list":["post-5327","page","type-page","status-publish","hentry"],"acf":[],"_links":{"self":[{"href":"https:\/\/pocketalk.com\/fr_fr\/wp-json\/wp\/v2\/pages\/5327","targetHints":{"allow":["GET"]}}],"collection":[{"href":"https:\/\/pocketalk.com\/fr_fr\/wp-json\/wp\/v2\/pages"}],"about":[{"href":"https:\/\/pocketalk.com\/fr_fr\/wp-json\/wp\/v2\/types\/page"}],"author":[{"embeddable":true,"href":"https:\/\/pocketalk.com\/fr_fr\/wp-json\/wp\/v2\/users\/13"}],"replies":[{"embeddable":true,"href":"https:\/\/pocketalk.com\/fr_fr\/wp-json\/wp\/v2\/comments?post=5327"}],"version-history":[{"count":0,"href":"https:\/\/pocketalk.com\/fr_fr\/wp-json\/wp\/v2\/pages\/5327\/revisions"}],"wp:attachment":[{"href":"https:\/\/pocketalk.com\/fr_fr\/wp-json\/wp\/v2\/media?parent=5327"}],"curies":[{"name":"wp","href":"https:\/\/api.w.org\/{rel}","templated":true}]}}