{"id":3835,"date":"2024-03-18T12:31:30","date_gmt":"2024-03-18T20:31:30","guid":{"rendered":"https:\/\/pocketalk.com\/?page_id=3835"},"modified":"2024-10-30T09:55:20","modified_gmt":"2024-10-30T17:55:20","slug":"pocketalks-privacy-promise","status":"publish","type":"page","link":"https:\/\/pocketalk.com\/fr_fr\/pocketalks-privacy-promise","title":{"rendered":"Promesse de confidentialit\u00e9 de Pocketalk"},"content":{"rendered":"<h2><span style=\"color: #262626;\">O\u00f9 chaque mot compte et o\u00f9 l\u2019int\u00e9grit\u00e9 n\u2019a pas de prix<\/span><\/h2>\n<p>La s\u00e9curit\u00e9 est bien plus qu&#039;un simple slogan ou une tendance temporaire, elle est devenue une n\u00e9cessit\u00e9 essentielle, voire impos\u00e9e par le gouvernement. Pocketalk est construit sur des principes fondamentaux o\u00f9 la pr\u00e9cision, la rapidit\u00e9, la convivialit\u00e9 et, surtout, la s\u00e9curit\u00e9 ne sont pas seulement des fonctionnalit\u00e9s mais des promesses. Nous reconnaissons l&#039;importance de la s\u00e9curit\u00e9 des donn\u00e9es et veillons \u00e0 ce que la confidentialit\u00e9 des donn\u00e9es trait\u00e9es par Pocketalk soit prot\u00e9g\u00e9e et, par cons\u00e9quent, la confidentialit\u00e9 des communications de nos utilisateurs soit prot\u00e9g\u00e9e. Notre r\u00f4le est de faciliter les traductions s\u00e9curis\u00e9es, en pr\u00e9servant votre dialogue lorsqu&#039;il franchit les barri\u00e8res linguistiques.<\/p>\n<p>Pocketalk est \u00e0 l&#039;avant-garde des services de traduction s\u00e9curis\u00e9s. La prise en charge de la conformit\u00e9 HIPAA et le respect de normes strictes telles que le RGPD ne sont qu&#039;un d\u00e9but\u00a0; notre conformit\u00e9 aux certifications ISO27017, ISO27001 et \u00e0 d&#039;autres certifications sp\u00e9cifiques \u00e0 l&#039;industrie t\u00e9moigne de l&#039;engagement de notre \u00e9quipe \u00e0 surpasser les r\u00e9f\u00e9rences de l&#039;industrie.<\/p>\n<p>Notre promesse de s\u00e9curit\u00e9 va au-del\u00e0 de nos appareils et services. Nous sommes s\u00e9curis\u00e9s par le biais du produit, de la politique, du processus et de la proc\u00e9dure.<\/p>\n<p><strong>Produit<\/strong><br \/>\nLa s\u00e9curit\u00e9 est la pierre angulaire de toutes nos conceptions de produits. Chaque \u00e9tape, de la conception \u00e0 la fabrication, en passant par la livraison, suit nos crit\u00e8res stricts pour passer des tests de s\u00e9curit\u00e9 rigoureux.<\/p>\n<p><strong>Politique<\/strong><br \/>\nNos politiques internes vont au-del\u00e0 des pratiques standard. La conduite s\u00e9curitaire de nos employ\u00e9s, les protocoles d&#039;acc\u00e8s aux donn\u00e9es et m\u00eame le traitement des r\u00e9sultats de traduction garantissent que chaque point de contact est contr\u00f4l\u00e9 et s\u00e9curis\u00e9.<\/p>\n<p><strong>Processus<\/strong><br \/>\nNos processus op\u00e9rationnels r\u00e9sistent aux tests effectu\u00e9s par des tiers ind\u00e9pendants. Ces audits externes, y compris les tests d&#039;intrusion, servent de sceau de validation pour nos mesures de s\u00e9curit\u00e9.<\/p>\n<p><strong>Proc\u00e9dure<\/strong><br \/>\nLes proc\u00e9dures servent de mod\u00e8le pour g\u00e9rer les processus infaillibles. Nos proc\u00e9dures sont con\u00e7ues pour \u00e9liminer les vuln\u00e9rabilit\u00e9s et \u00e9voluent continuellement pour \u00e9tablir des pr\u00e9c\u00e9dents de s\u00e9curit\u00e9 plus \u00e9lev\u00e9s afin de surpasser les normes de nos entreprises clientes.<\/p>\n<p>Le choix d&#039;une solution de traduction n\u00e9cessite une compr\u00e9hension de l&#039;approche de l&#039;entreprise en mati\u00e8re de s\u00e9curit\u00e9. Tous les services ne sont pas \u00e9gaux et nombre d\u2019entre eux ne garantissent pas une v\u00e9ritable s\u00e9curit\u00e9 au niveau de l\u2019entreprise. Pour Pocketalk, rien n\u2019est plus important que la s\u00e9curit\u00e9.<\/p>\n<p>Pocketalk se distingue en ayant gagn\u00e9 la confiance et la pr\u00e9f\u00e9rence des principaux \u00e9tablissements d&#039;enseignement, des plus grandes entreprises \u00e9nerg\u00e9tiques, des services gouvernementaux, des soci\u00e9t\u00e9s Fortune 100 et des entit\u00e9s nationales de soins de sant\u00e9.<\/p>","protected":false},"excerpt":{"rendered":"Where Every Word Counts and Integrity is Priceless Security is more than buzzwords and temporary trends becoming a pivotal, if not government-mandated, necessity. Pocketalk is built on fundamental principles where precision, speed, user-friendliness, and, above all, security are not just features but promises. We recognize the importance of data security and ensure that the confidentiality&#8230;","protected":false},"author":13,"featured_media":0,"parent":0,"menu_order":0,"comment_status":"closed","ping_status":"closed","template":"template-full-skinny.php","meta":{"_acf_changed":false,"footnotes":""},"class_list":["post-3835","page","type-page","status-publish","hentry"],"acf":[],"_links":{"self":[{"href":"https:\/\/pocketalk.com\/fr_fr\/wp-json\/wp\/v2\/pages\/3835","targetHints":{"allow":["GET"]}}],"collection":[{"href":"https:\/\/pocketalk.com\/fr_fr\/wp-json\/wp\/v2\/pages"}],"about":[{"href":"https:\/\/pocketalk.com\/fr_fr\/wp-json\/wp\/v2\/types\/page"}],"author":[{"embeddable":true,"href":"https:\/\/pocketalk.com\/fr_fr\/wp-json\/wp\/v2\/users\/13"}],"replies":[{"embeddable":true,"href":"https:\/\/pocketalk.com\/fr_fr\/wp-json\/wp\/v2\/comments?post=3835"}],"version-history":[{"count":0,"href":"https:\/\/pocketalk.com\/fr_fr\/wp-json\/wp\/v2\/pages\/3835\/revisions"}],"wp:attachment":[{"href":"https:\/\/pocketalk.com\/fr_fr\/wp-json\/wp\/v2\/media?parent=3835"}],"curies":[{"name":"wp","href":"https:\/\/api.w.org\/{rel}","templated":true}]}}