{"id":182,"date":"2019-12-09T22:24:57","date_gmt":"2019-12-09T22:24:57","guid":{"rendered":"https:\/\/pocketalk.com\/?page_id=182"},"modified":"2026-01-27T13:36:35","modified_gmt":"2026-01-27T18:36:35","slug":"shipping-policy","status":"publish","type":"page","link":"https:\/\/pocketalk.com\/fr_fr\/shipping-policy","title":{"rendered":"Conditions d'exp\u00e9dition"},"content":{"rendered":"<\/p>\n<h3>Prix et modalit\u00e9s de paiement<\/h3>\n<p>Tout prix affich\u00e9 sur la page produit comprend le prix de vente total du produit, y compris la taxe sur la valeur ajout\u00e9e ou la taxe de vente, mais hors frais d&#039;exp\u00e9dition et droits d&#039;importation (le cas \u00e9ch\u00e9ant). Pocketalk indiquera clairement tous les frais d&#039;exp\u00e9dition applicables avant la conclusion du Contrat. Cependant, vous \u00eates seul responsable de d\u00e9terminer si et dans quelle mesure des droits d&#039;importation peuvent s&#039;appliquer au Contrat (ainsi que de leur paiement).<br \/>\nSauf mention contraire dans l'offre de produit, tous les paiements sont dus dans un d\u00e9lai de 14 jours \u00e0 compter du premier jour du d\u00e9lai de r\u00e9tractation, ou dans un d\u00e9lai de 14 jours \u00e0 compter de la conclusion de l'accord si le d\u00e9lai de r\u00e9tractation ne s'applique pas (voir \"Droit de r\u00e9tractation\").<\/p>\n<h3>Livraison<\/h3>\n<p>Pocketalk s&#039;efforcera d&#039;assurer la livraison de tous les produits au plus tard \u00e0 la \u00ab date de livraison pr\u00e9vue \u00bb. Toutefois, cela n\u2019est peut-\u00eatre pas possible dans toutes les circonstances. Ainsi, la \u00ab date de livraison pr\u00e9vue \u00bb n&#039;est pas contraignante et aucun droit ne peut en d\u00e9couler.<br \/>\nSi le produit n&#039;est pas livr\u00e9 dans les 30 jours, vous pouvez l\u00e9galement r\u00e9silier le contrat en en informant Pocketalk via l&#039;un des moyens de communication indiqu\u00e9s sous \u00ab\u00a0Identit\u00e9 du fournisseur\u00a0\u00bb ci-dessus.<\/p>\n<p>Pocketalk garantit que le Produit est conforme \u00e0 sa description indiqu\u00e9e (\u00e0 l&#039;exception des erreurs \u00e9videntes) sur le site europe.pocketalk.net, et qu&#039;il sera exempt de tout d\u00e9faut mat\u00e9riel conform\u00e9ment \u00e0 notre garantie. Veuillez consulter la \u00ab Garantie limit\u00e9e \u00bb (ci-dessous) pour plus d&#039;informations.<\/p>\n<h3>Moyens de paiement<\/h3>\n<p>Voici les moyens de paiement que nous proposons sur notre site :<\/p>\n<ul>\n<li>Visa<\/li>\n<li>MasterCard<\/li>\n<li>American Express<\/li>\n<li>Maestro<\/li>\n<li>Id\u00e9al<\/li>\n<li>Bancontact<\/li>\n<li>Pay Pal<\/li>\n<\/ul>\n<p>","protected":false},"excerpt":{"rendered":"","protected":false},"author":13,"featured_media":0,"parent":0,"menu_order":0,"comment_status":"closed","ping_status":"closed","template":"template-full-skinny.php","meta":{"_acf_changed":false,"footnotes":""},"class_list":["post-182","page","type-page","status-publish","hentry"],"acf":[],"_links":{"self":[{"href":"https:\/\/pocketalk.com\/fr_fr\/wp-json\/wp\/v2\/pages\/182","targetHints":{"allow":["GET"]}}],"collection":[{"href":"https:\/\/pocketalk.com\/fr_fr\/wp-json\/wp\/v2\/pages"}],"about":[{"href":"https:\/\/pocketalk.com\/fr_fr\/wp-json\/wp\/v2\/types\/page"}],"author":[{"embeddable":true,"href":"https:\/\/pocketalk.com\/fr_fr\/wp-json\/wp\/v2\/users\/13"}],"replies":[{"embeddable":true,"href":"https:\/\/pocketalk.com\/fr_fr\/wp-json\/wp\/v2\/comments?post=182"}],"version-history":[{"count":0,"href":"https:\/\/pocketalk.com\/fr_fr\/wp-json\/wp\/v2\/pages\/182\/revisions"}],"wp:attachment":[{"href":"https:\/\/pocketalk.com\/fr_fr\/wp-json\/wp\/v2\/media?parent=182"}],"curies":[{"name":"wp","href":"https:\/\/api.w.org\/{rel}","templated":true}]}}