{"id":175,"date":"2019-12-09T22:16:49","date_gmt":"2019-12-09T22:16:49","guid":{"rendered":"https:\/\/pocketalk.com\/?page_id=175"},"modified":"2024-04-30T11:08:02","modified_gmt":"2024-04-30T19:08:02","slug":"website-terms-of-use","status":"publish","type":"page","link":"https:\/\/pocketalk.com\/fr_fr\/website-terms-of-use","title":{"rendered":"Conditions d&#039;utilisation du site Web"},"content":{"rendered":"<p><em>\u00c0 partir du 1er avril 2024<\/em><\/p>\n<p class=\"translation-block\">Les pr\u00e9sentes conditions d'utilisation (les \u00ab Conditions \u00bb) r\u00e9gissent votre acc\u00e8s et votre utilisation de l'une des propri\u00e9t\u00e9s Internet fournies par Pocketalk Inc. (\u00ab Pocketalk \u00bb, \u00ab nous \u00bb, \u00ab notre \u00bb), y compris le site Web de Pocketalk ( www.pocketalk.com ), notre site Web mobile, les profils d\u00e9tenus ou exploit\u00e9s par Pocketalk sur les sites de m\u00e9dias sociaux et tout autre service ou propri\u00e9t\u00e9 num\u00e9rique exploit\u00e9, utilis\u00e9 ou publi\u00e9 par Pocketalk de temps \u00e0 autre (collectivement, les \u00ab Sites \u00bb). En acc\u00e9dant ou en utilisant les sites, vous reconnaissez avoir lu, compris et accept\u00e9 d'\u00eatre li\u00e9 par ces conditions.<\/p>\n<p><strong>Si vous n'acceptez pas ces Conditions, vous ne pouvez pas acc\u00e9der ou utiliser les Sites.<\/strong><\/p>\n<p><em>Veuillez noter que les conditions applicables \u00e0 l'utilisation de tout appareil Pocketalk (un \"Appareil\") sont distinctes de ces Conditions et vous sont fournies lors de l'achat d'un Appareil.<\/em><\/p>\n<p><strong>1.     \u00c9ligibilit\u00e9<\/strong><\/p>\n<p>En acc\u00e9dant ou en utilisant les Sites, vous nous d\u00e9clarez que vous avez plus de 18 ans (ou l'\u00e2ge de la majorit\u00e9 dans votre juridiction, selon ce qui est le plus \u00e9lev\u00e9) et que vous \u00eates pleinement capable et comp\u00e9tent pour accepter ces Conditions. Si vous utilisez les Sites au nom d'une autre personne ou entit\u00e9, (a) toutes les r\u00e9f\u00e9rences \u00e0 \"vous\" dans ces Conditions incluront cette personne ou entit\u00e9, (b) vous d\u00e9clarez que vous \u00eates autoris\u00e9 \u00e0 accepter ces Conditions au nom de cette personne ou entit\u00e9, et (c) en cas de violation de ces Conditions par vous ou par cette personne ou entit\u00e9, la personne ou l'entit\u00e9 accepte d'\u00eatre responsable envers nous.<\/p>\n<p><strong>2.\u00a0\u00a0\u00a0\u00a0 <\/strong><strong>Modifications de ces Conditions<\/strong><\/p>\n<p>Nous pouvons mettre \u00e0 jour ou modifier ces Conditions de temps \u00e0 autre. Si nous apportons des modifications importantes, nous publierons les Conditions mises \u00e0 jour sur cette page avec une date d'effet \"Derni\u00e8re mise \u00e0 jour\" des r\u00e9visions. Votre utilisation continue des Sites apr\u00e8s une mise \u00e0 jour constituera une acceptation des Conditions mises \u00e0 jour. Si vous n'acceptez pas les Conditions mises \u00e0 jour, vous devez cesser d'utiliser les Sites.<\/p>\n<p><strong>3.\u00a0\u00a0\u00a0\u00a0 <\/strong><strong>Droits de Propri\u00e9t\u00e9 Intellectuelle de Pocketalk et Licence Limit\u00e9e<\/strong><\/p>\n<p>Les Sites, y compris le design, le texte, les graphiques, les images, les donn\u00e9es, les logiciels, le code source et tout autre contenu qu'ils contiennent (ainsi que leur s\u00e9lection, arrangement et pr\u00e9sentation), appartiennent \u00e0 Pocketalk ou \u00e0 nos conc\u00e9dants et sont prot\u00e9g\u00e9s par la loi, y compris la loi sur le droit d'auteur et la loi sur les marques. Sauf indication expresse dans ces Conditions, tous les droits relatifs aux Sites nous sont r\u00e9serv\u00e9s, ainsi qu'\u00e0 nos conc\u00e9dants.<\/p>\n<p>Sous r\u00e9serve de votre conformit\u00e9 \u00e0 ces Conditions, nous vous accordons une licence limit\u00e9e, non exclusive, non transf\u00e9rable, non sublicenciable et r\u00e9vocable pour acc\u00e9der et utiliser les Sites \u00e0 des fins non commerciales et \u00e0 aucune autre fin.<\/p>\n<p><strong>4.\u00a0\u00a0\u00a0\u00a0 <\/strong><strong>Contenu G\u00e9n\u00e9r\u00e9 par l'Utilisateur<\/strong><\/p>\n<p>Les Sites peuvent inclure des fonctionnalit\u00e9s vous permettant de t\u00e9l\u00e9charger des commentaires, des avis ou d'autres contenus (\"Contenu G\u00e9n\u00e9r\u00e9 par l'Utilisateur\"). En contribuant avec du Contenu G\u00e9n\u00e9r\u00e9 par l'Utilisateur sur l'un des Sites, vous comprenez et reconnaissez que ces informations sont accessibles au public et vous accordez par la pr\u00e9sente \u00e0 Pocketalk une licence mondiale, sans redevance, enti\u00e8rement pay\u00e9e, non exclusive, perp\u00e9tuelle, irr\u00e9vocable, transf\u00e9rable et enti\u00e8rement sous-licenciable pour reproduire, distribuer, ex\u00e9cuter et afficher, cr\u00e9er des \u0153uvres d\u00e9riv\u00e9es, adapter, modifier et autrement utiliser et exploiter ce Contenu G\u00e9n\u00e9r\u00e9 par l'Utilisateur \u00e0 toutes fins (y compris des fins promotionnelles, telles que des t\u00e9moignages).<\/p>\n<p>Vous d\u00e9clarez et garantissez que vous poss\u00e9dez tous les droits n\u00e9cessaires pour accorder les licences octroy\u00e9es dans cette section et que votre Contenu G\u00e9n\u00e9r\u00e9 par l'Utilisateur ne viole aucune loi applicable ni aucun droit de tiers.<\/p>\n<p><strong>5.\u00a0\u00a0\u00a0\u00a0 <\/strong><strong>Violation des droits d'auteur <\/strong><\/p>\n<p class=\"translation-block\">Pocketalk suit les proc\u00e9dures du Digital Millennium Copyright Act de 1998 en offrant un recours aux titulaires de droits d'auteur qui estiment que le mat\u00e9riel apparaissant sur Internet viole leurs droits en vertu de la loi am\u00e9ricaine sur le droit d'auteur. Si vous pensez de bonne foi que les \u00e9l\u00e9ments disponibles sur les Sites portent atteinte \u00e0 vos droits d'auteur, vous ou votre agent pouvez envoyer \u00e0 Pocketalk un avis \u00e9crit par courrier ou par e-mail, nous demandant de supprimer ces \u00e9l\u00e9ments ou d'en bloquer l'acc\u00e8s. Voir <a href=\"http:\/\/www.copyright.gov\/\" target=\"_self\">http:\/\/www.copyright.gov<\/a> pour plus de d\u00e9tails. Les avis doivent \u00eatre envoy\u00e9s par \u00e9crit \u00e0\u00a0:<\/p>\n<p>&nbsp;<\/p>\n<p><strong>Pocketalk Inc.<\/strong><br \/>\n445, avenue Sherman, bureau 120<br \/>\nPalo Alto, Californie 94306<br \/>\n\u00c0 l&#039;attention de\u00a0: Mentions l\u00e9gales<br \/>\nCourriel\u00a0: press@pocketalk.com<\/p>\n<p>&nbsp;<\/p>\n<p><strong>6.\u00a0\u00a0\u00a0\u00a0 <\/strong><strong>Votre utilisation des sites<\/strong><\/p>\n<p>Dans votre utilisation des Sites, vous acceptez<\/p>\n<ul>\n<li>utiliser les Sites uniquement de mani\u00e8re licite et uniquement aux fins pr\u00e9vues\u00a0;<\/li>\n<li>ne pas exprimer ou laisser entendre que les d\u00e9clarations que vous faites sont approuv\u00e9es par Pocketalk\u00a0;<\/li>\n<li>ne pas proc\u00e9der \u00e0 une ing\u00e9nierie inverse, d\u00e9sassembler ou tenter de toute autre mani\u00e8re de cr\u00e9er ou de d\u00e9river le code source sous-jacent aux sites\u00a0;<\/li>\n<li>ne pas utiliser ou acc\u00e9der aux Sites pour cr\u00e9er un produit ou un service similaire ou comp\u00e9titif\u00a0;<\/li>\n<li>ne pas tenter de sonder, analyser ou tester la vuln\u00e9rabilit\u00e9 de tout Site ou de violer ou alt\u00e9rer les mesures de s\u00e9curit\u00e9 ou d&#039;authentification des Sites ou de nos syst\u00e8mes\u00a0;<\/li>\n<li>ne pas soumettre de virus ou autres codes malveillants vers ou via les Sites\u00a0;<\/li>\n<li>ne pas soumettre de contenu g\u00e9n\u00e9r\u00e9 par l&#039;utilisateur qui, \u00e0 notre seul jugement, est r\u00e9pr\u00e9hensible ou restreint ou emp\u00eache toute autre personne d&#039;utiliser ou de profiter des sites\u00a0; et<\/li>\n<li>ne pas utiliser les Sites pour transmettre du \u00ab spam \u00bb ou d\u2019autres communications commerciales non autoris\u00e9es.<\/li>\n<\/ul>\n<p><strong>7.\u00a0\u00a0\u00a0\u00a0 <\/strong><strong>Suspension et r\u00e9siliation<\/strong><\/p>\n<p>Nous nous r\u00e9servons le droit (a) de suspendre ou de mettre fin imm\u00e9diatement et sans pr\u00e9avis \u00e0 votre acc\u00e8s ou \u00e0 votre utilisation des sites si nous pensons raisonnablement que vous avez viol\u00e9 les pr\u00e9sentes conditions, (b) de, \u00e0 notre seule discr\u00e9tion, supprimer tout contenu g\u00e9n\u00e9r\u00e9 par l&#039;utilisateur ou tout autre mat\u00e9riel qui enfreint les pr\u00e9sentes Conditions ou est autrement r\u00e9pr\u00e9hensible, et (c) de modifier les Sites ou de suspendre ou d&#039;arr\u00eater de fournir tout ou partie des Sites \u00e0 tout moment. Vous avez \u00e9galement le droit de cesser d&#039;utiliser les Sites \u00e0 tout moment. Nous ne sommes pas responsables de toute perte ou pr\u00e9judice li\u00e9 \u00e0 votre incapacit\u00e9 \u00e0 acc\u00e9der ou \u00e0 utiliser les Sites.<\/p>\n<p><strong>8.\u00a0\u00a0\u00a0\u00a0 <\/strong><strong>Confidentialit\u00e9<\/strong><\/p>\n<p class=\"translation-block\">Notre collecte et notre utilisation de vos informations personnelles via les Sites sont d\u00e9crites dans notre <a href=\"https:\/\/pocketalk.com\/fr_fr\/privacy-policy\/\" target=\"_self\">Confidentialit\u00e9 <\/a><a href=\"https:\/\/pocketalk.com\/fr_fr\/privacy-policy\/\" target=\"_self\">Politique<\/a>. En acc\u00e9dant ou en utilisant les Sites, vous reconnaissez avoir lu et compris la <a href=\"https:\/\/pocketalk.com\/fr_fr\/privacy-policy\/\" target=\"_self\">Politique de confidentialit\u00e9<\/a>, telle que mise \u00e0 jour. de temps en temps.<\/p>\n<p><strong>9.\u00a0\u00a0\u00a0\u00a0 <\/strong><strong>Indemnit\u00e9<\/strong><\/p>\n<p>Vous acceptez d&#039;indemniser, de d\u00e9fendre et de d\u00e9gager Pocketalk et sa soci\u00e9t\u00e9 m\u00e8re, ses soci\u00e9t\u00e9s affili\u00e9es, ses dirigeants, ses administrateurs, ses agents et ses employ\u00e9s de toute r\u00e9clamation, responsabilit\u00e9, dommage, jugement, r\u00e9compense, perte, co\u00fbt, d\u00e9pense et honoraire (y compris les frais d&#039;avocat). frais) d\u00e9coulant de ou li\u00e9s \u00e0 votre acc\u00e8s, \u00e0 votre utilisation ou \u00e0 vos activit\u00e9s en relation avec les Sites.<\/p>\n<p><strong>10.\u00a0 <\/strong><strong>Clause de non-responsabilit\u00e9<\/strong><\/p>\n<p>LES SITES SONT FOURNIS \u00ab TELS QUELS \u00bb ET \u00ab SELON LA DISPONIBILIT\u00c9 \u00bb, SANS AUCUNE GARANTIE D&#039;AUCUNE SORTE, ET POCKETALK D\u00c9CLINE EXPRESS\u00c9MENT TOUTE GARANTIE, EXPRESSE OU IMPLICITE, CONCERNANT LES SITES, DANS TOUTE LA MESURE PERMISE PAR LA LOI APPLICABLE. , Y COMPRIS LES GARANTIES DE QUALIT\u00c9 MARCHANDE, D&#039;ADAPTATION \u00c0 UN USAGE PARTICULIER, DE NON-VIOLATION ET DE TITRE, ET LES GARANTIES D\u00c9COULANT DU COURS D&#039;EX\u00c9CUTION, DU COURS DE COMMERCE OU DE L&#039;UTILISATION OU DU COMMERCE.<\/p>\n<p>Bien que nous essayions de maintenir l&#039;actualit\u00e9, l&#039;int\u00e9grit\u00e9 et la s\u00e9curit\u00e9 des Sites, nous ne garantissons pas que les Sites sont ou resteront \u00e0 jour, complets, corrects ou s\u00e9curis\u00e9s, ou que l&#039;acc\u00e8s aux Sites sera ininterrompu. Nous pouvons \u00eatre amen\u00e9s \u00e0 effectuer une maintenance sur les Sites de temps \u00e0 autre, ce qui peut entra\u00eener des interruptions temporaires de leur disponibilit\u00e9. Les Sites peuvent contenir des inexactitudes ou des erreurs. Vous assumez l&#039;int\u00e9gralit\u00e9 des risques quant \u00e0 la qualit\u00e9 et aux performances des Sites.<\/p>\n<p><strong>11.\u00a0 <\/strong><strong>Limitation de responsabilit\u00e9 <\/strong><\/p>\n<p>POCKETALK NE SERA PAS RESPONSABLE DES DOMMAGES INDIRECTS, ACCESSOIRES, CONS\u00c9CUTIFS, SP\u00c9CIAUX, EXEMPLAIRES OU PUNITIFS DE TOUTE SORTE, EN VERTU DE TOUT CONTRAT, D\u00c9LIT (Y COMPRIS LA N\u00c9GLIGENCE), DE RESPONSABILIT\u00c9 STRICTE OU AUTRE TH\u00c9ORIE, Y COMPRIS LES DOMMAGES POUR PERTE DE PROFITS, UTILISATION DE DONN\u00c9ES, PERTE D&#039;AUTRES MAT\u00c9RIAUX INCORPORELS OU PERTE DE S\u00c9CURIT\u00c9 DES MAT\u00c9RIAUX SOUMIS (Y COMPRIS L&#039;INTERCEPTION NON AUTORIS\u00c9E PAR DES TIERS DE TOUT MAT\u00c9RIEL SOUMIS), M\u00caME SI AVIS\u00c9 \u00c0 L&#039;AVANCE DE LA POSSIBILIT\u00c9 DE TELS DOMMAGES OU PERTES. SANS LIMITER CE QUI PR\u00c9C\u00c8DE, POCKETALK NE SERA PAS RESPONSABLE DES DOMMAGES DE QUELQUE SORTE R\u00c9SULTANT DE VOTRE UTILISATION OU DE VOTRE INCAPACIT\u00c9 \u00c0 UTILISER LES SITES OU DE TOUT MAT\u00c9RIEL TIERS, Y COMPRIS DE TOUT VIRUS POUVANT \u00caTRE TRANSMIS EN RELATION AVEC CEUX-CI. VOTRE SEUL ET UNIQUE RECOURS EN CAS D&#039;INSATISFACTION CONCERNANT LES SITES EST DE CESSER DE LES UTILISER. LA RESPONSABILIT\u00c9 GLOBALE MAXIMALE DE POCKETALK POUR TOUS LES DOMMAGES, PERTES ET CAUSES D&#039;ACTION, QUE CE SOIT PAR CONTRAT, D\u00c9LIT (Y COMPRIS LA N\u00c9GLIGENCE) OU AUTRE, SERA DE $50.<\/p>\n<p>La loi applicable peut ne pas autoriser de limitations sur certaines garanties implicites, ou des exclusions ou limitations de certains dommages, et tout ou partie des exclusions, exclusions ou limitations ci-dessus peuvent ne pas s&#039;appliquer \u00e0 vous.<\/p>\n<p><strong>12.\u00a0 <\/strong><strong>Contenu tiers<\/strong><\/p>\n<p>Les Sites peuvent mettre \u00e0 disposition ou fournir des liens vers des sites Web, du contenu ou des informations de tiers (\u00ab Contenu tiers \u00bb). Pocketalk ne contr\u00f4le pas et n&#039;est pas responsable de tout contenu tiers, et la disponibilit\u00e9 de tout contenu tiers via les sites n&#039;implique pas l&#039;approbation ou l&#039;affiliation avec le fournisseur de ce contenu tiers. Votre utilisation du contenu tiers est \u00e0 vos propres risques.<\/p>\n<p><strong>13.\u00a0 <\/strong><strong>Loi applicable et juridiction<\/strong><\/p>\n<p>Les pr\u00e9sentes Conditions seront interpr\u00e9t\u00e9es conform\u00e9ment aux lois de l&#039;\u00c9tat de Washington, sans r\u00e9f\u00e9rence \u00e0 ses dispositions en mati\u00e8re de conflits de lois, et les obligations, droits et recours des Parties en vertu des pr\u00e9sentes seront d\u00e9termin\u00e9s conform\u00e9ment \u00e0 ces lois. Les parties acceptent la comp\u00e9tence exclusive des tribunaux \u00e9tatiques et f\u00e9d\u00e9raux situ\u00e9s en Californie.<\/p>\n<p><strong>14.\u00a0 <\/strong><strong>Dispositions g\u00e9n\u00e9rales<\/strong><\/p>\n<p>Si une disposition des pr\u00e9sentes Conditions est jug\u00e9e invalide ou inapplicable, cette disposition sera limit\u00e9e ou supprim\u00e9e dans la mesure minimale n\u00e9cessaire afin que ces Conditions restent par ailleurs pleinement en vigueur et ex\u00e9cutoires. Aucune renonciation \u00e0 une disposition des pr\u00e9sentes ne sera effective \u00e0 moins d&#039;\u00eatre faite par \u00e9crit et sign\u00e9e par la partie renon\u00e7ante. Notre incapacit\u00e9 \u00e0 exercer ou \u00e0 appliquer un droit ou une disposition des pr\u00e9sentes Conditions ne constituera pas une renonciation \u00e0 ce droit ou \u00e0 cette disposition. Les titres des sections des pr\u00e9sentes Conditions sont uniquement destin\u00e9s \u00e0 des fins de commodit\u00e9 et n&#039;ont aucun effet juridique ou contractuel. Les indemnit\u00e9s, repr\u00e9sentations et garanties respectives, ainsi que nos droits en vertu des pr\u00e9sentes Conditions, survivront \u00e0 toute r\u00e9siliation des pr\u00e9sentes Conditions. Dans la mesure du possible en vertu de la loi locale applicable, les pr\u00e9sentes Conditions lieront et s&#039;appliqueront au b\u00e9n\u00e9fice des repr\u00e9sentants l\u00e9gaux, successeurs et ayants droit des parties aux pr\u00e9sentes.<\/p>\n<p>&nbsp;<\/p>","protected":false},"excerpt":{"rendered":"As of April 1, 2024 These Terms of Use (the \u201cTerms\u201d) govern your access to and use of any of the internet properties provided by Pocketalk Inc. (\u201cPocketalk,\u201d \u201cwe,\u201d \u201cus,\u201d \u201cour\u201d), including the Pocketalk website (www.pocketalk.com), our mobile website, Pocketalk-owned or operated profiles on social media sites, and any other digital services or properties operated,&#8230;","protected":false},"author":13,"featured_media":0,"parent":0,"menu_order":0,"comment_status":"closed","ping_status":"closed","template":"template-full-skinny.php","meta":{"_acf_changed":false,"footnotes":""},"class_list":["post-175","page","type-page","status-publish","hentry"],"acf":[],"_links":{"self":[{"href":"https:\/\/pocketalk.com\/fr_fr\/wp-json\/wp\/v2\/pages\/175","targetHints":{"allow":["GET"]}}],"collection":[{"href":"https:\/\/pocketalk.com\/fr_fr\/wp-json\/wp\/v2\/pages"}],"about":[{"href":"https:\/\/pocketalk.com\/fr_fr\/wp-json\/wp\/v2\/types\/page"}],"author":[{"embeddable":true,"href":"https:\/\/pocketalk.com\/fr_fr\/wp-json\/wp\/v2\/users\/13"}],"replies":[{"embeddable":true,"href":"https:\/\/pocketalk.com\/fr_fr\/wp-json\/wp\/v2\/comments?post=175"}],"version-history":[{"count":0,"href":"https:\/\/pocketalk.com\/fr_fr\/wp-json\/wp\/v2\/pages\/175\/revisions"}],"wp:attachment":[{"href":"https:\/\/pocketalk.com\/fr_fr\/wp-json\/wp\/v2\/media?parent=175"}],"curies":[{"name":"wp","href":"https:\/\/api.w.org\/{rel}","templated":true}]}}