{"id":1163,"date":"2021-01-06T17:13:56","date_gmt":"2021-01-06T17:13:56","guid":{"rendered":"https:\/\/pocketalk.com\/?page_id=1163"},"modified":"2024-11-18T06:55:42","modified_gmt":"2024-11-18T14:55:42","slug":"compare","status":"publish","type":"page","link":"https:\/\/pocketalk.com\/fr_fr\/compare","title":{"rendered":"Comparer"},"content":{"rendered":"<div class=\"pt-table-container\">\n<table class=\"pt-table\">\n<tbody>\n<tr>\n<th>Caract\u00e9ristiques<\/th>\n<th><img decoding=\"async\" src=\"\/wp-content\/uploads\/2021\/01\/pocketalk-s-compare.png\" alt=\"Pocketalk S in white, black, and gold.\" \/>Pocketalk S<\/th>\n<th><img decoding=\"async\" src=\"\/wp-content\/uploads\/2021\/01\/pocketalk-plus-compare.png\" alt=\"Pocketalk S Plus in white.\" \/>Pocketalk Plus<\/th>\n<\/tr>\n<tr class=\"hide-mobile\">\n<td><\/td>\n<td>Taille compacte avec un \u00e9cran tactile HD plus grand, \u00e9quip\u00e9 d'une cam\u00e9ra de traduction de texte et d'un bouton unique facile \u00e0 utiliser.<\/td>\n<td>Le plus grand \u00e9cran tactile HD con\u00e7u pour \u00eatre vu \u00e0 1,80 m, avec un appareil photo permettant de traduire du texte, une plus longue dur\u00e9e de vie de la batterie et un bouton unique facile \u00e0 utiliser.<\/td>\n<\/tr>\n<tr>\n<td>Options de couleurs<\/td>\n<td>\n<div class=\"pt-color pt-color--white\"><\/div>\n<div class=\"pt-color pt-color--gold\"><\/div>\n<div class=\"pt-color pt-color--black\"><\/div>\n<\/td>\n<td>\n<div class=\"pt-color pt-color--white\"><\/div>\n<\/td>\n<\/tr>\n<tr>\n<td>84 Traduction linguistique <sup>1<\/sup><\/td>\n<td><\/td>\n<td><\/td>\n<\/tr>\n<tr>\n<td>Forfait de donn\u00e9es gratuit de 2 ans <sup>2<\/sup><\/td>\n<td><\/td>\n<td><\/td>\n<\/tr>\n<tr>\n<td>Traduction des images<\/td>\n<td><\/td>\n<td><\/td>\n<\/tr>\n<tr>\n<td>Tama\u00f1o de la pantalla<\/td>\n<td>6.858 cm<\/td>\n<td>9.906 cm<\/td>\n<\/tr>\n<tr>\n<td>Poids<\/td>\n<td>75g<\/td>\n<td>125g<\/td>\n<\/tr>\n<tr>\n<td>Vie de la batterie <sup>3<\/sup><\/td>\n<td>jusqu'\u00e0 132 heures<\/td>\n<td>jusqu'\u00e0 192 heures<\/td>\n<\/tr>\n<tr>\n<td>Caract\u00e9ristiques compl\u00e9mentaires<\/td>\n<td colspan=\"2\">Acc\u00e8s au Centre Pocketalk<br \/>\n\u00c9cran de verrouillage par code PIN<br \/>\nSuppression automatique de l'historique<br \/>\nConversion des devises en temps r\u00e9el<br \/>\nAffichage de l'heure locale<\/td>\n<\/tr>\n<tr>\n<td>Prix<\/td>\n<td><strong>$249<\/strong><\/td>\n<td><strong>$299<\/strong><\/td>\n<\/tr>\n<\/tbody>\n<\/table>\n<p style=\"margin-top: 40px;\"><sup>1<\/sup> Liste compl\u00e8te des langues sur <a style=\"text-decoration: underline;\" href=\"\/fr_fr\/languages-countries\/\">pocketalk.com\/langues-pays<\/a><\/p>\n<p><sup>2<\/sup> Prend en charge plus de 130 pays et r\u00e9gions.<\/p>\n<p><sup>3<\/sup> Calcul\u00e9 comme temps de veille continu.<\/p>\n<\/div>\n<div class=\"pt-table-container --competitor\">\n<h2 style=\"text-align: center;\">Competitor Overview<\/h2>\n<table class=\"pt-table\">\n<tbody>\n<tr>\n<th>Competitor<\/th>\n<th>Produit<\/th>\n<th>Cost<\/th>\n<th>2-Way<\/th>\n<th>Langues<\/th>\n<th>LTE Length<\/th>\n<th>Camera<\/th>\n<th>HIPAA\/GDPR<br \/>\nCompliant<\/th>\n<th>Dashboard<\/th>\n<th>Other products<\/th>\n<\/tr>\n<tr>\n<td><img decoding=\"async\" src=\"\/wp-content\/uploads\/2023\/11\/compare-competitor-pt.webp\" alt=\"Pocketalk Devices together.\" \/><br \/>\nDiscussion de poche<\/td>\n<td>Appareil<\/td>\n<td>$249, $299<\/td>\n<td><\/td>\n<td>92+<\/td>\n<td>2-yr data plan<\/td>\n<td><\/td>\n<td>HIPAA\/GDPR<\/td>\n<td><\/td>\n<td>Conference, video, live translations<\/td>\n<\/tr>\n<tr>\n<td><img decoding=\"async\" src=\"\/wp-content\/uploads\/2023\/11\/compare-competitor-timekettle.webp\" alt=\"Timekettle product.\" \/><br \/>\nTimekettle<\/td>\n<td>Ear bud, device<\/td>\n<td>$299<\/td>\n<td><\/td>\n<td>40<\/td>\n<td>2-yr data plan<\/td>\n<td><\/td>\n<td><\/td>\n<td><\/td>\n<td>Live translation, video\/audio transcription<\/td>\n<\/tr>\n<tr>\n<td><img decoding=\"async\" src=\"\/wp-content\/uploads\/2023\/11\/compare-competitor-vasco.webp\" alt=\"Vasco product.\" \/><br \/>\nVasco<\/td>\n<td>Appareil<\/td>\n<td>$349<\/td>\n<td><\/td>\n<td>70<\/td>\n<td>Lifetime<\/td>\n<td><\/td>\n<td><\/td>\n<td><\/td>\n<td><\/td>\n<\/tr>\n<tr>\n<td><img decoding=\"async\" src=\"\/wp-content\/uploads\/2023\/11\/compare-competitor-enence.webp\" alt=\"Enence product.\" \/><br \/>\nEnence<\/td>\n<td>Appareil<\/td>\n<td>$179<\/td>\n<td><\/td>\n<td>36<\/td>\n<td><\/td>\n<td><\/td>\n<td><\/td>\n<td><\/td>\n<td><\/td>\n<\/tr>\n<tr>\n<td><img decoding=\"async\" src=\"\/wp-content\/uploads\/2023\/11\/compare-competitor-anfier.webp\" alt=\"ANFIER product.\" \/><br \/>\nANFIER<\/td>\n<td>Appareil<\/td>\n<td>$149<\/td>\n<td><\/td>\n<td>74<\/td>\n<td>Unkown<\/td>\n<td><\/td>\n<td><\/td>\n<td><\/td>\n<td><\/td>\n<\/tr>\n<tr>\n<td><img decoding=\"async\" src=\"\/wp-content\/uploads\/2023\/11\/compore-competitor-jarvisen.webp\" alt=\"Jarvisen product.\" \/><br \/>\nJarvisen<\/td>\n<td>Appareil<\/td>\n<td>$499<\/td>\n<td><\/td>\n<td>108<\/td>\n<td>2-yr data plan<\/td>\n<td><\/td>\n<td><\/td>\n<td><\/td>\n<td><\/td>\n<\/tr>\n<tr>\n<td><img decoding=\"async\" src=\"\/wp-content\/uploads\/2023\/11\/compare-competitor-vavus.webp\" alt=\"Vavus product.\" \/><br \/>\nVavus<\/td>\n<td>Appareil<\/td>\n<td>$157<\/td>\n<td><\/td>\n<td>109 (includes dialects)<\/td>\n<td>2-yr data plan<\/td>\n<td><\/td>\n<td><\/td>\n<td><\/td>\n<td><\/td>\n<\/tr>\n<tr>\n<td><img decoding=\"async\" class=\"cc__app-icon\" src=\"\/wp-content\/uploads\/2023\/11\/compare-competitor-sayhi.webp\" alt=\"SayHi software home screen.\" \/><br \/>\nSayHi<\/td>\n<td>App<\/td>\n<td>Free<\/td>\n<td><\/td>\n<td>101 (includes dialects)<\/td>\n<td>N\/A<\/td>\n<td>N\/A<\/td>\n<td><\/td>\n<td><\/td>\n<td><\/td>\n<\/tr>\n<tr>\n<td><img decoding=\"async\" class=\"cc__app-icon\" src=\"\/wp-content\/uploads\/2023\/11\/compare-competitor-iTranslate.webp\" alt=\"iTranslate software splash screen.\" \/><br \/>\niTranslate<\/td>\n<td>App<\/td>\n<td>Free<\/td>\n<td><\/td>\n<td>100+<\/td>\n<td>N\/A<\/td>\n<td>N\/A<\/td>\n<td>Option available for business app<\/td>\n<td><\/td>\n<td><\/td>\n<\/tr>\n<tr>\n<td><img decoding=\"async\" class=\"cc__app-icon\" src=\"\/wp-content\/uploads\/2023\/11\/compare-competitor-google-translate.webp\" alt=\"Google Translate Logomark.\" \/><br \/>\nGoogle Translate<\/td>\n<td>App<\/td>\n<td>Free<\/td>\n<td><\/td>\n<td>133 (1-way), 32 (2-way)<\/td>\n<td>N\/A<\/td>\n<td>N\/A<\/td>\n<td><\/td>\n<td><\/td>\n<td><\/td>\n<\/tr>\n<\/tbody>\n<\/table>\n<\/div>","protected":false},"excerpt":{"rendered":"Features Pocketalk S Pocketalk Plus Compact size with a larger HD touchscreen, equipped with a text-to-translate camera &amp; easy to use single button Largest HD touchscreen designed to be viewed at 6 ft., with a text-to-translate camera and longer battery life &amp; fuss-free single button Color Options 84 Language Translation 1 Complimentary 2 year data&#8230;","protected":false},"author":13,"featured_media":0,"parent":0,"menu_order":0,"comment_status":"closed","ping_status":"closed","template":"template-b2b-case-study.php","meta":{"_acf_changed":false,"footnotes":""},"class_list":["post-1163","page","type-page","status-publish","hentry"],"acf":[],"_links":{"self":[{"href":"https:\/\/pocketalk.com\/fr_fr\/wp-json\/wp\/v2\/pages\/1163","targetHints":{"allow":["GET"]}}],"collection":[{"href":"https:\/\/pocketalk.com\/fr_fr\/wp-json\/wp\/v2\/pages"}],"about":[{"href":"https:\/\/pocketalk.com\/fr_fr\/wp-json\/wp\/v2\/types\/page"}],"author":[{"embeddable":true,"href":"https:\/\/pocketalk.com\/fr_fr\/wp-json\/wp\/v2\/users\/13"}],"replies":[{"embeddable":true,"href":"https:\/\/pocketalk.com\/fr_fr\/wp-json\/wp\/v2\/comments?post=1163"}],"version-history":[{"count":0,"href":"https:\/\/pocketalk.com\/fr_fr\/wp-json\/wp\/v2\/pages\/1163\/revisions"}],"wp:attachment":[{"href":"https:\/\/pocketalk.com\/fr_fr\/wp-json\/wp\/v2\/media?parent=1163"}],"curies":[{"name":"wp","href":"https:\/\/api.w.org\/{rel}","templated":true}]}}