{"id":692,"date":"2020-05-05T16:36:48","date_gmt":"2020-05-05T16:36:48","guid":{"rendered":"https:\/\/pocketalk.com\/?page_id=692"},"modified":"2021-11-29T23:34:18","modified_gmt":"2021-11-29T23:34:18","slug":"exclusive-discounts","status":"publish","type":"page","link":"https:\/\/pocketalk.com\/es_es\/exclusive-discounts","title":{"rendered":"Descuentos exclusivos"},"content":{"rendered":"<h2>\u00a1Gracias, nuestros h\u00e9roes cotidianos!<\/h2>\n<p>Sabemos que dedicas tu vida a ayudar, salvar y educar a los dem\u00e1s. Para mostrar nuestro agradecimiento, nos gustar\u00eda extender una oferta exclusiva de descuento de 50 euros en nuestro nuevo modelo de <strong>$50 OFF<a href=\"https:\/\/pocketalk.com\/es_es\/product\/pocketalk-plus\/\">\u00a0Pocketalk Plus<\/a>*.<\/strong><\/p>\n<p>Pocketalk es un traductor de mano que puede traducir 82 idiomas, lo que permite una mejor comunicaci\u00f3n cuando el tiempo es esencial y el idioma es una barrera. Pocketalk permitir\u00e1 la comunicaci\u00f3n con aproximadamente el 90% de la poblaci\u00f3n mundial.<\/p>\n<p>Con dos grandes modelos para elegir, estamos seguros de que cualquiera de ellos podr\u00e1 satisfacer sus necesidades.<\/p>\n<p>Caracter\u00edsticas de Pocketalk:<\/p>\n<ul>\n<li>Translate up to 82 different languages<\/li>\n<li>Un plan de datos m\u00f3viles gratuitos e ilimitados de 2 a\u00f1os que proporciona cobertura cuando est\u00e1 fuera de la se\u00f1al de Wi-Fi.<\/li>\n<li>Experiencia de usuario r\u00e1pida e intuitiva<\/li>\n<li>C\u00e1mara de traducci\u00f3n de texto para documentos escritos u otras im\u00e1genes<\/li>\n<li>Dual noise-canceling microphones and two loudspeakers<\/li>\n<\/ul>\n<p>Tambi\u00e9n ofrecemos compras al por mayor, as\u00ed que por favor env\u00edenos un correo electr\u00f3nico a <a href=\"mailto:bizdev-us@sourcenext.com\"><strong>bizdev-us@sourcenext.com<\/strong><\/a><\/p>\n<p>*this does not apply to bundles and does not stack with other discounts or offers.<\/p>\n<p style=\"text-align: center;\"><a href=\"https:\/\/auth.govx.com\/shopify\/verify?shop=pocketalk.myshopify.com&amp;utm_source=shopify&amp;utm_medium=govxid&amp;utm_campaign=custom_link\">To verify with GovX:<\/a><\/p>\n<p style=\"text-align: center;\"><a href=\"https:\/\/auth.govx.com\/shopify\/verify?shop=pocketalk.myshopify.com&amp;utm_source=shopify&amp;utm_medium=govxid&amp;utm_campaign=custom_link\"><img loading=\"lazy\" decoding=\"async\" class=\"aligncenter wp-image-1609 size-medium\" src=\"https:\/\/pocketalk.com\/wp-content\/uploads\/2021\/04\/Untitled-2-300x52.png\" alt=\"\" width=\"300\" height=\"52\" srcset=\"https:\/\/pocketalk.com\/wp-content\/uploads\/2021\/04\/Untitled-2-300x52.png 300w, https:\/\/pocketalk.com\/wp-content\/uploads\/2021\/04\/Untitled-2-18x3.png 18w, https:\/\/pocketalk.com\/wp-content\/uploads\/2021\/04\/Untitled-2-120x21.png 120w, https:\/\/pocketalk.com\/wp-content\/uploads\/2021\/04\/Untitled-2-64x11.png 64w, https:\/\/pocketalk.com\/wp-content\/uploads\/2021\/04\/Untitled-2-40x7.png 40w, https:\/\/pocketalk.com\/wp-content\/uploads\/2021\/04\/Untitled-2.png 622w\" sizes=\"auto, (max-width: 300px) 100vw, 300px\" \/><\/a><a href=\"https:\/\/www.govx.com\/t\/govx-id\"><u>What&#8217;s GovX ID?<\/u><\/a><\/p>\n<p>&nbsp;<\/p>\n<p style=\"text-align: center;\">To verify with VerifyPlus:<\/p>\n<p><script src=\"https:\/\/cdn.verifypass.com\/seller\/embed\/load.js\" id=\"vfyps_widget\" data-key=\"e9eae0f16\" data-show-all=\"true\"><\/script><\/p>","protected":false},"excerpt":{"rendered":"Thank you, our everyday heroes! We know you dedicate your life to helping, saving, and educating others. To show our appreciation, we would like to extend an exclusive discount offer of $50 OFF\u00a0Pocketalk Plus*. Pocketalk is a hand-held translator that can translate 82 languages enabling better communication when time is of the essence and language&#8230;","protected":false},"author":3,"featured_media":0,"parent":0,"menu_order":0,"comment_status":"closed","ping_status":"closed","template":"template-full-skinny.php","meta":{"_acf_changed":false,"footnotes":""},"class_list":["post-692","page","type-page","status-publish","hentry"],"acf":[],"_links":{"self":[{"href":"https:\/\/pocketalk.com\/es_es\/wp-json\/wp\/v2\/pages\/692","targetHints":{"allow":["GET"]}}],"collection":[{"href":"https:\/\/pocketalk.com\/es_es\/wp-json\/wp\/v2\/pages"}],"about":[{"href":"https:\/\/pocketalk.com\/es_es\/wp-json\/wp\/v2\/types\/page"}],"author":[{"embeddable":true,"href":"https:\/\/pocketalk.com\/es_es\/wp-json\/wp\/v2\/users\/3"}],"replies":[{"embeddable":true,"href":"https:\/\/pocketalk.com\/es_es\/wp-json\/wp\/v2\/comments?post=692"}],"version-history":[{"count":0,"href":"https:\/\/pocketalk.com\/es_es\/wp-json\/wp\/v2\/pages\/692\/revisions"}],"wp:attachment":[{"href":"https:\/\/pocketalk.com\/es_es\/wp-json\/wp\/v2\/media?parent=692"}],"curies":[{"name":"wp","href":"https:\/\/api.w.org\/{rel}","templated":true}]}}