{"id":670,"date":"2020-04-02T19:35:25","date_gmt":"2020-04-02T19:35:25","guid":{"rendered":"https:\/\/pocketalk.com\/?page_id=670"},"modified":"2020-05-05T18:00:46","modified_gmt":"2020-05-05T18:00:46","slug":"relief","status":"publish","type":"page","link":"https:\/\/pocketalk.com\/es_es\/relief","title":{"rendered":"Unidades de alivio Pocketalk"},"content":{"rendered":"<h4><strong>PROGRAMA CERRADO<\/strong><\/h4>\n<p><span style=\"font-weight: 400;\">Debido a la abrumadora respuesta al programa de ayuda, hemos puesto 250 unidades adicionales a disposici\u00f3n de las comunidades m\u00e9dicas y de primeros auxilios m\u00e1s all\u00e1 de nuestro compromiso inicial. En s\u00f3lo tres semanas, el programa suscit\u00f3 un gran inter\u00e9s en todos los rincones de EE.UU. y ya se han donado m\u00e1s de 850 Pocketalks a los siguientes pa\u00edses<\/span><span style=\"font-weight: 400;\"> 41 estados. El Programa de Ayuda est\u00e1 actualmente cerrado y no acepta m\u00e1s solicitudes de donaci\u00f3n. Estamos ofreciendo precios significativamente reducidos a aquellos en primera l\u00ednea que todav\u00eda est\u00e9n interesados en recibir dispositivos. P\u00f3ngase en contacto con <span style=\"text-decoration: underline;\">bizdev-us@sourcenext.com<\/span> para compras al por mayor o reciba c\u00f3digos de descuento individuales aqu\u00ed: <span style=\"text-decoration: underline;\"><a href=\"https:\/\/pocketalk.com\/es_es\/exclusive-discounts\/\">www.pocketalk.net\/exclusive-discounts<\/a><\/span><\/span><span style=\"font-weight: 400;\">\u00a0<\/span><\/p>\n<p>Nuestro equipo se pondr\u00e1 en contacto con usted en un plazo de 1 a 2 d\u00edas laborables. Si no recibes respuesta, comprueba tu carpeta de correo no deseado.<\/p>\n<p><iframe loading=\"lazy\" title=\"Pocketalk Classic (ingl\u00e9s y espa\u00f1ol) - M\u00e9dico\" width=\"900\" height=\"675\" src=\"https:\/\/www.youtube.com\/embed\/SKr6zZHYJF0?feature=oembed\" frameborder=\"0\" allow=\"accelerometer; autoplay; encrypted-media; gyroscope; picture-in-picture\" allowfullscreen><\/iframe><\/p>\n<p><img loading=\"lazy\" decoding=\"async\" class=\"alignnone wp-image-676\" src=\"https:\/\/pocketalk.com\/wp-content\/uploads\/2020\/04\/Language-list-hero-no-camera-300x158.png\" alt=\"\" width=\"714\" height=\"376\" srcset=\"https:\/\/pocketalk.com\/wp-content\/uploads\/2020\/04\/Language-list-hero-no-camera-300x158.png 300w, https:\/\/pocketalk.com\/wp-content\/uploads\/2020\/04\/Language-list-hero-no-camera-768x405.png 768w, https:\/\/pocketalk.com\/wp-content\/uploads\/2020\/04\/Language-list-hero-no-camera-1024x540.png 1024w, https:\/\/pocketalk.com\/wp-content\/uploads\/2020\/04\/Language-list-hero-no-camera-1536x810.png 1536w, https:\/\/pocketalk.com\/wp-content\/uploads\/2020\/04\/Language-list-hero-no-camera-2048x1080.png 2048w, https:\/\/pocketalk.com\/wp-content\/uploads\/2020\/04\/Language-list-hero-no-camera-1920x1013.png 1920w, https:\/\/pocketalk.com\/wp-content\/uploads\/2020\/04\/Language-list-hero-no-camera-120x63.png 120w, https:\/\/pocketalk.com\/wp-content\/uploads\/2020\/04\/Language-list-hero-no-camera-64x34.png 64w, https:\/\/pocketalk.com\/wp-content\/uploads\/2020\/04\/Language-list-hero-no-camera-40x21.png 40w\" sizes=\"auto, (max-width: 714px) 100vw, 714px\" \/><\/p>\n<p>Para consultar la lista completa de idiomas:<span style=\"text-decoration: underline;\"> <a href=\"https:\/\/pocketalk.com\/es_es\/languages-countries\/\">pulse aqu\u00ed<\/a><\/span><\/p>\n<p>&nbsp;<\/p>","protected":false},"excerpt":{"rendered":"PROGRAM CLOSED Due to an overwhelming response to the Relief Program, we made an additional 250 units available to the medical and first responder communities beyond our initial commitment. The program, over the course of just 3 weeks, saw widespread interest from all corners of the U.S., and has now donated more than 850 Pocketalks&#8230;","protected":false},"author":13,"featured_media":0,"parent":0,"menu_order":0,"comment_status":"closed","ping_status":"closed","template":"template-full-skinny.php","meta":{"_acf_changed":false,"footnotes":""},"class_list":["post-670","page","type-page","status-publish","hentry"],"acf":[],"_links":{"self":[{"href":"https:\/\/pocketalk.com\/es_es\/wp-json\/wp\/v2\/pages\/670","targetHints":{"allow":["GET"]}}],"collection":[{"href":"https:\/\/pocketalk.com\/es_es\/wp-json\/wp\/v2\/pages"}],"about":[{"href":"https:\/\/pocketalk.com\/es_es\/wp-json\/wp\/v2\/types\/page"}],"author":[{"embeddable":true,"href":"https:\/\/pocketalk.com\/es_es\/wp-json\/wp\/v2\/users\/13"}],"replies":[{"embeddable":true,"href":"https:\/\/pocketalk.com\/es_es\/wp-json\/wp\/v2\/comments?post=670"}],"version-history":[{"count":0,"href":"https:\/\/pocketalk.com\/es_es\/wp-json\/wp\/v2\/pages\/670\/revisions"}],"wp:attachment":[{"href":"https:\/\/pocketalk.com\/es_es\/wp-json\/wp\/v2\/media?parent=670"}],"curies":[{"name":"wp","href":"https:\/\/api.w.org\/{rel}","templated":true}]}}