{"id":5019,"date":"2024-12-17T01:09:14","date_gmt":"2024-12-17T09:09:14","guid":{"rendered":"https:\/\/pocketalk.com\/?page_id=5019"},"modified":"2026-04-01T12:42:40","modified_gmt":"2026-04-01T16:42:40","slug":"pocketalk-s2-s2plus-white-paper","status":"publish","type":"page","link":"https:\/\/pocketalk.com\/es_es\/pocketalk-s2-s2plus-white-paper","title":{"rendered":"POCKETALK S2 \/ S2 Plus White Paper"},"content":{"rendered":"\n\n\n\n\n\n<\/p>\n<style>\n  .section-conainer {<br \/>    margin-bottom: min(4.83vw, 50px);<br \/>    width: min(94vw, 1200px);<br \/>    margin-left: auto;<br \/>    padding-top: 0 !important;<br \/>    padding-bottom: 0 !important;<br \/>    margin-right: auto;<br \/>  }<br \/>  .section-conainer p {<br \/>    font-size: clamp(14px, 3.38vw, 16px);<br \/>    line-height: 1.6;<br \/>    margin-bottom: 1em;<br \/>  }<br \/>  .section-conainer p.caption {<br \/>    text-align: center;<br \/>    color: #666;<br \/>  }<br \/>  .section-conainer img {<br \/>    display: block;<br \/>    margin-left: auto;<br \/>    margin-right: auto;<br \/>    margin-bottom: 1em;<br \/>    width: 70%;<br \/>  }<br \/>  .section-conainer a {<br \/>    color: #09f;<br \/>  }<br \/>  .section-conainer a:hover {<br \/>    color: #09f;<br \/>    text-decoration: underline;<br \/>  }<br \/>  table {<br \/>    width: 100%;<br \/>    border-top: 1px solid #e0e0e0;<br \/>    border-left: 1px solid #e0e0e0;<br \/>    margin-bottom: min(4.35vw, 18px);<br \/>  }<br \/>  table th, table td {<br \/>    border-right: 1px solid #e0e0e0;<br \/>    border-bottom: 1px solid #e0e0e0;<br \/>    padding: 1em;<br \/>    font-size: clamp(14px, 3.38vw, 16px);<br \/>  }<br \/>  table th {<br \/>    width: 22%;<br \/>    font-size: clamp(14px, 3.38vw, 16px);<br \/>    text-align: left;<br \/>    background-color: #ccc;<br \/>    color: #000;<br \/>  }<br \/>  .section-conainer ul {<br \/>    margin-left: 1.6em;<br \/>  }<br \/>  .section-conainer li {<br \/>    list-style: disc;<br \/>  }<\/p>\n<\/style>\n<section class=\"section-conainer\">\n<h2>1. Informaci\u00f3n b\u00e1sica<\/h2>\n<h3>1.1 Proveedor de servicios<\/h3>\n<p>Pocketalk est\u00e1 dise\u00f1ado y proporcionado por Pocketalk Corporation.<\/p>\n<h3>1.2 Certificaciones<\/h3>\n<p>Pocketalk y el Servicio en la Nube de Pocketalk son compatibles con las certificaciones ISO 27001, ISO 27017, as\u00ed como con el cumplimiento de la GDPR y la HIPAA.<\/p>\n<p><img decoding=\"async\" src=\"https:\/\/pocketalk.jp\/hubfs\/images\/termhub\/Certi_GDPR_newicon_ES.png\" alt=\"\" \/><\/p>\n<h3>1.3 Flujo de datos<\/h3>\n<p><img decoding=\"async\" src=\"https:\/\/pocketalk.jp\/hubfs\/images\/termhub\/pkt-s2-esp-02.png\" alt=\"\" \/><br \/>\n<img decoding=\"async\" src=\"https:\/\/pocketalk.jp\/hubfs\/images\/termhub\/pkt-s2-esp-03.png\" alt=\"\" \/><\/p>\n<p class=\"caption\">&lt;Figura 3. Arquitectura de alto nivel del sistema Pocketalk S2&gt;<\/p>\n<p><img decoding=\"async\" src=\"https:\/\/pocketalk.jp\/hubfs\/images\/termhub\/pkt-s2-esp-04.png\" alt=\"\" \/><\/p>\n<p class=\"caption\">&lt;Figura 1. Pocketalk &#8211; Flujo de datos de traducci\u00f3n&gt;<\/p>\n<h3>1.4 Datos del usuario<\/h3>\n<p>Pocketalk almacena los siguientes datos relacionados con el usuario.<\/p>\n<p>[IMPORTANTE]<br \/>\nEstos datos se almacenan solo en el almacenamiento local del dispositivo.<\/p>\n<ol>\n<li>Historial de traducci\u00f3n (texto transcrito)<\/li>\n<li>Historial de traducci\u00f3n (texto traducido)<\/li>\n<li>Historial de traducci\u00f3n (audio sintetizado)<\/li>\n<li>Preferencias del usuario en la configuraci\u00f3n del dispositivo<\/li>\n<\/ol>\n<p>Los clientes pueden eliminar y\/o restablecer lo anterior desde el men\u00fa de configuraci\u00f3n del dispositivo en cualquier momento.<\/p>\n<\/section>\n<section class=\"section-conainer\">\n<h2>2. Caracter\u00edsticas<\/h2>\n<h3>2.1 Caracter\u00edsticas principales<\/h3>\n<h4>2.1.1 Traducci\u00f3n de voz e idiomas compatibles<\/h4>\n<p>Traducci\u00f3n de voz bidireccional en tiempo real: Hable con el dispositivo y obtenga traducciones instant\u00e1neas en otro idioma.<\/p>\n<p>Admite m\u00e1s de 80 idiomas: Cubre una amplia gama de idiomas para la comunicaci\u00f3n global.<\/p>\n<h3>2.1.2 Traducci\u00f3n de c\u00e1mara e idiomas compatibles<\/h3>\n<p>Traducir texto de im\u00e1genes: Apunte la c\u00e1mara a carteles, men\u00fas o documentos para obtener traducciones instant\u00e1neas.<\/p>\n<p>Admite m\u00e1s de 50 idiomas: Cubre los principales idiomas para una traducci\u00f3n de texto conveniente.<\/p>\n<h4>2.1.3 Comunicaci\u00f3n global<\/h4>\n<p>eSIM incorporada: Proporciona conectividad a Internet en m\u00e1s de 170 pa\u00edses y regiones sin necesidad de una tarjeta SIM local.<\/p>\n<h3>2.2 Especificaciones del producto<\/h3>\n<table>\n<tbody>\n<tr>\n<th>ESPECIFICACI\u00d3N<\/th>\n<th>Pocketalk S2<\/th>\n<th>Pocketalk S2 Plus<\/th>\n<\/tr>\n<tr>\n<td>Dimensiones [mm Al\u00d7An\u00d7Pr]<\/td>\n<td>91.6 \u00d7 53.8 \u00d7 11.5<\/td>\n<td>123 \u00d7 65 \u00d7 11<\/td>\n<\/tr>\n<tr>\n<td>Peso [g]<\/td>\n<td>75<\/td>\n<td>125<\/td>\n<\/tr>\n<tr>\n<td>Tama\u00f1o de la pantalla [pulgadas]<\/td>\n<td>2.8<\/td>\n<td>3.97<\/td>\n<\/tr>\n<tr>\n<td>Resoluci\u00f3n de la pantalla [px Al\u00d7An]<\/td>\n<td>640 \u00d7 480<\/td>\n<td>800\u00d7480<\/td>\n<\/tr>\n<tr>\n<td>Color del cuerpo<\/td>\n<td>Blanco<\/td>\n<td><\/td>\n<\/tr>\n<tr>\n<td>Bater\u00eda<\/td>\n<td>Bater\u00eda de iones de litio<\/td>\n<td><\/td>\n<\/tr>\n<tr>\n<td>Capacidad de la bater\u00eda [mAh]<\/td>\n<td>1200<\/td>\n<td>1550<\/td>\n<\/tr>\n<tr>\n<td>Carga<\/td>\n<td>USB Tipo-C Voltaje de entrada: Hasta 5V Corriente de entrada: Hasta 2A<\/td>\n<td><\/td>\n<\/tr>\n<tr>\n<td>Bluetooth<\/td>\n<td>4.2<\/td>\n<td><\/td>\n<\/tr>\n<tr>\n<td>Ranura para tarjeta SIM<\/td>\n<td>nano SIM<\/td>\n<td><\/td>\n<\/tr>\n<tr>\n<td>M\u00e9todo de comunicaci\u00f3n de datos, bandas de frecuencia compatibles<\/td>\n<td>3G [W-CDMA] 1\/2\/5\/6\/19 4G [FDD-LTE] 1\/2\/3\/4\/5\/7\/8\/12\/13\/17\/18\/19\/20\/25\/26\/28B [TD-LTE] 38\/39\/40\/41<\/td>\n<td><\/td>\n<\/tr>\n<tr>\n<td>Wi-Fi<\/td>\n<td>IEEE802.11a\/b\/g\/n 2.4GHz\uff1a1\uff5e11ch 5GHz\uff1a<\/td>\n<td><\/td>\n<\/tr>\n<tr>\n<td><\/td>\n<td>5.2GHz(W52)\u30015.3GHz(W53)\u30015.6GHz(W56)<\/td>\n<td><\/td>\n<\/tr>\n<tr>\n<td>Altavoz<\/td>\n<td>\u00d7 2<\/td>\n<td>\u00d7 1<\/td>\n<\/tr>\n<tr>\n<td>Micr\u00f3fono<\/td>\n<td>Micr\u00f3fonos duales con funci\u00f3n de cancelaci\u00f3n de ruido<\/td>\n<td><\/td>\n<\/tr>\n<tr>\n<td>C\u00e1mara<\/td>\n<td>\u00d7 1<\/td>\n<td><\/td>\n<\/tr>\n<tr>\n<td>Temperatura de almacenamiento<\/td>\n<td>-20\u2103 a 45\u2103 (sin condensaci\u00f3n)<\/td>\n<td><\/td>\n<\/tr>\n<tr>\n<td>Temperatura de funcionamiento<\/td>\n<td>0\u2103 a 40\u2103 (sin condensaci\u00f3n)<\/td>\n<td><\/td>\n<\/tr>\n<tr>\n<td>Tiempo de espera continuo<\/td>\n<td>179 horas<\/td>\n<td>213 horas<\/td>\n<\/tr>\n<tr>\n<td>Tiempo de carga<\/td>\n<td>75 minutos<\/td>\n<td>105 minutos<\/td>\n<\/tr>\n<tr>\n<td>Clasificaci\u00f3n de vatios-hora [Wh]<\/td>\n<td>4.56<\/td>\n<td>5.89<\/td>\n<\/tr>\n<tr>\n<td>Idiomas admitidos para la traducci\u00f3n de voz<\/td>\n<td>Voz y texto: 90 idiomas Solo texto: 2 idiomas<\/td>\n<td><\/td>\n<\/tr>\n<tr>\n<td>Idiomas admitidos para la traducci\u00f3n de c\u00e1mara<\/td>\n<td>56 idiomas<\/td>\n<td><\/td>\n<\/tr>\n<tr>\n<td>\u00c1rea de cobertura<\/td>\n<td>M\u00e1s de 170 pa\u00edses y regiones<\/td>\n<td><\/td>\n<\/tr>\n<tr>\n<td>Dimensiones del paquete [mm Al\u00d7An\u00d7Pr]<\/td>\n<td>138.8 x 139.7 x 36.5 mm<\/td>\n<td>176.3 x 139.7 x 36.5mm<\/td>\n<\/tr>\n<\/tbody>\n<\/table>\n<h3>2.3 Instrucciones, Manual e Informaci\u00f3n de Seguridad<\/h3>\n<p>Consulte el manual en l\u00ednea en <a href=\"https:\/\/pocketalk.link\/support\">https:\/\/pocketalk.link\/support<\/a>.<\/p>\n<\/section>\n<section class=\"section-conainer\">\n<h2>3. Soporte<\/h2>\n<h3>3.1 Notificaci\u00f3n de Informaci\u00f3n<\/h3>\n<p>Sitio Web Oficial: Las \u00faltimas noticias, actualizaciones y preguntas frecuentes est\u00e1n disponibles en el sitio web oficial de Pocketalk.<\/p>\n<p>Notificaciones por correo electr\u00f3nico: Los usuarios pueden optar por recibir informaci\u00f3n importante y actualizaciones por correo electr\u00f3nico.<\/p>\n<h3>3.2 Soluci\u00f3n de problemas<\/h3>\n<p><strong>Recursos de autoservicio:<\/strong><\/p>\n<p>Se anima a los usuarios a utilizar los siguientes recursos para solucionar problemas comunes:<\/p>\n<ol>\n<li>Manual en l\u00ednea (<a href=\"https:\/\/pocketalk.link\/support\">https:\/\/pocketalk.link\/support<\/a>).<\/li>\n<li>Preguntas frecuentes que abordan problemas comunes.<\/li>\n<\/ol>\n<p><strong>Contacto con el soporte:<\/strong><\/p>\n<p>Si los recursos de autoservicio no resuelven el problema, los usuarios pueden ponerse en contacto con el soporte a trav\u00e9s de los siguientes canales:<\/p>\n<p>Formulario: Enviar una solicitud de soporte a trav\u00e9s del formulario de consulta en l\u00ednea.<\/p>\n<table>\n<tbody>\n<tr>\n<th>Pa\u00eds<\/th>\n<th>URL<\/th>\n<\/tr>\n<tr>\n<td>EE.UU<\/td>\n<td><a href=\"https:\/\/pocketalk.com\/contact-us\">https:\/\/pocketalk.com\/contact-us<\/a><\/td>\n<\/tr>\n<tr>\n<td>UE<\/td>\n<td><a href=\"https:\/\/pocketalk.com\/en_eu\/contact-us\">https:\/\/pocketalk.com\/en_eu\/contact-us<\/a><\/td>\n<\/tr>\n<tr>\n<td>Reino Unido<\/td>\n<td><a href=\"https:\/\/pocketalk.com\/en_gb\/contact-us\">https:\/\/pocketalk.com\/en_gb\/contact-us<\/a><\/td>\n<\/tr>\n<tr>\n<td>Francia<\/td>\n<td><a href=\"https:\/\/pocketalk.com\/fr_fr\/contact-us\">https:\/\/pocketalk.com\/fr_fr\/contact-us<\/a><\/td>\n<\/tr>\n<tr>\n<td>Alemania<\/td>\n<td><a href=\"https:\/\/pocketalk.com\/de_de\/contact-us\">https:\/\/pocketalk.com\/de_de\/contact-us<\/a><\/td>\n<\/tr>\n<tr>\n<td>Italia<\/td>\n<td><a href=\"https:\/\/pocketalk.com\/it_it\/contact-us\">https:\/\/pocketalk.com\/it_it\/contact-us<\/a><\/td>\n<\/tr>\n<tr>\n<td>Espa\u00f1a<\/td>\n<td><a href=\"https:\/\/pocketalk.com\/es_es\/contact-us\">https:\/\/pocketalk.com\/es_es\/contact-us<\/a><\/td>\n<\/tr>\n<tr>\n<td>Jap\u00f3n<\/td>\n<td><a href=\"https:\/\/pocketalk.my.site.com\/public\/s\/contactsupport?language=ja\">https:\/\/pocketalk.my.site.com\/public\/s\/contactsupport?language=ja<\/a><\/td>\n<\/tr>\n<\/tbody>\n<\/table>\n<h3>3.3 Implementaci\u00f3n y funcionamiento<\/h3>\n<p>El dispositivo est\u00e1 listo para usar desde el primer momento. No se requiere instalaci\u00f3n de software adicional ni configuraci\u00f3n compleja.<\/p>\n<p>Las gu\u00edas de inicio r\u00e1pido y los v\u00eddeos tutoriales est\u00e1n disponibles en l\u00ednea (<a href=\"https:\/\/pocketalk.link\/support\">https:\/\/pocketalk.link\/support<\/a>) para familiarizar a los usuarios con las funciones y el funcionamiento del dispositivo.<\/p>\n<\/section>\n<section class=\"section-conainer\">\n<h2>4. Marco de seguridad<\/h2>\n<p>Pocketalk es una herramienta de \u00faltima generaci\u00f3n dise\u00f1ada para facilitar la traducci\u00f3n de idiomas precisa y en tiempo real, impulsando la comunicaci\u00f3n global. Nuestro dispositivo aprovecha la flexibilidad y las amplias funciones de seguridad del sistema operativo Android, adaptadas para satisfacer las necesidades de los clientes empresariales. El dispositivo no tiene GMS (Servicios M\u00f3viles de Google) como Google Play, Google Chrome, etc., ni aplicaciones de terceros. Todas las aplicaciones para clientes son desarrolladas, probadas y firmadas con la firma digital de Pocketalk.<\/p>\n<h3>4.1 Seguridad del dispositivo<\/h3>\n<h4>4.1.1 Arranque seguro y arranque verificado<\/h4>\n<p>El arranque seguro garantiza que el dispositivo solo ejecute firmware y software firmados con una firma digital de confianza. Esto evita que se cargue software no autorizado durante el proceso de arranque, protegiendo contra ataques de bajo nivel, y garantiza que el sistema operativo no haya sido manipulado, protegiendo contra malware y modificaciones no autorizadas.<\/p>\n<p><img decoding=\"async\" src=\"https:\/\/pocketalk.jp\/hubfs\/images\/termhub\/pkt-s2-esp-05.png\" alt=\"\" \/><\/p>\n<p class=\"caption\">&lt;Figura 2. Proceso de arranque de Pocketalk&gt;<\/p>\n<h4>4.1.2 Cifrado del dispositivo<\/h4>\n<p>El dispositivo emplea por defecto FBE (cifrado basado en archivos) AES-256-CTS, protegiendo todos los datos confidenciales.<\/p>\n<ul>\n<li>Protecci\u00f3n granular\n<ul>\n<li>En el contexto de Pocketalk, FBE proporciona una protecci\u00f3n m\u00e1s espec\u00edfica. Los datos confidenciales, como las preferencias de usuario o los registros de traducci\u00f3n, se cifran independientemente de los archivos del sistema, lo que garantiza que estos datos permanezcan seguros incluso si el dispositivo se ve comprometido mientras est\u00e1 encendido.<\/li>\n<\/ul>\n<\/li>\n<li>Eficiencia de rendimiento\n<ul>\n<li>Dado que FBE solo descifra archivos espec\u00edficos a medida que se accede a ellos, puede reducir el impacto en el rendimiento en comparaci\u00f3n con FDE (cifrado de disco completo), que requiere descifrar todo el disco durante el arranque.<\/li>\n<\/ul>\n<\/li>\n<\/ul>\n<h3>4.2 Seguridad de la aplicaci\u00f3n<\/h3>\n<h4>4.2.1 Aislamiento de aplicaciones<\/h4>\n<p>Cada aplicaci\u00f3n se ejecuta en su propio entorno aislado, lo que impide que las aplicaciones maliciosas accedan o manipulen otras aplicaciones o recursos del sistema. Esto reduce la superficie de ataque y minimiza el impacto potencial de una aplicaci\u00f3n comprometida.<\/p>\n<p>Pocketalk no permite la instalaci\u00f3n de aplicaciones de terceros; esto est\u00e1 protegido por el nivel de firmware personalizado de Android.<\/p>\n<h4>4.2.2 Eliminaci\u00f3n de aplicaciones innecesarias y desactivaci\u00f3n de servicios innecesarios<\/h4>\n<p>El sistema de Pocketalk solo ejecuta aplicaciones y servicios en segundo plano que est\u00e1n vinculados al valor (funciones) que proporciona. Esto tambi\u00e9n ayuda a reducir el impacto en el rendimiento y el consumo de bater\u00eda para una mejor experiencia del cliente.<\/p>\n<h4>4.2.3 Actualizaciones de seguridad peri\u00f3dicas<\/h4>\n<p>Pocketalk proporciona parches y actualizaciones de seguridad peri\u00f3dicas, asegurando que el dispositivo permanezca protegido contra amenazas cr\u00edticas.<\/p>\n<h3>4.3 Seguridad de la red<\/h3>\n<h4>4.3.1 Canales de comunicaci\u00f3n seguros<\/h4>\n<p>Todos los datos transmitidos entre el dispositivo y los motores de traducci\u00f3n se cifran mediante HTTPS o WSS (TLS v1.2). La comunicaci\u00f3n siempre se inicia desde Pocketalk a servidores de confianza, no se permiten notificaciones push del servidor.<\/p>\n<h4>4.3.2 Prevenci\u00f3n de ataques inal\u00e1mbricos<\/h4>\n<p>Se toman las siguientes medidas para proteger contra ataques a las comunicaciones inal\u00e1mbricas<\/p>\n<ul>\n<li>Wi-Fi\n<ul>\n<li>Las funciones y servicios de red innecesarios est\u00e1n deshabilitados.<\/li>\n<\/ul>\n<\/li>\n<li>Bluetooth\n<ul>\n<li>La comunicaci\u00f3n de datos a trav\u00e9s de Bluetooth est\u00e1 deshabilitada.<\/li>\n<li>Mantener el dispositivo no detectable.<\/li>\n<\/ul>\n<\/li>\n<\/ul>\n<h3>4.4 Seguridad f\u00edsica<\/h3>\n<h4>4.4.1 Comunicaci\u00f3n USB<\/h4>\n<p>Pocketalk est\u00e1 equipado con USB-C (USB 2.0) y esto es solo para cargar la bater\u00eda.<\/p>\n<p>El USB no permite la comunicaci\u00f3n de datos por el dise\u00f1o del hardware.<\/p>\n<h3>4.5 Privacidad de datos y cumplimiento<\/h3>\n<h4>4.5.1 Cumplimiento de GDPR<\/h4>\n<p>Pocketalk est\u00e1 dise\u00f1ado para cumplir con el Reglamento General de Protecci\u00f3n de Datos (GDPR), asegurando que los datos personales se manejen de manera responsable. Las preferencias del usuario y el historial de traducci\u00f3n (audio y texto) permanecen en el almacenamiento local cifrado del dispositivo. Nuestro cliente puede eliminarlos a trav\u00e9s de la interfaz de usuario del men\u00fa del dispositivo, y tambi\u00e9n puede configurar un temporizador para eliminarlos autom\u00e1ticamente.<\/p>\n<h4>4.5.2 Anonimizaci\u00f3n de datos<\/h4>\n<p>Los datos recopilados por Pocketalk nunca estar\u00e1n vinculados a una persona espec\u00edfica. Nunca se solicita una cuenta de usuario (correo electr\u00f3nico y contrase\u00f1a) para mejorar la privacidad y minimizar el riesgo de violaciones de datos.<\/p>\n<h4>4.5.3 Procesamiento de datos<\/h4>\n<p>Pocketalk env\u00eda los datos de audio y texto transcrito del cliente a motores de traducci\u00f3n como STT (voz a texto), TTT (texto a texto) y TTS (texto a voz) a trav\u00e9s de Internet. Pocketalk tiene un DPA con todos los proveedores de motores de traducci\u00f3n. En caso de que necesite tener un contrato DPA con Pocketalk, comun\u00edquese con su representante de ventas.<\/p>\n<h3>4.6 Administraci\u00f3n de dispositivos<\/h3>\n<h4>4.6.1 Actualizaciones OTA (Over-the-Air)<\/h4>\n<p>Las actualizaciones de seguridad y los parches se entregan por aire, lo que garantiza que todos los dispositivos se mantengan actualizados con las \u00faltimas mejoras de seguridad. Pocketalk detecta nuevas actualizaciones de software a trav\u00e9s del acceso a Internet m\u00f3vil o Wi-Fi y requiere Wi-Fi para descargar el nuevo software.<\/p>\n<h3>4.7 Auditor\u00eda de seguridad<\/h3>\n<p>Le pedimos a un experto en seguridad externo que pruebe la seguridad de Pocketalk al menos una vez al a\u00f1o. Si realizamos cambios importantes en su implementaci\u00f3n central, ejecutaremos la auditor\u00eda de seguridad antes de lanzar la actualizaci\u00f3n de software principal.<\/p>\n<\/section>\n<section class=\"section-conainer\">\n<h2>5. Prestaci\u00f3n de servicios y contrato<\/h2>\n<h3>5.1 Condiciones de uso del servicio (T\u00e9rminos de uso)<\/h3>\n<p>Consulte las \u00faltimas Condiciones de uso disponibles en l\u00ednea para conocer las condiciones de uso del servicio.<br \/>\nPara usuarios residentes en Norteam\u00e9rica: https:\/\/pocketalk.com\/general-terms-of-use-na<br \/>\nPara usuarios residentes en cualquier otro pa\u00eds fuera de Norteam\u00e9rica: https:\/\/pocketalk.link\/tou<\/p>\n<h3>5.2 Objetivo de nivel de servicio (SLO)<\/h3>\n<p>Pocketalk opera bajo el siguiente SLO.<\/p>\n<table>\n<tbody>\n<tr>\n<th>Horas de servicio<\/th>\n<td>24\/7<\/td>\n<\/tr>\n<tr>\n<th>Disponibilidad<\/th>\n<td>99,0% * Excluyendo el tiempo de mantenimiento programado<\/td>\n<\/tr>\n<tr>\n<th>Ocurrencia y tiempo de inactividad promedio<\/th>\n<td>2 a 4 veces por a\u00f1o, Cada mantenimiento programado puede causar un tiempo de inactividad del servicio de hasta 6 horas.<\/td>\n<\/tr>\n<\/tbody>\n<\/table>\n<h3>5.3 Aprobaci\u00f3n, autorizaci\u00f3n, certificaci\u00f3n, notificaci\u00f3n, etc. del gobierno.<\/h3>\n<p>Si se requiere alguna aprobaci\u00f3n, autorizaci\u00f3n, certificaci\u00f3n, notificaci\u00f3n gubernamental para que el usuario utilice el dispositivo, el usuario deber\u00e1 gestionar dichos asuntos por su cuenta y riesgo, a menos que el distribuidor pueda obtener dicha aprobaci\u00f3n, autorizaci\u00f3n, certificaci\u00f3n, notificaci\u00f3n, etc.<\/p>\n<\/section>\n<p>\n\n","protected":false},"excerpt":{"rendered":"","protected":false},"author":12,"featured_media":0,"parent":0,"menu_order":0,"comment_status":"closed","ping_status":"closed","template":"template-full-skinny.php","meta":{"_acf_changed":false,"footnotes":""},"class_list":["post-5019","page","type-page","status-publish","hentry"],"acf":[],"_links":{"self":[{"href":"https:\/\/pocketalk.com\/es_es\/wp-json\/wp\/v2\/pages\/5019","targetHints":{"allow":["GET"]}}],"collection":[{"href":"https:\/\/pocketalk.com\/es_es\/wp-json\/wp\/v2\/pages"}],"about":[{"href":"https:\/\/pocketalk.com\/es_es\/wp-json\/wp\/v2\/types\/page"}],"author":[{"embeddable":true,"href":"https:\/\/pocketalk.com\/es_es\/wp-json\/wp\/v2\/users\/12"}],"replies":[{"embeddable":true,"href":"https:\/\/pocketalk.com\/es_es\/wp-json\/wp\/v2\/comments?post=5019"}],"version-history":[{"count":0,"href":"https:\/\/pocketalk.com\/es_es\/wp-json\/wp\/v2\/pages\/5019\/revisions"}],"wp:attachment":[{"href":"https:\/\/pocketalk.com\/es_es\/wp-json\/wp\/v2\/media?parent=5019"}],"curies":[{"name":"wp","href":"https:\/\/api.w.org\/{rel}","templated":true}]}}