{"id":3920,"date":"2024-05-01T11:39:30","date_gmt":"2024-05-01T19:39:30","guid":{"rendered":"https:\/\/pocketalk.com\/?page_id=3920"},"modified":"2024-07-11T13:38:02","modified_gmt":"2024-07-11T21:38:02","slug":"pocketalk-s-terms-of-use","status":"publish","type":"page","link":"https:\/\/pocketalk.com\/es_es\/pocketalk-s-terms-of-use","title":{"rendered":"Condiciones de uso de la serie Pocketalk S"},"content":{"rendered":"<section id=\"ph-content\"><main id=\"cont\"><\/p>\n<article>\n<section>\n<section class=\"grid\">\n<div class=\"col-12\">\n<p>Estos T\u00e9rminos de uso (estos \u201cT\u00e9rminos\u201d) constituyen un acuerdo entre usted y POCKETALK CORPORATION (\u201cPOCKETALK\u201d) con respecto al uso del dispositivo POCKETALK S Series y cualquier accesorio que lo acompa\u00f1e (colectivamente, el \u201cDispositivo\u201d). Lea los T\u00e9rminos antes de usar el Dispositivo. Al utilizar el Dispositivo, usted acepta estar sujeto a estos T\u00e9rminos. Si no est\u00e1 de acuerdo con estos T\u00e9rminos, no podr\u00e1 utilizar el Dispositivo. Si no est\u00e1 de acuerdo con estos T\u00e9rminos, debe devolver el Dispositivo al distribuidor dentro de los 14 d\u00edas posteriores a la compra junto con su recibo para obtener un reembolso. Tenga en cuenta que no aceptaremos el Dispositivo para un reembolso o cambio una vez que se utilice, excepto seg\u00fan lo establecido en la garant\u00eda de hardware del Dispositivo.<\/p>\n<\/div>\n<div class=\"col-12\">\n<h3>Secci\u00f3n 1 (Transferencia de propiedad del dispositivo y licencia de software)<\/h3>\n<ol>\n<li>Sujeto a su aceptaci\u00f3n y cumplimiento de los T\u00e9rminos, la propiedad del Dispositivo y cualquier material impreso incluido con el Dispositivo (como manuales y similares) le ser\u00e1n transferidos del distribuidor al momento de comprar el Dispositivo.<\/li>\n<li>POCKETALK le otorga un derecho no exclusivo a utilizar el Dispositivo, as\u00ed como el software contenido en el Dispositivo (&quot;Software&quot;) seg\u00fan estos T\u00e9rminos.<\/li>\n<li>La compra del Dispositivo no le transfiere ninguno de los derechos de autor u otros derechos de propiedad intelectual relacionados con el Software o los materiales impresos incluidos con el Dispositivo (como manuales y similares).<\/li>\n<\/ol>\n<\/div>\n<div class=\"col-12\">\n<h3>Secci\u00f3n 2 (Condiciones de uso)<\/h3>\n<ol>\n<li>Toda la propiedad intelectual sobre el Dispositivo en s\u00ed, as\u00ed como sobre el contenido digital, software, material de atenci\u00f3n al cliente y otros servicios que proporciona el Dispositivo (colectivamente, &quot;Servicio&quot;) es propiedad de POCKETALK o de un tercero que POCKETALK designa y est\u00e1 protegido por las leyes japonesas. y el derecho internacional de propiedad intelectual.<\/li>\n<li>Usted reconoce y acepta que necesita preparar el entorno de comunicaci\u00f3n, como conexiones Wi-Fi, etc., necesarios para recibir el Servicio. Cuando utilice el Dispositivo con SIM global integrada, en la medida que no sea incompatible con los T\u00e9rminos, estar\u00e1 sujeto a los T\u00e9rminos de uso del Servicio SIM global (<a href=\"https:\/\/pocketalk.co.jp\/rule\/global-sim\/en-us\/\" target=\"_blank\" rel=\"noopener\">https:\/\/pocketalk.co.jp\/rule\/global-sim\/en-us\/<\/a>) (\u201cT\u00e9rminos de uso del servicio SIM\u201d), adem\u00e1s de los T\u00e9rminos, para recibir el Servicio. Al utilizar el Dispositivo, tambi\u00e9n acepta los T\u00e9rminos de uso del servicio SIM. En los T\u00e9rminos de uso del servicio SIM, el t\u00e9rmino &quot;usuario&quot; debe leerse como &quot;usted&quot;. En caso de conflicto entre estos T\u00e9rminos y dichos T\u00e9rminos de uso del Servicio SIM, prevalecer\u00e1n los T\u00e9rminos.<\/li>\n<li>Si no puede o no desea utilizar el Servicio SIM, ser\u00e1 el \u00fanico responsable de obtener y configurar la conexi\u00f3n a Internet requerida (como Wi-Fi, otro servicio SIM, etc.) para recibir el Servicio. En este caso, POCKETALK no participar\u00e1 en absoluto en dicha instalaci\u00f3n u operaci\u00f3n de su entorno de comunicaci\u00f3n ni le brindar\u00e1 soporte.<\/li>\n<li>El Servicio SIM podr\u00e1 ampliarse siguiendo un proceso de renovaci\u00f3n establecido por POCKETALK. A menos que POCKETALK determine lo contrario, la extensi\u00f3n del Servicio SIM requiere una tarifa.<\/li>\n<li>POCKETALK puede proporcionar actualizaciones autom\u00e1ticas o manuales para el Software seg\u00fan sea necesario sin previo aviso, y estos T\u00e9rminos tambi\u00e9n se aplicar\u00e1n a dicho Software actualizado.<\/li>\n<li>Usted es el \u00fanico responsable de obtener las aprobaciones o certificaciones gubernamentales necesarias para utilizar el Dispositivo, as\u00ed como de proporcionar cualquier notificaci\u00f3n requerida a las agencias gubernamentales, a menos que dichas aprobaciones, certificaciones y notificaciones hayan sido completadas por el distribuidor.<\/li>\n<\/ol>\n<\/div>\n<div class=\"col-12\">\n<h3>Secci\u00f3n 3 (Consentimiento para el uso de datos)<\/h3>\n<ol>\n<li>Usted reconoce y acepta que POCKETALK puede obtener cierta informaci\u00f3n suya. Consulte la Declaraci\u00f3n de privacidad (<a href=\"https:\/\/pocketalk.com\/es_es\/privacy-policy\/\" rel=\"noopener\">https:\/\/pocketalk.com\/privacy-policy<\/a>) para detalles. POCKETALK manejar\u00e1 su informaci\u00f3n de acuerdo con la Declaraci\u00f3n de Privacidad en todos los casos.<\/li>\n<li>El Dispositivo transfiere datos de voz generados al hablar a trav\u00e9s del Software y los datos de traducci\u00f3n del mismo, a servidores de los proveedores de motores de reconocimiento de voz, motores de s\u00edntesis de voz, motores de reconocimiento de im\u00e1genes y motores de traducci\u00f3n, as\u00ed como a los contratistas subcontratados para servicios de desarrollo y soporte. , etc. (\u201cSocio externo\u201d) a trav\u00e9s de Internet, de tal manera que no lo identifique. POCKETALK recibe servicios de tecnolog\u00eda de un socio externo con el fin de proporcionar las funciones de traducci\u00f3n e identificaci\u00f3n de voz e imagen del Software. Al utilizar el Dispositivo, usted acepta que sus datos de voz hablada y los datos traducidos de los mismos se obtendr\u00e1n y almacenar\u00e1n a trav\u00e9s de los m\u00f3dulos de recopilaci\u00f3n de informaci\u00f3n integrados en el Dispositivo y se enviar\u00e1n a un socio externo de tal manera que no lo identifique.<\/li>\n<\/ol>\n<\/div>\n<div class=\"col-12\">\n<h3>Secci\u00f3n 4 (Interrupci\u00f3n temporal, terminaci\u00f3n o discontinuaci\u00f3n, etc. del servicio)<\/h3>\n<p>Aunque el uso del Servicio a trav\u00e9s del Dispositivo requiere conectarse al servidor de un tercero, POCKETALK har\u00e1 esfuerzos razonables para garantizar que el Servicio funcione de manera estable y confiable. Sin embargo, el Servicio puede no estar disponible temporalmente o cancelarse sin previo aviso debido a uno o m\u00e1s de los siguientes motivos:<\/p>\n<p>(i) Una aver\u00eda, fallo o cualquier otra causa similar que involucre un servidor, l\u00ednea de comunicaci\u00f3n u otras instalaciones;<br \/>\n(ii) Trabajos de mantenimiento, inspecci\u00f3n, reparaci\u00f3n o modificaci\u00f3n del sistema, peri\u00f3dicos o urgentes;<br \/>\n(iii) Un incendio, un corte de energ\u00eda u otro suceso similar;<br \/>\n(iv) Un desastre natural como un terremoto, una erupci\u00f3n volc\u00e1nica, una inundaci\u00f3n o un tsunami;<br \/>\n(v) Una guerra, disturbios, disturbios, agitaci\u00f3n, disputa laboral u otro evento inesperado; o<br \/>\n(vi) Cuando POCKETALK crea necesario suspender temporalmente el Servicio por razones operativas o t\u00e9cnicas.<\/p>\n<\/div>\n<div class=\"col-12\">\n<h3>Secci\u00f3n 5 (Acciones prohibidas)<\/h3>\n<p>Tiene prohibido realizar cualquiera de los siguientes actos:<\/p>\n<p>(i) Actos que infrinjan los derechos de propiedad intelectual de POCKETALK o de un tercero, incluidos, entre otros, derechos de autor, derechos de marca registrada, derechos de patente, derechos de dise\u00f1o y otros derechos previstos en las leyes y regulaciones pertinentes, o por contrato;<br \/>\n(ii) Reproducir, modificar o preparar trabajos derivados del Software;<br \/>\n(iii) Compilar integrando o combinando parte del Software con otros programas;<br \/>\n(iv) Modificar, integrar, realizar ingenier\u00eda inversa (por ejemplo, desmontaje) y analizar el Software, as\u00ed como otros actos similares;<br \/>\n(v) Sublicenciar o distribuir el Software a un tercero;<br \/>\n(vi) Transferir el Dispositivo o reproducciones (excepto para transferir a aquellos aprobados por POCKETALK);<br \/>\n(vii) Alquilar o realizar actos similares a alquilar el Dispositivo o reproducciones sin la aprobaci\u00f3n por escrito de POCKETALK; o realizar transacciones con bienes usados sin la aprobaci\u00f3n por escrito de POCKETALK;<br \/>\n(viii) Usar el Software y reproducir o usar otro software m\u00e1s all\u00e1 del alcance del uso personal sin autorizaci\u00f3n;<br \/>\n(ix) Almacenar el Software en una red de manera que permita su transmisi\u00f3n a un tercero;<br \/>\n(x) Realizar actos que da\u00f1en la reputaci\u00f3n del Dispositivo, el Software, POCKETALK u otros, incluidos actos que de otro modo acosen, calumnien o difamen a otros; y<br \/>\n(xi) Fomentar cualquiera de los actos descritos anteriormente.<\/p>\n<\/div>\n<div class=\"col-12\">\n<h3>Secci\u00f3n 6 (Efectos del incumplimiento de estos t\u00e9rminos)<\/h3>\n<ol>\n<li>Los T\u00e9rminos entrar\u00e1n en vigor cuando utilice el Dispositivo por primera vez.<\/li>\n<li>Si incumple cualquiera de las disposiciones de estos T\u00e9rminos o infringe los derechos de autor u otros derechos de propiedad de POCKETALK o de cualquier tercero, POCKETALK podr\u00e1, sin necesidad de avisarle con antelaci\u00f3n: (i) tomar medidas para suspender su uso del Software seg\u00fan sea apropiado; y\/o (ii) rescindir su licencia para utilizar el Software.<\/li>\n<li>POCKETALK no ser\u00e1 responsable de ning\u00fan da\u00f1o causado a usted por cualquier acci\u00f3n que pueda tomar en virtud del p\u00e1rrafo 2 anterior.<\/li>\n<\/ol>\n<\/div>\n<div class=\"col-12\">\n<h3>Secci\u00f3n 7 (Exenci\u00f3n y limitaci\u00f3n de responsabilidad)<\/h3>\n<ol>\n<li>LAS TRADUCCIONES QUE REALIZA EL DISPOSITIVO SE PROPORCIONAN \u201cTAL CUAL\u201d Y SIN NINGUNA GARANT\u00cdA DE NING\u00daN TIPO. COMO TAL, POCKETALK NO GARANTIZA QUE LAS TRADUCCIONES QUE PRODUCE EL DISPOSITIVO SEA COMPLETA O EXACTA, \u00daTIL PARA USTED O DE OTRA MANERA CONSISTENTE CON LOS FINES PARA LOS QUE UTILIZA EL SERVICIO. POCKETALK RENUNCIA EXPL\u00cdCITAMENTE A TODAS LAS GARANT\u00cdAS EXPRESAS O IMPL\u00cdCITAS QUE SURJAN DE O EST\u00c9N RELACIONADAS CON LOS MATERIALES DE POCKETALK O EL SERVICIO, INCLUYENDO CUALQUIER GARANT\u00cdA DE COMERCIABILIDAD, IDONEIDAD PARA UN PROP\u00d3SITO PARTICULAR, DISFRUTE TRANQUILO O NO INFRACCI\u00d3N; Y POCKETALK NO OFRECE NINGUNA GARANT\u00cdA (I) DE QUE EL SERVICIO O LOS MATERIALES DE POCKETALK SATISFARAN SUS REQUISITOS O ESTAR\u00c1N DISPONIBLES DE FORMA ININTERRUMPIDA, SEGURA O LIBRE DE ERRORES, O (II) CON RESPECTO A LA CALIDAD, EXACTITUD, PUNTUALIDAD, VERACIDAD, INTEGRIDAD O CONFIABILIDAD DEL SERVICIO O DE CUALQUIER MATERIAL DE POCKETALK.<\/li>\n<li>POCKETALK NO SER\u00c1 RESPONSABLE DE NING\u00daN DA\u00d1O EN EL QUE USTED PUEDA SUFRIR COMO RESULTADO DEL USO O CONFIANZA EN LAS TRADUCCIONES QUE PRODUCE EL DISPOSITIVO.<\/li>\n<li>EN NING\u00daN CASO POCKETALK, SUS PROVEEDORES O SUS LICENCIANTES SER\u00c1N RESPONSABLES POR: (A) CUALQUIER DA\u00d1O INCIDENTAL, ESPECIAL, PUNITIVO O CONSECUENTE, INCLUYENDO P\u00c9RDIDA DE BENEFICIOS, P\u00c9RDIDA DE DATOS, INTERRUPCI\u00d3N DEL SERVICIO, DA\u00d1O A LA COMPUTADORA O FALLA DEL SISTEMA O EL COSTO DEL SERVICIO SUSTITUTO QUE SURJA DE O EN RELACI\u00d3N CON ESTOS T\u00c9RMINOS O DEL USO O INCAPACIDAD DE UTILIZAR EL SERVICIO O LOS MATERIALES DE POCKETALK, YA SEA BASADO EN CONTRATO, AGRAVIO, RESPONSABILIDAD DEL PRODUCTO O CUALQUIER OTRA TEOR\u00cdA LEGAL; O (B) DA\u00d1OS M\u00c1XIMOS EN CONJUNTO MAYORES A LA CANTIDAD QUE HA PAGADO POR EL DISPOSITIVO.<\/li>\n<li>POCKETALK NO SER\u00c1 RESPONSABLE DE NING\u00daN DA\u00d1O EN EL QUE USTED O UN TERCERO PUEDA SUFRIR DE CUALQUIER RETRASO, INTERRUPCI\u00d3N O TERMINACI\u00d3N DEL SERVICIO DEBIDO A CUALQUIERA DE LAS RAZONES ESTABLECIDAS ANTERIORMENTE EN LA SECCI\u00d3N 4.<\/li>\n<\/ol>\n<\/div>\n<div class=\"col-12\">\n<h3>Secci\u00f3n 8 (Indemnizaci\u00f3n por da\u00f1os y perjuicios)<\/h3>\n<p>Usted es responsable de cualquier da\u00f1o (incluidos los honorarios de abogados) en el que POCKETALK pueda incurrir debido a cualquier violaci\u00f3n de estos T\u00e9rminos por su parte.<\/p>\n<\/div>\n<div class=\"col-12\">\n<h3>Secci\u00f3n 9 (Varios)<\/h3>\n<ol>\n<li>Estos T\u00e9rminos se interpretar\u00e1n de conformidad con las leyes de Jap\u00f3n.<\/li>\n<li>POCKETALK puede modificar estos T\u00e9rminos debido a una revisi\u00f3n de las leyes y regulaciones pertinentes, o si POCKETALK determina que es necesario modificar estos T\u00e9rminos. Si contin\u00faa utilizando el Dispositivo durante un per\u00edodo determinado, se considerar\u00e1 que ha aceptado dichas modificaciones, que POCKETALK publicar\u00e1 en su sitio web una semana antes de que las modificaciones entren en vigor (<a href=\"https:\/\/pocketalk.co.jp\/rule\/pt-s_eu-us\/en-us\/\" target=\"_blank\" rel=\"noopener\">https:\/\/pocketalk.co.jp\/rule\/pt-s_eu-us\/en-us\/<\/a>), a m\u00e1s tardar, en principio.<\/li>\n<li>Estos T\u00e9rminos no le impiden aceptar t\u00e9rminos diferentes con el distribuidor; sin embargo, dichos t\u00e9rminos no se aplicar\u00e1n a POCKETALK ni modificar\u00e1n estos T\u00e9rminos.<\/li>\n<li>El Tribunal de Distrito de Tokio tiene jurisdicci\u00f3n exclusiva para resolver cualquier disputa relacionada con el Dispositivo, el Software o estos T\u00e9rminos.<\/li>\n<li>Si alguna disposici\u00f3n de estos T\u00e9rminos se considera nula o inaplicable: (i) esa disposici\u00f3n nula o inaplicable se modificar\u00e1 en la medida m\u00ednima necesaria para subsanar el defecto y hacer que la disposici\u00f3n sea v\u00e1lida y ejecutable; y (ii) las disposiciones restantes de estos T\u00e9rminos ser\u00e1n, no obstante, vinculantes para las partes y de ninguna manera se ver\u00e1n afectadas o perjudicadas por la disposici\u00f3n nula o inaplicable.<\/li>\n<\/ol>\n<\/div>\n<div class=\"col-12\">\n<p>14 de julio de 2023<br \/>\nCORPORACION POCKETALK<\/p>\n<\/div>\n<div class=\"col-12\">\n<h3>Ap\u00e9ndice 1<\/h3>\n<p>Estados Unidos<\/p>\n<p>Las siguientes disposiciones se aplicar\u00e1n a cualquier usuario sujeto a la jurisdicci\u00f3n de los tribunales de los Estados Unidos. En caso de que una disposici\u00f3n de este Ap\u00e9ndice entre en conflicto con una disposici\u00f3n de cualquier otra parte de los T\u00e9rminos, prevalecer\u00e1 dicha disposici\u00f3n de este Ap\u00e9ndice.<\/p>\n<p>POR FAVOR LEA ESTE AP\u00c9NDICE DETENIDAMENTE, YA QUE CONTIENE EL REQUISITO DE QUE CIERTAS DISPUTAS Y RECLAMACIONES EST\u00c9N SUJETAS A ARBITRAJE Y DE OTRA MANERA LIMITA LA MANERA EN QUE USTED PUEDE PRESENTAR UNA RECLAMACI\u00d3N CONTRA POCKETALK.<\/p>\n<\/div>\n<div class=\"col-12\">\n<p>Arbitraje<\/p>\n<p>Cada parte acepta que, excepto lo establecido en el p\u00e1rrafo de Excepciones a continuaci\u00f3n, cualquier disputa entre usted y POCKETALK que surja de estos T\u00e9rminos o se relacione con ellos, o el incumplimiento, terminaci\u00f3n, aplicaci\u00f3n, interpretaci\u00f3n o validez de los mismos (incluida la determinaci\u00f3n del alcance o aplicabilidad de este acuerdo para arbitrar), los Servicios, los materiales de POCKETALK o cualquier otro producto o servicio de POCKETALK (colectivamente, &quot;Disputas&quot;) estar\u00e1n sujetos a arbitraje de acuerdo con esta Secci\u00f3n. Puede rechazar este acuerdo de arbitraje comunic\u00e1ndose con us-inquiry@POCKETALK.com dentro de los treinta (30) d\u00edas posteriores a la aceptaci\u00f3n de estos T\u00e9rminos por primera vez y declarando que usted (incluya su nombre y apellido) rechaza esta disposici\u00f3n de arbitraje. En caso de que usted rechace esta disposici\u00f3n de arbitraje, o si se determina que esta disposici\u00f3n de arbitraje no se aplica a usted o a su Disputa, usted y POCKETALK acuerdan que cualquier procedimiento judicial (que no sean acciones de reclamos menores) se iniciar\u00e1 en el \u00e1mbito federal o estatal. tribunales del condado de Santa Clara, California. Tanto usted como POCKETALK aceptan la jurisdicci\u00f3n exclusiva de dichos tribunales y que el lugar es el adecuado.<\/p>\n<p>Cualquier Disputa se resolver\u00e1 mediante arbitraje en Palo Alto, California, ante un \u00e1rbitro. El arbitraje ser\u00e1 administrado por JAMS de conformidad con sus Reglas y Procedimientos Integrales de Arbitraje y de acuerdo con los Procedimientos Acelerados en esas Reglas. El fallo sobre el Laudo podr\u00e1 dictarse en cualquier tribunal que tenga jurisdicci\u00f3n. Esta cl\u00e1usula no impedir\u00e1 que las partes busquen soluciones provisionales en ayuda del arbitraje ante un tribunal de jurisdicci\u00f3n apropiada. Las reglas de JAMS est\u00e1n disponibles en <a href=\"http:\/\/www.jamsadr.com\" target=\"_blank\" rel=\"noopener noreferrer\">http:\/\/www.jamsadr.com<\/a>. En caso de que una disposici\u00f3n de esta Secci\u00f3n entre en conflicto con las reglas de arbitraje aplicables, prevalecer\u00e1 dicha disposici\u00f3n de esta Secci\u00f3n.<\/p>\n<\/div>\n<div class=\"col-12\">\n<p>Renuncia a demanda colectiva<\/p>\n<p>El \u00e1rbitro no puede consolidar los reclamos de m\u00e1s de una persona y no puede presidir ning\u00fan tipo de reclamo o procedimiento colectivo o representativo, a menos que tanto usted como POCKETALK acuerden espec\u00edficamente hacerlo luego del inicio del arbitraje. Si decide llevar una Disputa ante un tribunal al optar por no participar en la disposici\u00f3n de arbitraje, como se especifica anteriormente, esta renuncia a la demanda colectiva no se aplicar\u00e1 a usted. No se le permite ser representante del grupo, miembro del grupo ni participar de otro modo en un procedimiento colectivo, consolidado o representativo sin haber cumplido con los requisitos de exclusi\u00f3n voluntaria mencionados anteriormente.<\/p>\n<\/div>\n<div class=\"col-12\">\n<p>Renuncia del jurado<\/p>\n<p>Usted comprende y acepta que al aceptar la disposici\u00f3n de arbitraje contenida en estos T\u00e9rminos, usted y POCKETALK renuncian al derecho a un juicio con jurado o ante un juez en un tribunal p\u00fablico.<\/p>\n<\/div>\n<div class=\"col-12\">\n<p>Excepciones<\/p>\n<p>Sin perjuicio del p\u00e1rrafo de Arbitraje, usted o POCKETALK pueden presentar reclamos, si califican, en un tribunal de reclamos menores en Palo Alto, California o en cualquier condado de los Estados Unidos donde viva o trabaje. Cualquiera de las partes puede entablar una demanda \u00fanicamente por medidas cautelares u otras medidas equitativas para detener el uso no autorizado de los Servicios o los materiales de POCKETALK, o la infracci\u00f3n de los derechos de propiedad intelectual.<\/p>\n<\/div>\n<div class=\"col-12\">\n<p>Limitaci\u00f3n de reclamaciones<\/p>\n<p>Independientemente de cualquier ley que establezca lo contrario, cualquier reclamo que surja de una Disputa debe presentarse dentro de un (1) a\u00f1o despu\u00e9s de que surgi\u00f3 dicha causa de acci\u00f3n, o dicho reclamo o causa de acci\u00f3n prescribir\u00e1 para siempre.<\/p>\n<\/div>\n<\/section>\n<\/section>\n<\/article>\n<p>&nbsp;<\/p>\n<p>&nbsp;<\/p>\n<p><\/main><\/section>","protected":false},"excerpt":{"rendered":"These Terms of Use (these \u201cTerms\u201d) constitute an agreement between you and POCKETALK CORPORATION (\u201cPOCKETALK\u201d) regarding the use of the POCKETALK S Series device and any accompanying accessories (collectively, the \u201cDevice\u201d). Please read the Terms before using the Device. By using the Device, you agree to be bound by these Terms. If you do not&#8230;","protected":false},"author":13,"featured_media":0,"parent":0,"menu_order":0,"comment_status":"closed","ping_status":"closed","template":"template-full-skinny.php","meta":{"_acf_changed":false,"footnotes":""},"class_list":["post-3920","page","type-page","status-publish","hentry"],"acf":[],"_links":{"self":[{"href":"https:\/\/pocketalk.com\/es_es\/wp-json\/wp\/v2\/pages\/3920","targetHints":{"allow":["GET"]}}],"collection":[{"href":"https:\/\/pocketalk.com\/es_es\/wp-json\/wp\/v2\/pages"}],"about":[{"href":"https:\/\/pocketalk.com\/es_es\/wp-json\/wp\/v2\/types\/page"}],"author":[{"embeddable":true,"href":"https:\/\/pocketalk.com\/es_es\/wp-json\/wp\/v2\/users\/13"}],"replies":[{"embeddable":true,"href":"https:\/\/pocketalk.com\/es_es\/wp-json\/wp\/v2\/comments?post=3920"}],"version-history":[{"count":0,"href":"https:\/\/pocketalk.com\/es_es\/wp-json\/wp\/v2\/pages\/3920\/revisions"}],"wp:attachment":[{"href":"https:\/\/pocketalk.com\/es_es\/wp-json\/wp\/v2\/media?parent=3920"}],"curies":[{"name":"wp","href":"https:\/\/api.w.org\/{rel}","templated":true}]}}