{"id":3835,"date":"2024-03-18T12:31:30","date_gmt":"2024-03-18T20:31:30","guid":{"rendered":"https:\/\/pocketalk.com\/?page_id=3835"},"modified":"2024-10-30T09:55:20","modified_gmt":"2024-10-30T17:55:20","slug":"pocketalks-privacy-promise","status":"publish","type":"page","link":"https:\/\/pocketalk.com\/es_es\/pocketalks-privacy-promise","title":{"rendered":"La promesa de privacidad de Pocketalk"},"content":{"rendered":"<h2><span style=\"color: #262626;\">Donde cada palabra cuenta y la integridad no tiene precio<\/span><\/h2>\n<p>La seguridad es m\u00e1s que palabras de moda y tendencias pasajeras que se han convertido en una necesidad fundamental, si no impuesta por el gobierno. Pocketalk se basa en principios fundamentales en los que la precisi\u00f3n, la velocidad, la facilidad de uso y, sobre todo, la seguridad no son solo caracter\u00edsticas, sino promesas. Reconocemos la importancia de la seguridad de los datos y nos aseguramos de que se proteja la confidencialidad de los datos que maneja Pocketalk y, como resultado, se proteja la confidencialidad de las comunicaciones de nuestros usuarios. Nuestro papel es facilitar traducciones seguras, salvaguardando su di\u00e1logo a medida que cruza las barreras del idioma.<\/p>\n<p>Pocketalk se ha mantenido a la vanguardia de los servicios de traducci\u00f3n seguros. El soporte para el cumplimiento de HIPAA y el cumplimiento de est\u00e1ndares estrictos como el GDPR son solo el comienzo; nuestro cumplimiento de ISO27017, ISO27001 y otras certificaciones espec\u00edficas de la industria es un testimonio del compromiso de nuestro equipo de superar los puntos de referencia de la industria.<\/p>\n<p>Nuestra promesa de seguridad va m\u00e1s all\u00e1 de nuestros dispositivos y servicios. Estamos seguros a trav\u00e9s de Producto, Pol\u00edtica, Proceso y Procedimiento.<\/p>\n<p><strong>Producto<\/strong><br \/>\nLa seguridad es la piedra angular de todos los dise\u00f1os de nuestros productos. Cada etapa, desde la concepci\u00f3n hasta la fabricaci\u00f3n y la entrega, sigue nuestros estrictos criterios para pasar rigurosas pruebas de seguridad.<\/p>\n<p><strong>Pol\u00edtica<\/strong><br \/>\nNuestras pol\u00edticas internas van m\u00e1s all\u00e1 de las pr\u00e1cticas est\u00e1ndar. La conducta segura de nuestros empleados, los protocolos de acceso a los datos e incluso el manejo de los resultados de las traducciones garantizan que cada punto de contacto est\u00e9 controlado y sea seguro.<\/p>\n<p><strong>Proceso<\/strong><br \/>\nNuestros procesos operativos resisten las pruebas de terceros independientes. Estas auditor\u00edas externas, incluidas las pruebas de penetraci\u00f3n, sirven como sello de validaci\u00f3n de nuestras medidas de seguridad.<\/p>\n<p><strong>Procedimiento<\/strong><br \/>\nLos procedimientos act\u00faan como modelo para gestionar procesos a prueba de fallos. Nuestros procedimientos est\u00e1n dise\u00f1ados para eliminar vulnerabilidades y evolucionar continuamente para establecer precedentes de seguridad m\u00e1s altos para superar los est\u00e1ndares de nuestros clientes empresariales.<\/p>\n<p>Elegir una soluci\u00f3n de traducci\u00f3n requiere comprender el enfoque de seguridad de la empresa. No todos los servicios son iguales y muchos no alcanzan la verdadera seguridad a nivel empresarial. Para Pocketalk, nada es m\u00e1s importante que la seguridad.<\/p>\n<p>Pocketalk se distingue por haberse ganado la confianza y la preferencia de instituciones educativas l\u00edderes, empresas de energ\u00eda importantes, servicios gubernamentales, corporaciones Fortune 100 y entidades nacionales de atenci\u00f3n m\u00e9dica.<\/p>","protected":false},"excerpt":{"rendered":"Where Every Word Counts and Integrity is Priceless Security is more than buzzwords and temporary trends becoming a pivotal, if not government-mandated, necessity. Pocketalk is built on fundamental principles where precision, speed, user-friendliness, and, above all, security are not just features but promises. We recognize the importance of data security and ensure that the confidentiality&#8230;","protected":false},"author":13,"featured_media":0,"parent":0,"menu_order":0,"comment_status":"closed","ping_status":"closed","template":"template-full-skinny.php","meta":{"_acf_changed":false,"footnotes":""},"class_list":["post-3835","page","type-page","status-publish","hentry"],"acf":[],"_links":{"self":[{"href":"https:\/\/pocketalk.com\/es_es\/wp-json\/wp\/v2\/pages\/3835","targetHints":{"allow":["GET"]}}],"collection":[{"href":"https:\/\/pocketalk.com\/es_es\/wp-json\/wp\/v2\/pages"}],"about":[{"href":"https:\/\/pocketalk.com\/es_es\/wp-json\/wp\/v2\/types\/page"}],"author":[{"embeddable":true,"href":"https:\/\/pocketalk.com\/es_es\/wp-json\/wp\/v2\/users\/13"}],"replies":[{"embeddable":true,"href":"https:\/\/pocketalk.com\/es_es\/wp-json\/wp\/v2\/comments?post=3835"}],"version-history":[{"count":0,"href":"https:\/\/pocketalk.com\/es_es\/wp-json\/wp\/v2\/pages\/3835\/revisions"}],"wp:attachment":[{"href":"https:\/\/pocketalk.com\/es_es\/wp-json\/wp\/v2\/media?parent=3835"}],"curies":[{"name":"wp","href":"https:\/\/api.w.org\/{rel}","templated":true}]}}