{"id":3720,"date":"2024-02-08T12:39:56","date_gmt":"2024-02-08T20:39:56","guid":{"rendered":"https:\/\/pocketalk.com\/?page_id=3720"},"modified":"2025-07-14T11:20:09","modified_gmt":"2025-07-14T15:20:09","slug":"about-us","status":"publish","type":"page","link":"https:\/\/pocketalk.com\/es_es\/about-us","title":{"rendered":"Sobre nosotros"},"content":{"rendered":"<p><img loading=\"lazy\" decoding=\"async\" class=\"alignnone wp-image-3721\" src=\"https:\/\/pocketalk.com\/wp-content\/uploads\/2024\/02\/pt_about_us_bg-1024x524.png\" alt=\"\" width=\"500\" height=\"256\" srcset=\"https:\/\/pocketalk.com\/wp-content\/uploads\/2024\/02\/pt_about_us_bg-1024x524.png 1024w, https:\/\/pocketalk.com\/wp-content\/uploads\/2024\/02\/pt_about_us_bg-300x153.png 300w, https:\/\/pocketalk.com\/wp-content\/uploads\/2024\/02\/pt_about_us_bg-768x393.png 768w, https:\/\/pocketalk.com\/wp-content\/uploads\/2024\/02\/pt_about_us_bg-1536x786.png 1536w, https:\/\/pocketalk.com\/wp-content\/uploads\/2024\/02\/pt_about_us_bg-18x9.png 18w, https:\/\/pocketalk.com\/wp-content\/uploads\/2024\/02\/pt_about_us_bg-600x307.png 600w, https:\/\/pocketalk.com\/wp-content\/uploads\/2024\/02\/pt_about_us_bg-120x61.png 120w, https:\/\/pocketalk.com\/wp-content\/uploads\/2024\/02\/pt_about_us_bg-64x33.png 64w, https:\/\/pocketalk.com\/wp-content\/uploads\/2024\/02\/pt_about_us_bg-40x20.png 40w, https:\/\/pocketalk.com\/wp-content\/uploads\/2024\/02\/pt_about_us_bg.png 1720w\" sizes=\"auto, (max-width: 500px) 100vw, 500px\" \/><\/p>\n<p>En Pocketalk creemos en el valor de todas las conversaciones, desde las que ya mantienes hasta las que no sab\u00edas que necesitabas. Entendemos el poder del lenguaje para unir a las personas, nivelar el campo de juego e incluso salvar vidas. Con una traducci\u00f3n precisa disponible en un instante, estamos transformando la comunicaci\u00f3n de organizaciones y particulares de todo el mundo.<\/p>\n<p>Nuestras soluciones de traducci\u00f3n permiten una conversaci\u00f3n espont\u00e1nea entre idiomas, mientras que nuestro software de an\u00e1lisis proporciona informes personalizados en tiempo real sobre cualquier aspecto, desde el n\u00famero de traducciones hasta los idiomas utilizados. Con el hardware y el software basados en el motor de traducci\u00f3n propio de Pocketalk, Prism Language Systems, las organizaciones disponen de las herramientas y los conocimientos necesarios para crear una plantilla m\u00e1s eficiente, sincronizada y satisfecha. Adem\u00e1s, nuestras pr\u00e1cticas de protecci\u00f3n de datos van m\u00e1s all\u00e1 de las normas del sector, por lo que puede estar seguro de que todas las comunicaciones son seguras y confidenciales.<\/p>\n<ul class=\"--pt-ul-img\">\n<li><b>Nuestra visi\u00f3n:<\/b> Un mundo en el que todos son bienvenidos a la conversaci\u00f3n.<\/li>\n<li><b>Nuestra misi\u00f3n:<\/b> Innovar en la tecnolog\u00eda de la traducci\u00f3n para que las organizaciones y las personas puedan comunicarse sin problemas y con confianza en todos los idiomas.<\/li>\n<li><b>Equipo diverso, visi\u00f3n integradora:<\/b> Nuestra fuerza reside en nuestra diversidad. Con un equipo procedente de diversos rincones del mundo, estamos profundamente comprometidos con la creaci\u00f3n de un entorno integrador. Entendemos que la verdadera comunicaci\u00f3n requiere algo m\u00e1s que palabras: exige sensibilidad cultural y aprecio por la diversidad.<\/li>\n<li><b>Presencia mundial: <\/b>Con oficinas estrat\u00e9gicamente situadas en Tokio, Palo Alto y Londres, operamos en el coraz\u00f3n de diversos paisajes ling\u00fc\u00edsticos. Nuestro alcance mundial nos permite comprender y abordar las necesidades de traducci\u00f3n espec\u00edficas de las distintas regiones.<\/li>\n<\/ul>\n<p>Desde el aula a la sala de espera, desde el almac\u00e9n al vest\u00edbulo del hotel, trabajamos para crear un mundo mejor y m\u00e1s conectado<b>un mundo donde todos son bienvenidos a la conversaci\u00f3n.<\/b><\/p>\n<p>&nbsp;<\/p>","protected":false},"excerpt":{"rendered":"Here at Pocketalk, we believe in the value of every conversation, from the ones you\u2019re already having to the ones you never knew you needed. We understand the power of language to bring people together, level the playing field and even save lives. With accurate translation available in an instant, we\u2019re transforming communication for organizations&#8230;","protected":false},"author":13,"featured_media":0,"parent":0,"menu_order":0,"comment_status":"closed","ping_status":"closed","template":"template-full-skinny.php","meta":{"_acf_changed":false,"footnotes":""},"class_list":["post-3720","page","type-page","status-publish","hentry"],"acf":[],"_links":{"self":[{"href":"https:\/\/pocketalk.com\/es_es\/wp-json\/wp\/v2\/pages\/3720","targetHints":{"allow":["GET"]}}],"collection":[{"href":"https:\/\/pocketalk.com\/es_es\/wp-json\/wp\/v2\/pages"}],"about":[{"href":"https:\/\/pocketalk.com\/es_es\/wp-json\/wp\/v2\/types\/page"}],"author":[{"embeddable":true,"href":"https:\/\/pocketalk.com\/es_es\/wp-json\/wp\/v2\/users\/13"}],"replies":[{"embeddable":true,"href":"https:\/\/pocketalk.com\/es_es\/wp-json\/wp\/v2\/comments?post=3720"}],"version-history":[{"count":0,"href":"https:\/\/pocketalk.com\/es_es\/wp-json\/wp\/v2\/pages\/3720\/revisions"}],"wp:attachment":[{"href":"https:\/\/pocketalk.com\/es_es\/wp-json\/wp\/v2\/media?parent=3720"}],"curies":[{"name":"wp","href":"https:\/\/api.w.org\/{rel}","templated":true}]}}