{"id":182,"date":"2019-12-09T22:24:57","date_gmt":"2019-12-09T22:24:57","guid":{"rendered":"https:\/\/pocketalk.com\/?page_id=182"},"modified":"2026-01-27T13:36:35","modified_gmt":"2026-01-27T18:36:35","slug":"shipping-policy","status":"publish","type":"page","link":"https:\/\/pocketalk.com\/es_es\/shipping-policy","title":{"rendered":"Pol\u00edtica de Env\u00edo"},"content":{"rendered":"<\/p>\n<h3>Precio y Pago<\/h3>\n<p>Cualquier precio mostrado en la p\u00e1gina del producto consiste en el precio de venta total del producto, incluido el impuesto al valor agregado o el impuesto sobre las ventas, pero excluyendo el costo de env\u00edo y los derechos de importaci\u00f3n (cuando corresponda). Pocketalk indicar\u00e1 claramente todos los costos de env\u00edo aplicables antes de la celebraci\u00f3n del Acuerdo. Sin embargo, usted es el \u00fanico responsable de determinar si, y en qu\u00e9 medida, se pueden aplicar derechos de importaci\u00f3n al Acuerdo (as\u00ed como el pago de los mismos).<br \/>\nA menos que se indique lo contrario como parte de la oferta del producto, todos los pagos deben realizarse a los 14 d\u00edas del primer d\u00eda del per\u00edodo de desistimiento, o a los 14 d\u00edas de la celebraci\u00f3n del Acuerdo si no se aplica el per\u00edodo de desistimiento (v\u00e9ase \"Derecho de desistimiento\").<\/p>\n<h3>Entrega<\/h3>\n<p>Pocketalk se esforzar\u00e1 por garantizar la entrega de todos los Productos en o antes de la &quot;fecha de entrega prevista&quot;. Sin embargo, esto puede no ser posible en todas las circunstancias. Por tanto, la &quot;fecha prevista de entrega&quot; no es vinculante y no se pueden derivar derechos de ella.<br \/>\nSi el Producto no se entrega dentro de los 30 d\u00edas, usted puede disolver legalmente el Acuerdo notific\u00e1ndolo a Pocketalk a trav\u00e9s de cualquiera de los medios de comunicaci\u00f3n indicados en &quot;Identidad del proveedor&quot; m\u00e1s arriba.<\/p>\n<p>Pocketalk garantiza que el Producto se ajusta a la descripci\u00f3n indicada (con la excepci\u00f3n de errores obvios) en el sitio web europe.pocketalk.net y que estar\u00e1 libre de defectos materiales de acuerdo con nuestra garant\u00eda. Consulte &quot;Garant\u00eda limitada&quot; (a continuaci\u00f3n) para obtener m\u00e1s informaci\u00f3n.<\/p>\n<h3>M\u00e9todos de pago<\/h3>\n<p>Los siguientes son los m\u00e9todos de pago que ofrecemos en nuestro sitio web:<\/p>\n<ul>\n<li>Visa<\/li>\n<li>Tarjeta MasterCard<\/li>\n<li>American Express<\/li>\n<li>Maestro<\/li>\n<li>Ideal<\/li>\n<li>Bancontacto<\/li>\n<li>PayPal<\/li>\n<\/ul>\n<p>","protected":false},"excerpt":{"rendered":"","protected":false},"author":13,"featured_media":0,"parent":0,"menu_order":0,"comment_status":"closed","ping_status":"closed","template":"template-full-skinny.php","meta":{"_acf_changed":false,"footnotes":""},"class_list":["post-182","page","type-page","status-publish","hentry"],"acf":[],"_links":{"self":[{"href":"https:\/\/pocketalk.com\/es_es\/wp-json\/wp\/v2\/pages\/182","targetHints":{"allow":["GET"]}}],"collection":[{"href":"https:\/\/pocketalk.com\/es_es\/wp-json\/wp\/v2\/pages"}],"about":[{"href":"https:\/\/pocketalk.com\/es_es\/wp-json\/wp\/v2\/types\/page"}],"author":[{"embeddable":true,"href":"https:\/\/pocketalk.com\/es_es\/wp-json\/wp\/v2\/users\/13"}],"replies":[{"embeddable":true,"href":"https:\/\/pocketalk.com\/es_es\/wp-json\/wp\/v2\/comments?post=182"}],"version-history":[{"count":0,"href":"https:\/\/pocketalk.com\/es_es\/wp-json\/wp\/v2\/pages\/182\/revisions"}],"wp:attachment":[{"href":"https:\/\/pocketalk.com\/es_es\/wp-json\/wp\/v2\/media?parent=182"}],"curies":[{"name":"wp","href":"https:\/\/api.w.org\/{rel}","templated":true}]}}