{"id":177,"date":"2019-12-09T22:17:33","date_gmt":"2019-12-09T22:17:33","guid":{"rendered":"https:\/\/pocketalk.com\/?page_id=177"},"modified":"2024-07-11T12:07:39","modified_gmt":"2024-07-11T20:07:39","slug":"warranty","status":"publish","type":"page","link":"https:\/\/pocketalk.com\/es_es\/warranty","title":{"rendered":"Garant\u00eda limitada"},"content":{"rendered":"<p>&nbsp;<\/p>\n\n\n\n<\/p>\n<h3><b>Introducci\u00f3n<\/b><\/h3>\n<p>Pocketalk garantiza al Comprador original (como se define a continuaci\u00f3n) que el dispositivo Pocketalk y los accesorios incluidos (colectivamente, el &quot;Producto&quot;) estar\u00e1n libres de defectos en materiales y mano de obra en condiciones de uso normal durante un per\u00edodo de dos (2) a\u00f1os a partir de la fecha. de compra (el \u201cPer\u00edodo de Garant\u00eda\u201d) para residentes del Espacio Econ\u00f3mico Europeo (EEE) y Suiza.<\/p>\n<h3><b>Remedios<\/b><\/h3>\n<p>Si surge dicho defecto y Pocketalk recibe una solicitud de RMA dentro del Per\u00edodo de garant\u00eda, Pocketalk, a su entera discreci\u00f3n y en la medida permitida por la ley, (1) reparar\u00e1 el Producto sin cargo, utilizando piezas de repuesto nuevas o reacondicionadas. o (2) reemplazar el Producto por un Producto nuevo o reacondicionado. En caso de tal defecto, en la medida permitida por la ley, estos son sus \u00fanicos y exclusivos recursos. Se pueden aplicar cargos de env\u00edo y manipulaci\u00f3n, excepto donde lo proh\u00edba la ley aplicable. Esta garant\u00eda limitada es v\u00e1lida \u00fanicamente en las jurisdicciones donde los Productos son vendidos por Pocketalk mismo o a trav\u00e9s de su revendedor o agente autorizado y es v\u00e1lida en la medida permitida por las leyes aplicables de dichas jurisdicciones. Cualquier Producto de reemplazo estar\u00e1 garantizado por el resto del per\u00edodo de garant\u00eda original o treinta (30) d\u00edas, lo que sea m\u00e1s largo, o por cualquier per\u00edodo de tiempo adicional que pueda exigir la ley aplicable.<\/p>\n<h3><b>Obtenci\u00f3n de servicios de garant\u00eda<\/b><\/h3>\n<p>Para obtener el servicio de garant\u00eda, se debe solicitar una RMA al equipo de Atenci\u00f3n al Cliente de Pocketalk. Para solicitar una RMA, comun\u00edquese con el Servicio de atenci\u00f3n al cliente aqu\u00ed. El RMA debe incluirse junto con el Producto; de lo contrario, Pocketalk podr\u00e1 rechazar el Producto. Debe entregar el Producto, ya sea en su embalaje original o en un embalaje que proporcione una protecci\u00f3n equivalente, a la direcci\u00f3n especificada por Pocketalk. Pocketalk puede solicitarle que proporcione un comprobante de los detalles de compra y\/o que cumpla con otros requisitos antes de recibir el servicio de garant\u00eda. Para obtener instrucciones m\u00e1s espec\u00edficas sobre c\u00f3mo obtener servicio de garant\u00eda para su Producto, visite la Ayuda del producto Pocketalk.<\/p>\n<h3><b>Exclusiones y Limitaciones<\/b><\/h3>\n<ul>\n<li aria-level=\"1\">Pocketalk no garantiza que el funcionamiento del Producto ser\u00e1 ininterrumpido o estar\u00e1 libre de errores.<\/li>\n<li aria-level=\"1\">Esta garant\u00eda limitada no cubre el software integrado en ning\u00fan Producto ni ning\u00fan servicio relacionado proporcionado por Pocketalk. Consulte los T\u00e9rminos de servicio de Pocketalk para obtener detalles sobre sus derechos con respecto al uso del software y los servicios relacionados.<\/li>\n<li aria-level=\"1\">Esta garant\u00eda limitada se aplica \u00fanicamente al comprador original. El &quot;Comprador original&quot; es el comprador usuario final original del Producto que se compr\u00f3 a un revendedor o canal de ventas autorizado y fue fabricado por o para Pocketalk y que puede identificarse mediante una marca registrada, nombre comercial o logotipo autorizado de Pocketalk adherido al mismo (por (por ejemplo, una marca autorizada POCKETALK). Para mayor claridad, un revendedor no se considera un comprador original. Cualquier uso de la palabra &quot;usted&quot; en esta Garant\u00eda debe entenderse como una referencia a un Comprador Original.<\/li>\n<li aria-level=\"1\">Sin limitar lo anterior, esta garant\u00eda limitada no se aplica a ning\u00fan (a) producto y servicio de Pocketalk que no sean los Productos, (b) productos que no sean de Pocketalk, incluso si se incluyen o se venden con un Producto, incluidos, entre otros, cualquier producto falsificado. , (c) productos que son, o Pocketalk cree razonablemente que son, robados, (d) consumibles (como bater\u00edas), (e) software, incluso si est\u00e1n empaquetados o vendidos con el Producto o integrados en el Producto, o (f) Accesorios Pocketalk distintos de los accesorios incluidos.<\/li>\n<li aria-level=\"1\">Esta garant\u00eda limitada no se aplica a un Producto o parte de un Producto que haya sido reparado, alterado, reacondicionado o modificado por cualquier persona que no est\u00e9 autorizada por Pocketalk, ni se aplica a ning\u00fan da\u00f1o cosm\u00e9tico como rayones y abolladuras.<\/li>\n<li aria-level=\"1\">Esta garant\u00eda limitada tampoco se aplica a da\u00f1os o defectos causados por (a) el uso con productos que no sean de Pocketalk; (b) accidente, abuso, mal uso, mal manejo, inundaci\u00f3n, incendio, terremoto u otras causas externas; (c) desgaste normal o envejecimiento del Producto, como decoloraci\u00f3n o estiramiento; o (d) operar el Producto (i) fuera de los usos permitidos o previstos descritos por Pocketalk, (ii) no de acuerdo con las instrucciones proporcionadas por Pocketalk, o (iii) con voltaje o suministro de energ\u00eda inadecuados.<\/li>\n<li aria-level=\"1\">Ning\u00fan revendedor, distribuidor, agente o empleado de Pocketalk est\u00e1 autorizado a realizar modificaciones, extensiones o adiciones a esta garant\u00eda limitada. Cualquier modificaci\u00f3n de este tipo no es vinculante para Pocketalk.<\/li>\n<\/ul>\n<h3><b>Disputa<\/b><\/h3>\n<p>En caso de que surja alg\u00fan conflicto, desacuerdo o disputa entre Pocketalk y usted en relaci\u00f3n con el funcionamiento del Producto, Pocketalk se reserva el derecho de exigir prueba del defecto si se notifica en una fecha de seis meses o despu\u00e9s de la fecha de compra.<\/p>\n<h3><b>Descargo de Responsabilidad<\/b><\/h3>\n<p>En la medida permitida por la ley, esta garant\u00eda limitada y los recursos aqu\u00ed establecidos son exclusivos y reemplazan todas las dem\u00e1s garant\u00edas, recursos y condiciones, ya sean orales, escritas, legales, expresas o impl\u00edcitas. Pocketalk renuncia a todas las garant\u00edas legales e impl\u00edcitas, incluidas, entre otras, garant\u00edas de comerciabilidad e idoneidad para un prop\u00f3sito particular y garant\u00edas contra defectos ocultos o latentes, en la medida permitida por la ley. En la medida en que dichas garant\u00edas no puedan ser rechazadas, Pocketalk limita la duraci\u00f3n y los recursos de dichas garant\u00edas a la duraci\u00f3n de esta garant\u00eda limitada expresa. Algunas jurisdicciones no permiten limitaciones sobre la duraci\u00f3n de una garant\u00eda (o condici\u00f3n) impl\u00edcita, por lo que es posible que la limitaci\u00f3n descrita anteriormente no se aplique a usted. Adem\u00e1s, los consumidores en algunas jurisdicciones pueden tener derechos legales seg\u00fan la legislaci\u00f3n nacional aplicable que rige la venta de bienes de consumo a los que no se puede renunciar mediante contrato. Estos derechos no se ven afectados por esta garant\u00eda limitada.<\/p>\n<h3><b>Limitaci\u00f3n de Responsabilidad<\/b><\/h3>\n<p>Excepto en la medida en que lo proh\u00edba la ley aplicable, Pocketalk no ser\u00e1 responsable de ning\u00fan da\u00f1o incidental, indirecto, especial o consecuente, incluida, entre otras, la p\u00e9rdida de ganancias, ingresos o datos, que resulte de cualquier incumplimiento de la garant\u00eda o condici\u00f3n expresa o impl\u00edcita. o bajo cualquier otra teor\u00eda legal, incluso si Pocketalk ha sido advertido de la posibilidad de tales da\u00f1os. Algunas jurisdicciones no permiten la exclusi\u00f3n o limitaci\u00f3n de da\u00f1os especiales, indirectos, incidentales o consecuentes, por lo que es posible que la limitaci\u00f3n o exclusi\u00f3n anterior no se aplique a usted.<\/p>\n<h3><b>Ley Aplicable<\/b><\/h3>\n<p>Esta Pol\u00edtica de Devoluci\u00f3n y Garant\u00eda Limitada de Pocketalk se rige por las leyes de los Pa\u00edses Bajos, sin dar efecto a ning\u00fan conflicto de principios legales que puedan establecer la aplicaci\u00f3n de la ley de otra jurisdicci\u00f3n. Si alguna de las cl\u00e1usulas contenidas en el presente documento se considera ilegal o inaplicable, la legalidad o aplicabilidad de las restantes cl\u00e1usulas no se ver\u00e1 afectada ni perjudicada. Cualquier disputa relacionada con los t\u00e9rminos de esta Garant\u00eda se someter\u00e1 al tribunal competente de \u00c1msterdam.<\/p>\n<p>Fecha de entrada en vigor: 30 de abril de 2020<\/p>\n<p>","protected":false},"excerpt":{"rendered":"&nbsp;","protected":false},"author":13,"featured_media":0,"parent":0,"menu_order":0,"comment_status":"closed","ping_status":"closed","template":"template-full-skinny.php","meta":{"_acf_changed":false,"footnotes":""},"class_list":["post-177","page","type-page","status-publish","hentry"],"acf":[],"_links":{"self":[{"href":"https:\/\/pocketalk.com\/es_es\/wp-json\/wp\/v2\/pages\/177","targetHints":{"allow":["GET"]}}],"collection":[{"href":"https:\/\/pocketalk.com\/es_es\/wp-json\/wp\/v2\/pages"}],"about":[{"href":"https:\/\/pocketalk.com\/es_es\/wp-json\/wp\/v2\/types\/page"}],"author":[{"embeddable":true,"href":"https:\/\/pocketalk.com\/es_es\/wp-json\/wp\/v2\/users\/13"}],"replies":[{"embeddable":true,"href":"https:\/\/pocketalk.com\/es_es\/wp-json\/wp\/v2\/comments?post=177"}],"version-history":[{"count":0,"href":"https:\/\/pocketalk.com\/es_es\/wp-json\/wp\/v2\/pages\/177\/revisions"}],"wp:attachment":[{"href":"https:\/\/pocketalk.com\/es_es\/wp-json\/wp\/v2\/media?parent=177"}],"curies":[{"name":"wp","href":"https:\/\/api.w.org\/{rel}","templated":true}]}}