{"id":175,"date":"2019-12-09T22:16:49","date_gmt":"2019-12-09T22:16:49","guid":{"rendered":"https:\/\/pocketalk.com\/?page_id=175"},"modified":"2024-04-30T11:08:02","modified_gmt":"2024-04-30T19:08:02","slug":"website-terms-of-use","status":"publish","type":"page","link":"https:\/\/pocketalk.com\/es_es\/website-terms-of-use","title":{"rendered":"T\u00e9rminos de uso del sitio web"},"content":{"rendered":"<p><em>A partir del 1 de abril de 2024<\/em><\/p>\n<p class=\"translation-block\">Estos T\u00e9rminos de uso (los \u201cT\u00e9rminos\u201d) rigen su acceso y uso de cualquiera de las propiedades de Internet proporcionadas por Pocketalk Inc. (\u201cPocketalk\u201d, \u201cnosotros\u201d, \u201cnos\u201d, \u201cnuestro\u201d), incluido el sitio web de Pocketalk ( www.pocketalk.com ), nuestro sitio web m\u00f3vil, perfiles operados o de propiedad de Pocketalk en sitios de redes sociales y cualquier otro servicio o propiedad digital operado, utilizado o publicado por Pocketalk de vez en cuando (colectivamente, los \"Sitios\"). Al acceder o utilizar los Sitios, usted acepta que ha le\u00eddo, comprendido y aceptado regirse por estos T\u00e9rminos.<\/p>\n<p><strong>Si no est\u00e1 de acuerdo con estos T\u00e9rminos, no podr\u00e1 acceder ni utilizar los Sitios.<\/strong><\/p>\n<p><em>Tenga en cuenta que los t\u00e9rminos y condiciones aplicables al uso de cualquier dispositivo Pocketalk (un \"Dispositivo\") son distintos de estos T\u00e9rminos y est\u00e1n disponibles para usted al adquirir un Dispositivo.<\/em><\/p>\n<p><strong>1.     Elegibilidad<\/strong><\/p>\n<p>Al acceder o usar los Sitios, usted nos declara que tiene m\u00e1s de 18 a\u00f1os (o la mayor\u00eda de edad en su jurisdicci\u00f3n, lo que sea mayor) y que est\u00e1 completamente capacitado y competente para aceptar estos T\u00e9rminos. Si utiliza los Sitios en nombre de otra persona o entidad, (a) todas las referencias a \"usted\" en estos T\u00e9rminos incluir\u00e1n a esa persona o entidad, (b) usted declara que est\u00e1 autorizado para aceptar estos T\u00e9rminos en nombre de esa persona o entidad, y (c) en el caso de que usted o la persona o entidad violen estos T\u00e9rminos, la persona o entidad acepta ser responsable ante nosotros.<\/p>\n<p><strong>2.\u00a0\u00a0\u00a0\u00a0 <\/strong><strong>Cambios en estos T\u00e9rminos<\/strong><\/p>\n<p>Podemos actualizar o modificar estos T\u00e9rminos de vez en cuando. Si realizamos cambios materiales, publicaremos los T\u00e9rminos actualizados en esta p\u00e1gina con una fecha de \"\u00daltima actualizaci\u00f3n\" efectiva de las revisiones. Su uso continuo de los Sitios despu\u00e9s de una actualizaci\u00f3n constituir\u00e1 la aceptaci\u00f3n de los T\u00e9rminos actualizados. Si no est\u00e1 de acuerdo con los T\u00e9rminos actualizados, debe dejar de usar los Sitios.<\/p>\n<p><strong>3.\u00a0\u00a0\u00a0\u00a0 <\/strong><strong>Derechos de Propiedad Intelectual de Pocketalk y Licencia Limitada<\/strong><\/p>\n<p>Los Sitios, incluido el dise\u00f1o, texto, gr\u00e1ficos, im\u00e1genes, datos, software, c\u00f3digo fuente y otros contenidos contenidos en ellos (y su selecci\u00f3n, disposici\u00f3n y presentaci\u00f3n), son propiedad de Pocketalk o de nuestros licenciantes y est\u00e1n protegidos por la ley, incluida la ley de derechos de autor y marcas registradas. Excepto como se indica expl\u00edcitamente en estos T\u00e9rminos, todos los derechos sobre y en los Sitios est\u00e1n reservados por nosotros o nuestros licenciantes.<\/p>\n<p>Sujeto a su cumplimiento de estos T\u00e9rminos, le otorgamos una licencia limitada, no exclusiva, no transferible, no sublicenciable y revocable para acceder y usar los Sitios para su uso no comercial y para ning\u00fan otro prop\u00f3sito.<\/p>\n<p><strong>4.\u00a0\u00a0\u00a0\u00a0 <\/strong><strong>Contenido Generado por el Usuario<\/strong><\/p>\n<p>Los Sitios pueden incluir funciones que le permitan subir comentarios, opiniones u otro contenido (\"Contenido Generado por el Usuario\"). Al contribuir con Contenido Generado por el Usuario a cualquiera de los Sitios, usted entiende y reconoce que esta informaci\u00f3n est\u00e1 disponible para el p\u00fablico y por la presente otorga a Pocketalk una licencia mundial, libre de regal\u00edas, completamente pagada, no exclusiva, perpetua, irrevocable, transferible y completamente sublicenciable para reproducir, distribuir, ejecutar y mostrar, crear trabajos derivados, adaptar, modificar y de otro modo usar y explotar dicho Contenido Generado por el Usuario para cualquier prop\u00f3sito (incluidos prop\u00f3sitos promocionales, como testimonios).<\/p>\n<p>Usted declara y garantiza que tiene todos los derechos necesarios para otorgar las licencias concedidas en esta secci\u00f3n y que su Contenido Generado por el Usuario no infringe ninguna ley aplicable ni ning\u00fan derecho de terceros.<\/p>\n<p><strong>5.\u00a0\u00a0\u00a0\u00a0 <\/strong><strong>Infracci\u00f3n de derechos de autor <\/strong><\/p>\n<p class=\"translation-block\">Pocketalk sigue los procedimientos de la Ley de Derechos de Autor del Milenio Digital de 1998 al brindar recursos a los propietarios de derechos de autor que creen que el material que aparece en Internet infringe sus derechos seg\u00fan la ley de derechos de autor de EE. UU. Si cree de buena fe que los materiales disponibles en los Sitios infringen sus derechos de autor, usted o su agente pueden enviar a Pocketalk una notificaci\u00f3n por escrito por correo postal o electr\u00f3nico, solicitando que eliminemos dicho material o bloqueemos el acceso a \u00e9l. Consulte <a href=\"http:\/\/www.copyright.gov\/\" target=\"_self\">http:\/\/www.copyright.gov<\/a> para obtener m\u00e1s detalles. Las notificaciones deben enviarse por escrito a:<\/p>\n<p>&nbsp;<\/p>\n<p><strong>Pocketalk Inc.<\/strong><br \/>\n445 Sherman Ave. Ste 120<br \/>\nPalo Alto, CA 94306<br \/>\nA la atenci\u00f3n de: Legal<br \/>\nCorreo electr\u00f3nico: press@pocketalk.com<\/p>\n<p>&nbsp;<\/p>\n<p><strong>6.\u00a0\u00a0\u00a0\u00a0 <\/strong><strong>Su uso de los sitios<\/strong><\/p>\n<p>Al utilizar los Sitios, usted acepta<\/p>\n<ul>\n<li>utilizar los Sitios \u00fanicamente de manera legal y \u00fanicamente para los fines previstos;<\/li>\n<li>no expresar ni dar a entender que cualquier declaraci\u00f3n que usted haga est\u00e9 respaldada por Pocketalk;<\/li>\n<li>no realizar ingenier\u00eda inversa, desmontar ni intentar crear o derivar el c\u00f3digo fuente subyacente de los Sitios;<\/li>\n<li>no utilizar ni acceder a los Sitios para crear un producto o servicio similar o competitivo;<\/li>\n<li>no intentar sondear, escanear o probar la vulnerabilidad de ning\u00fan Sitio ni violar o alterar las medidas de seguridad o autenticaci\u00f3n de los Sitios o nuestros sistemas;<\/li>\n<li>no enviar virus u otros c\u00f3digos maliciosos a los Sitios o a trav\u00e9s de ellos;<\/li>\n<li>no enviar Contenido generado por el usuario que, a nuestro exclusivo criterio, sea objetable o restrinja o inhiba a cualquier otra persona en el uso o disfrute de los Sitios; y<\/li>\n<li>no utilizar los Sitios para transmitir \u201cspam\u201d u otras comunicaciones comerciales no autorizadas.<\/li>\n<\/ul>\n<p><strong>7.\u00a0\u00a0\u00a0\u00a0 <\/strong><strong>Suspensi\u00f3n y Terminaci\u00f3n<\/strong><\/p>\n<p>Nos reservamos el derecho (a) de suspender o cancelar inmediatamente y sin previo aviso su acceso o uso de los Sitios si creemos razonablemente que ha violado estos T\u00e9rminos, (b) de, a nuestro exclusivo criterio, eliminar cualquier Contenido generado por el usuario o otro material que infrinja estos T\u00e9rminos o que de otro modo sea objetable, y (c) modificar los Sitios o suspender o dejar de proporcionar la totalidad o parte de los Sitios en cualquier momento. Tambi\u00e9n tiene derecho a dejar de utilizar los Sitios en cualquier momento. No somos responsables de ninguna p\u00e9rdida o da\u00f1o relacionado con su incapacidad para acceder o utilizar los Sitios.<\/p>\n<p><strong>8.\u00a0\u00a0\u00a0\u00a0 <\/strong><strong>Privacidad<\/strong><\/p>\n<p class=\"translation-block\">Nuestra recopilaci\u00f3n y uso de su informaci\u00f3n personal a trav\u00e9s de los Sitios se describe en nuestra <a href=\"https:\/\/pocketalk.com\/es_es\/privacy-policy\/\" target=\"_self\">Privacidad <\/a><a href=\"https:\/\/pocketalk.com\/es_es\/privacy-policy\/\" target=\"_self\">Pol\u00edtica<\/a>. Al acceder o utilizar los Sitios, usted reconoce que ha le\u00eddo y comprendido la <a href=\"https:\/\/pocketalk.com\/es_es\/privacy-policy\/\" target=\"_self\">Pol\u00edtica de Privacidad<\/a>, actualizada de vez en cuando.<\/p>\n<p><strong>9.\u00a0\u00a0\u00a0\u00a0 <\/strong><strong>Indemnizaci\u00f3n<\/strong><\/p>\n<p>Usted acepta indemnizar, defender y eximir de responsabilidad a Pocketalk y su empresa matriz, afiliados, funcionarios, directores, agentes y empleados de cualquier reclamo, responsabilidad, da\u00f1o, sentencia, indemnizaci\u00f3n, p\u00e9rdida, costo, gasto y honorario (incluidos los honorarios de los abogados). tarifas) que surjan de o est\u00e9n relacionados con su acceso o uso de los Sitios, o actividades relacionadas con ellos.<\/p>\n<p><strong>10.\u00a0 <\/strong><strong>Descargo de Responsabilidad<\/strong><\/p>\n<p>LOS SITIOS SE PROPORCIONAN \u201cTAL CUAL\u201d Y \u201cSEG\u00daN DISPONIBILIDAD\u201d, SIN NINGUNA GARANT\u00cdA DE NING\u00daN TIPO, Y POCKETALK RENUNCIA EXPRESAMENTE A TODAS LAS GARANT\u00cdAS, YA SEA EXPRESAS O IMPL\u00cdCITAS, CON RESPECTO A LOS SITIOS, EN LA MEDIDA M\u00c1XIMA PERMITIDA POR LA LEY APLICABLE. , INCLUYENDO GARANT\u00cdAS DE COMERCIABILIDAD, IDONEIDAD PARA UN PROP\u00d3SITO PARTICULAR, NO INFRACCI\u00d3N Y T\u00cdTULO, Y GARANT\u00cdAS QUE SURJAN DEL CURSO DE DESEMPE\u00d1O, CURSO DE NEGOCIACI\u00d3N O USO O COMERCIO.<\/p>\n<p>Si bien tratamos de mantener la puntualidad, integridad y seguridad de los Sitios, no garantizamos que los Sitios est\u00e9n o permanezcan actualizados, completos, correctos o seguros, o que el acceso a los Sitios sea ininterrumpido. Es posible que necesitemos realizar mantenimiento en los Sitios de vez en cuando, lo que puede resultar en interrupciones temporales de su disponibilidad. Los Sitios pueden incluir imprecisiones o errores. Usted asume todo el riesgo en cuanto a la calidad y el rendimiento de los Sitios.<\/p>\n<p><strong>11.\u00a0 <\/strong><strong>Limitaci\u00f3n de responsabilidad <\/strong><\/p>\n<p>POCKETALK NO SER\u00c1 RESPONSABLE DE NING\u00daN DA\u00d1O INDIRECTO, INCIDENTAL, CONSECUENTE, ESPECIAL, EJEMPLAR O PUNITIVO DE NING\u00daN TIPO, BAJO CUALQUIER CONTRATO, AGRAVIO (INCLUYENDO NEGLIGENCIA), RESPONSABILIDAD ESTRICTA U OTRA TEOR\u00cdA, INCLUYENDO DA\u00d1OS POR P\u00c9RDIDA DE BENEFICIOS, USO DE DATOS, P\u00c9RDIDA DE OTROS INTANGIBLES O P\u00c9RDIDA DE SEGURIDAD DE LOS MATERIALES ENVIADOS (INCLUIDA LA INTERCEPCI\u00d3N NO AUTORIZADA POR PARTE DE TERCEROS DE CUALQUIER MATERIAL ENVIADO), INCLUSO SI SE INFORMA CON ANTICIPACI\u00d3N DE LA POSIBILIDAD DE TALES DA\u00d1OS O P\u00c9RDIDAS. SIN LIMITAR LO ANTERIOR, POCKETALK NO SER\u00c1 RESPONSABLE POR DA\u00d1OS DE NING\u00daN TIPO QUE RESULTEN DE SU USO O INCAPACIDAD DE UTILIZAR LOS SITIOS O DE CUALQUIER MATERIAL DE TERCEROS, INCLUYENDO DE CUALQUIER VIRUS QUE PUEDA SER TRANSMITIDO EN RELACI\u00d3N CON ELLOS. SU \u00daNICO Y EXCLUSIVO RECURSO EN CASO DE INSATISFACCI\u00d3N CON LOS SITIOS ES DEJAR DE UTILIZARLOS. LA RESPONSABILIDAD TOTAL M\u00c1XIMA DE POCKETALK POR TODOS LOS DA\u00d1OS, P\u00c9RDIDAS Y CAUSAS DE ACCI\u00d3N, YA SEA POR CONTRATO, AGRAVIO (INCLUYENDO NEGLIGENCIA) O DE OTRA MANERA, SER\u00c1 $50.<\/p>\n<p>Es posible que la ley aplicable no permita limitaciones a ciertas garant\u00edas impl\u00edcitas, o exclusiones o limitaciones de ciertos da\u00f1os, y es posible que algunas o todas las exenciones de responsabilidad, exclusiones o limitaciones anteriores no se apliquen a usted.<\/p>\n<p><strong>12.\u00a0 <\/strong><strong>Contenido de terceros<\/strong><\/p>\n<p>Los Sitios pueden poner a disposici\u00f3n o proporcionar enlaces a sitios web, contenido o informaci\u00f3n de terceros (\u201cContenido de terceros\u201d). Pocketalk no controla ni es responsable de ning\u00fan Contenido de terceros, y la disponibilidad de cualquier Contenido de terceros a trav\u00e9s de los Sitios no implica respaldo ni afiliaci\u00f3n con el proveedor de dicho Contenido de terceros. El uso que usted haga del Contenido de terceros es bajo su propio riesgo.<\/p>\n<p><strong>13.\u00a0 <\/strong><strong>Ley aplicable y jurisdicci\u00f3n<\/strong><\/p>\n<p>Estos T\u00e9rminos se interpretar\u00e1n de acuerdo con las leyes del estado de Washington, sin referencia a sus disposiciones sobre conflicto de leyes, y las obligaciones, derechos y recursos de las Partes a continuaci\u00f3n se determinar\u00e1n de acuerdo con dichas leyes. Las Partes aceptan la jurisdicci\u00f3n exclusiva de los tribunales estatales y federales ubicados en California.<\/p>\n<p><strong>14.\u00a0 <\/strong><strong>Provisiones generales<\/strong><\/p>\n<p>Si se determina que alguna disposici\u00f3n de estos T\u00e9rminos es inv\u00e1lida o inaplicable, esa disposici\u00f3n se limitar\u00e1 o eliminar\u00e1 en la medida m\u00ednima necesaria para que estos T\u00e9rminos permanezcan en pleno vigor, efecto y ejecutables. Ninguna renuncia a cualquier disposici\u00f3n del presente ser\u00e1 efectiva a menos que se haga por escrito y est\u00e9 firmada por la parte que renuncia. Nuestra incapacidad para ejercer o hacer cumplir cualquier derecho o disposici\u00f3n de estos T\u00e9rminos no operar\u00e1 como una renuncia a dicho derecho o disposici\u00f3n. Los t\u00edtulos de las secciones de estos T\u00e9rminos son solo para su conveniencia y no tienen ning\u00fan efecto legal o contractual. Las respectivas indemnizaciones, representaciones y garant\u00edas, y nuestros derechos bajo estos T\u00e9rminos sobrevivir\u00e1n a cualquier terminaci\u00f3n de estos T\u00e9rminos. En la m\u00e1xima medida posible seg\u00fan la ley local aplicable, estos T\u00e9rminos ser\u00e1n vinculantes y redundar\u00e1n en beneficio de los representantes legales, sucesores y cesionarios de las partes del presente.<\/p>\n<p>&nbsp;<\/p>","protected":false},"excerpt":{"rendered":"As of April 1, 2024 These Terms of Use (the \u201cTerms\u201d) govern your access to and use of any of the internet properties provided by Pocketalk Inc. (\u201cPocketalk,\u201d \u201cwe,\u201d \u201cus,\u201d \u201cour\u201d), including the Pocketalk website (www.pocketalk.com), our mobile website, Pocketalk-owned or operated profiles on social media sites, and any other digital services or properties operated,&#8230;","protected":false},"author":13,"featured_media":0,"parent":0,"menu_order":0,"comment_status":"closed","ping_status":"closed","template":"template-full-skinny.php","meta":{"_acf_changed":false,"footnotes":""},"class_list":["post-175","page","type-page","status-publish","hentry"],"acf":[],"_links":{"self":[{"href":"https:\/\/pocketalk.com\/es_es\/wp-json\/wp\/v2\/pages\/175","targetHints":{"allow":["GET"]}}],"collection":[{"href":"https:\/\/pocketalk.com\/es_es\/wp-json\/wp\/v2\/pages"}],"about":[{"href":"https:\/\/pocketalk.com\/es_es\/wp-json\/wp\/v2\/types\/page"}],"author":[{"embeddable":true,"href":"https:\/\/pocketalk.com\/es_es\/wp-json\/wp\/v2\/users\/13"}],"replies":[{"embeddable":true,"href":"https:\/\/pocketalk.com\/es_es\/wp-json\/wp\/v2\/comments?post=175"}],"version-history":[{"count":0,"href":"https:\/\/pocketalk.com\/es_es\/wp-json\/wp\/v2\/pages\/175\/revisions"}],"wp:attachment":[{"href":"https:\/\/pocketalk.com\/es_es\/wp-json\/wp\/v2\/media?parent=175"}],"curies":[{"name":"wp","href":"https:\/\/api.w.org\/{rel}","templated":true}]}}