{"id":1453,"date":"2021-03-16T17:35:49","date_gmt":"2021-03-16T17:35:49","guid":{"rendered":"https:\/\/pocketalk.com\/?page_id=1453"},"modified":"2023-08-31T17:06:14","modified_gmt":"2023-09-01T01:06:14","slug":"copyright-policy","status":"publish","type":"page","link":"https:\/\/pocketalk.com\/es_es\/copyright-policy","title":{"rendered":"Pol\u00edtica de derechos de autor"},"content":{"rendered":"<h3>Pol\u00edtica de derechos de autor<\/h3>\n<p>Fecha de efectividad: 29 de agosto de 2018<\/p>\n<p>Pocketalk, Inc. (\u201cPocketalk\u201d) respects the intellectual property of others and asks that users of our products and services do the same.<\/p>\n<p><b>Notificaci\u00f3n y procedimiento de reclamaci\u00f3n por infracci\u00f3n<\/b><\/p>\n<p>Notice Procedure.\u00a0If you believe that your work has been copied in a way that constitutes infringement of a copyright or other intellectual property, please provide to Pocketalk\u2019s Copyright Agent (as identified below) the following information:<\/p>\n<ul>\n<li>Una firma electr\u00f3nica o f\u00edsica de la persona autorizada a actuar en nombre del titular del derecho de autor u otro inter\u00e9s de propiedad intelectual;<\/li>\n<li>Una descripci\u00f3n del trabajo protegido por derechos de autor u otra propiedad intelectual que usted afirma que ha sido violada;<br \/>\nUna descripci\u00f3n del lugar donde se encuentra el material que usted reclama que est\u00e1 violando los servicios;<\/li>\n<li>Una declaraci\u00f3n suya en la que afirme que cree de buena fe que el uso disputado no est\u00e1 autorizado por el propietario de los derechos de autor, su agente o la ley; y<\/li>\n<li>Una declaraci\u00f3n suya, hecha bajo pena de perjurio, de que la informaci\u00f3n anterior en su notificaci\u00f3n es exacta y que usted es el propietario de los derechos de autor o de la propiedad intelectual o est\u00e1 autorizado a actuar en nombre del propietario de los derechos de autor o de la propiedad intelectual.<\/li>\n<\/ul>\n<p>Procedimiento de contra-aviso. Si cree que su env\u00edo de contenido a nuestros servicios fue eliminado (o cuyo acceso fue desactivado) como resultado de una notificaci\u00f3n de infracci\u00f3n y que el contenido no est\u00e1 violando, o que tiene la autorizaci\u00f3n del propietario de los derechos de autor, del agente del propietario de los derechos de autor, o de conformidad con la ley, para publicar y utilizar el contenido en los servicios, puede enviar al agente de los derechos de autor un contra-aviso que contenga la siguiente informaci\u00f3n:<\/p>\n<ul>\n<li>Su firma electr\u00f3nica o f\u00edsica;<\/li>\n<li>Identificaci\u00f3n del contenido que se ha eliminado (o al que se ha impedido el acceso) y la ubicaci\u00f3n en la que apareci\u00f3 el contenido antes de ser eliminado o impedido;<\/li>\n<li>Una declaraci\u00f3n de que cree de buena fe que el contenido fue eliminado o desactivado como resultado de un error o una identificaci\u00f3n err\u00f3nea del contenido;<\/li>\n<li>Su nombre, direcci\u00f3n, n\u00famero de tel\u00e9fono y direcci\u00f3n de correo electr\u00f3nico;<br \/>\nUna declaraci\u00f3n de que acepta la jurisdicci\u00f3n de los tribunales federales de EE. UU. Ubicados en el condado de San Francisco, California; y<\/li>\n<li>Una declaraci\u00f3n de que aceptar\u00e1 la notificaci\u00f3n del proceso por parte de la persona que proporcion\u00f3 la notificaci\u00f3n de la presunta infracci\u00f3n.<\/li>\n<\/ul>\n<p>If a counter-notice is received by the Copyright Agent, Pocketalk may send a copy of the counter-notice to the original complaining party informing that person that it may replace the removed content or cease disabling it in ten business days. Unless the copyright owner files an action seeking a court order against the content provider, member or user, the removed content may be replaced, or access to it restored, in ten to fourteen business days (or more) after receipt of the counter-notice. Replacement or restoration of access to the content shall be in Pocketalk\u2019s sole discretion.<\/p>\n<p><b>Agente de derechos de autor<\/b><\/p>\n<p>Pocketalk\u2019s Copyright Agent, for notice of claims of infringement and counter-notices, can be reached as follows:<\/p>\n<p>Pocketalk, Inc.<br \/>\n445 Sherman Avenue, Suite 250<br \/>\nPalo Alto, CA 94306<br \/>\nAtenci\u00f3n: Agente de derechos de autor<br \/>\nEmail:\u00a0<a href=\"mailto:us-inquiry@pocketalk.com\">us-inquiry@pocketalk.com<\/a><\/p>","protected":false},"excerpt":{"rendered":"Copyright Policy Effective Date: August 29, 2018 Pocketalk, Inc. (\u201cPocketalk\u201d) respects the intellectual property of others and asks that users of our products and services do the same. Notice and Procedure for Claims of Infringement Notice Procedure.\u00a0If you believe that your work has been copied in a way that constitutes infringement of a copyright or&#8230;","protected":false},"author":13,"featured_media":0,"parent":0,"menu_order":0,"comment_status":"closed","ping_status":"closed","template":"template-full.php","meta":{"_acf_changed":false,"footnotes":""},"class_list":["post-1453","page","type-page","status-publish","hentry"],"acf":[],"_links":{"self":[{"href":"https:\/\/pocketalk.com\/es_es\/wp-json\/wp\/v2\/pages\/1453","targetHints":{"allow":["GET"]}}],"collection":[{"href":"https:\/\/pocketalk.com\/es_es\/wp-json\/wp\/v2\/pages"}],"about":[{"href":"https:\/\/pocketalk.com\/es_es\/wp-json\/wp\/v2\/types\/page"}],"author":[{"embeddable":true,"href":"https:\/\/pocketalk.com\/es_es\/wp-json\/wp\/v2\/users\/13"}],"replies":[{"embeddable":true,"href":"https:\/\/pocketalk.com\/es_es\/wp-json\/wp\/v2\/comments?post=1453"}],"version-history":[{"count":0,"href":"https:\/\/pocketalk.com\/es_es\/wp-json\/wp\/v2\/pages\/1453\/revisions"}],"wp:attachment":[{"href":"https:\/\/pocketalk.com\/es_es\/wp-json\/wp\/v2\/media?parent=1453"}],"curies":[{"name":"wp","href":"https:\/\/api.w.org\/{rel}","templated":true}]}}