{"id":1163,"date":"2021-01-06T17:13:56","date_gmt":"2021-01-06T17:13:56","guid":{"rendered":"https:\/\/pocketalk.com\/?page_id=1163"},"modified":"2024-11-18T06:55:42","modified_gmt":"2024-11-18T14:55:42","slug":"compare","status":"publish","type":"page","link":"https:\/\/pocketalk.com\/es_es\/compare","title":{"rendered":"Comparar"},"content":{"rendered":"<div class=\"pt-table-container\">\n<table class=\"pt-table\">\n<tbody>\n<tr>\n<th>Caracter\u00edsticas<\/th>\n<th><img decoding=\"async\" src=\"\/wp-content\/uploads\/2021\/01\/pocketalk-s-compare.png\" alt=\"Pocketalk S in white, black, and gold.\" \/>Pocketalk S<\/th>\n<th><img decoding=\"async\" src=\"\/wp-content\/uploads\/2021\/01\/pocketalk-plus-compare.png\" alt=\"Pocketalk S Plus in white.\" \/>Pocketalk Plus<\/th>\n<\/tr>\n<tr class=\"hide-mobile\">\n<td><\/td>\n<td>Formato compacto con una pantalla t\u00e1ctil HD de mayor tama\u00f1o, equipada con una c\u00e1mara de texto a traducci\u00f3n y un bot\u00f3n \u00fanico f\u00e1cil de manejar.<\/td>\n<td>Pantalla T\u00e1ctil HD m\u00e1s grande dise\u00f1ada para ser vista a 1,80 metros, con una c\u00e1mara de texto a traducci\u00f3n y una mayor duraci\u00f3n de la bater\u00eda y un \u00fanico y sencillo bot\u00f3n.<\/td>\n<\/tr>\n<tr>\n<td>Opciones de color<\/td>\n<td>\n<div class=\"pt-color pt-color--white\"><\/div>\n<div class=\"pt-color pt-color--gold\"><\/div>\n<div class=\"pt-color pt-color--black\"><\/div>\n<\/td>\n<td>\n<div class=\"pt-color pt-color--white\"><\/div>\n<\/td>\n<\/tr>\n<tr>\n<td>Traducci\u00f3n de 84 idiomas <sup>1<\/sup><\/td>\n<td><\/td>\n<td><\/td>\n<\/tr>\n<tr>\n<td>Plan de datos gratuito de 2 a\u00f1os <sup>2<\/sup><\/td>\n<td><\/td>\n<td><\/td>\n<\/tr>\n<tr>\n<td>C\u00e1mara de Traducci\u00f3n<\/td>\n<td><\/td>\n<td><\/td>\n<\/tr>\n<tr>\n<td>Tama\u00f1o de la pantalla<\/td>\n<td>6.858 cm<\/td>\n<td>9.906 cm<\/td>\n<\/tr>\n<tr>\n<td>Peso<\/td>\n<td>75g<\/td>\n<td>125g<\/td>\n<\/tr>\n<tr>\n<td>Duraci\u00f3n de la bater\u00eda <sup>3<\/sup><\/td>\n<td>hasta 132 horas<\/td>\n<td>hasta 192 horas<\/td>\n<\/tr>\n<tr>\n<td>Caracter\u00edsticas adicionales<\/td>\n<td colspan=\"2\">Acceso al Pocketalk Center<br \/>\nPantalla de bloqueo con PIN<br \/>\nEstablecer el borrado autom\u00e1tico del historial<br \/>\nConversi\u00f3n de moneda en tiempo real<br \/>\nVisualizaci\u00f3n de la hora local<\/td>\n<\/tr>\n<tr>\n<td>Precio<\/td>\n<td><strong>$249<\/strong><\/td>\n<td><strong>$299<\/strong><\/td>\n<\/tr>\n<\/tbody>\n<\/table>\n<p style=\"margin-top: 40px;\"><sup>1<\/sup> Lista completa de idiomas en <a style=\"text-decoration: underline;\" href=\"\/es_es\/languages-countries\/\">pocketalk.com\/idiomas-pa\u00edses<\/a><\/p>\n<p><sup>2<\/sup> Admite m\u00e1s de 130 pa\u00edses y regiones.<\/p>\n<p><sup>3<\/sup> Calculado como tiempo de espera continuo.<\/p>\n<\/div>\n<div class=\"pt-table-container --competitor\">\n<h2 style=\"text-align: center;\">Competitor Overview<\/h2>\n<table class=\"pt-table\">\n<tbody>\n<tr>\n<th>Competitor<\/th>\n<th>Producto<\/th>\n<th>Cost<\/th>\n<th>2-Way<\/th>\n<th>Idiomas<\/th>\n<th>LTE Length<\/th>\n<th>Camera<\/th>\n<th>HIPAA\/GDPR<br \/>\nCompliant<\/th>\n<th>Dashboard<\/th>\n<th>Other products<\/th>\n<\/tr>\n<tr>\n<td><img decoding=\"async\" src=\"\/wp-content\/uploads\/2023\/11\/compare-competitor-pt.webp\" alt=\"Pocketalk Devices together.\" \/><br \/>\nbolsillo<\/td>\n<td>Dispositivo<\/td>\n<td>$249, $299<\/td>\n<td><\/td>\n<td>92+<\/td>\n<td>2-yr data plan<\/td>\n<td><\/td>\n<td>HIPAA\/GDPR<\/td>\n<td><\/td>\n<td>Conference, video, live translations<\/td>\n<\/tr>\n<tr>\n<td><img decoding=\"async\" src=\"\/wp-content\/uploads\/2023\/11\/compare-competitor-timekettle.webp\" alt=\"Timekettle product.\" \/><br \/>\nTimekettle<\/td>\n<td>Ear bud, device<\/td>\n<td>$299<\/td>\n<td><\/td>\n<td>40<\/td>\n<td>2-yr data plan<\/td>\n<td><\/td>\n<td><\/td>\n<td><\/td>\n<td>Live translation, video\/audio transcription<\/td>\n<\/tr>\n<tr>\n<td><img decoding=\"async\" src=\"\/wp-content\/uploads\/2023\/11\/compare-competitor-vasco.webp\" alt=\"Vasco product.\" \/><br \/>\nVasco<\/td>\n<td>Dispositivo<\/td>\n<td>$349<\/td>\n<td><\/td>\n<td>70<\/td>\n<td>Lifetime<\/td>\n<td><\/td>\n<td><\/td>\n<td><\/td>\n<td><\/td>\n<\/tr>\n<tr>\n<td><img decoding=\"async\" src=\"\/wp-content\/uploads\/2023\/11\/compare-competitor-enence.webp\" alt=\"Enence product.\" \/><br \/>\nEnence<\/td>\n<td>Dispositivo<\/td>\n<td>$179<\/td>\n<td><\/td>\n<td>36<\/td>\n<td><\/td>\n<td><\/td>\n<td><\/td>\n<td><\/td>\n<td><\/td>\n<\/tr>\n<tr>\n<td><img decoding=\"async\" src=\"\/wp-content\/uploads\/2023\/11\/compare-competitor-anfier.webp\" alt=\"ANFIER product.\" \/><br \/>\nANFIER<\/td>\n<td>Dispositivo<\/td>\n<td>$149<\/td>\n<td><\/td>\n<td>74<\/td>\n<td>Unkown<\/td>\n<td><\/td>\n<td><\/td>\n<td><\/td>\n<td><\/td>\n<\/tr>\n<tr>\n<td><img decoding=\"async\" src=\"\/wp-content\/uploads\/2023\/11\/compore-competitor-jarvisen.webp\" alt=\"Jarvisen product.\" \/><br \/>\nJarvisen<\/td>\n<td>Dispositivo<\/td>\n<td>$499<\/td>\n<td><\/td>\n<td>108<\/td>\n<td>2-yr data plan<\/td>\n<td><\/td>\n<td><\/td>\n<td><\/td>\n<td><\/td>\n<\/tr>\n<tr>\n<td><img decoding=\"async\" src=\"\/wp-content\/uploads\/2023\/11\/compare-competitor-vavus.webp\" alt=\"Vavus product.\" \/><br \/>\nVavus<\/td>\n<td>Dispositivo<\/td>\n<td>$157<\/td>\n<td><\/td>\n<td>109 (includes dialects)<\/td>\n<td>2-yr data plan<\/td>\n<td><\/td>\n<td><\/td>\n<td><\/td>\n<td><\/td>\n<\/tr>\n<tr>\n<td><img decoding=\"async\" class=\"cc__app-icon\" src=\"\/wp-content\/uploads\/2023\/11\/compare-competitor-sayhi.webp\" alt=\"SayHi software home screen.\" \/><br \/>\nSayHi<\/td>\n<td>App<\/td>\n<td>Free<\/td>\n<td><\/td>\n<td>101 (includes dialects)<\/td>\n<td>N\/A<\/td>\n<td>N\/A<\/td>\n<td><\/td>\n<td><\/td>\n<td><\/td>\n<\/tr>\n<tr>\n<td><img decoding=\"async\" class=\"cc__app-icon\" src=\"\/wp-content\/uploads\/2023\/11\/compare-competitor-iTranslate.webp\" alt=\"iTranslate software splash screen.\" \/><br \/>\niTranslate<\/td>\n<td>App<\/td>\n<td>Free<\/td>\n<td><\/td>\n<td>100+<\/td>\n<td>N\/A<\/td>\n<td>N\/A<\/td>\n<td>Option available for business app<\/td>\n<td><\/td>\n<td><\/td>\n<\/tr>\n<tr>\n<td><img decoding=\"async\" class=\"cc__app-icon\" src=\"\/wp-content\/uploads\/2023\/11\/compare-competitor-google-translate.webp\" alt=\"Google Translate Logomark.\" \/><br \/>\nGoogle Translate<\/td>\n<td>App<\/td>\n<td>Free<\/td>\n<td><\/td>\n<td>133 (1-way), 32 (2-way)<\/td>\n<td>N\/A<\/td>\n<td>N\/A<\/td>\n<td><\/td>\n<td><\/td>\n<td><\/td>\n<\/tr>\n<\/tbody>\n<\/table>\n<\/div>","protected":false},"excerpt":{"rendered":"Features Pocketalk S Pocketalk Plus Compact size with a larger HD touchscreen, equipped with a text-to-translate camera &amp; easy to use single button Largest HD touchscreen designed to be viewed at 6 ft., with a text-to-translate camera and longer battery life &amp; fuss-free single button Color Options 84 Language Translation 1 Complimentary 2 year data&#8230;","protected":false},"author":13,"featured_media":0,"parent":0,"menu_order":0,"comment_status":"closed","ping_status":"closed","template":"template-b2b-case-study.php","meta":{"_acf_changed":false,"footnotes":""},"class_list":["post-1163","page","type-page","status-publish","hentry"],"acf":[],"_links":{"self":[{"href":"https:\/\/pocketalk.com\/es_es\/wp-json\/wp\/v2\/pages\/1163","targetHints":{"allow":["GET"]}}],"collection":[{"href":"https:\/\/pocketalk.com\/es_es\/wp-json\/wp\/v2\/pages"}],"about":[{"href":"https:\/\/pocketalk.com\/es_es\/wp-json\/wp\/v2\/types\/page"}],"author":[{"embeddable":true,"href":"https:\/\/pocketalk.com\/es_es\/wp-json\/wp\/v2\/users\/13"}],"replies":[{"embeddable":true,"href":"https:\/\/pocketalk.com\/es_es\/wp-json\/wp\/v2\/comments?post=1163"}],"version-history":[{"count":0,"href":"https:\/\/pocketalk.com\/es_es\/wp-json\/wp\/v2\/pages\/1163\/revisions"}],"wp:attachment":[{"href":"https:\/\/pocketalk.com\/es_es\/wp-json\/wp\/v2\/media?parent=1163"}],"curies":[{"name":"wp","href":"https:\/\/api.w.org\/{rel}","templated":true}]}}