{"id":692,"date":"2020-05-05T16:36:48","date_gmt":"2020-05-05T16:36:48","guid":{"rendered":"https:\/\/pocketalk.com\/?page_id=692"},"modified":"2021-11-29T23:34:18","modified_gmt":"2021-11-29T23:34:18","slug":"exclusive-discounts","status":"publish","type":"page","link":"https:\/\/pocketalk.com\/de_de\/exclusive-discounts","title":{"rendered":"Exklusive Erm\u00e4\u00dfigungen"},"content":{"rendered":"<h2>Danke, unsere Helden des Alltags!<\/h2>\n<p>Wir wissen, dass Sie Ihr Leben der Hilfe, Rettung und Bildung anderer widmen. Um Ihnen unsere Wertsch\u00e4tzung zu zeigen, m\u00f6chten wir ein exklusives Rabattangebot von 50$ auf unser neuestes Modell <strong>$50 AUS<a href=\"https:\/\/pocketalk.com\/de_de\/product\/pocketalk-plus\/\">\u00a0Pocketalk Plus<\/a>*.<\/strong><\/p>\n<p>Pocketalk ist ein Hand\u00fcbersetzer, der 82 Sprachen \u00fcbersetzen kann und so eine bessere Kommunikation erm\u00f6glicht, wenn die Zeit dr\u00e4ngt oder die Sprache eine Barriere darstellt. Pocketalk wird die Kommunikation mit ~ 90% der Weltbev\u00f6lkerung erm\u00f6glichen.<\/p>\n<p>Mit zwei gro\u00dfartigen Modellen, aus welchen Sie ausw\u00e4hlen k\u00f6nnen, sind wir zuversichtlich, dass eines von beiden in der Lage sein wird, Ihre Bed\u00fcrfnisse zu erf\u00fcllen.<\/p>\n<p>Pocketalk-Funktionen:<\/p>\n<ul>\n<li>\u00dcbersetzen Sie bis zu 82 verschiedene Sprachen<\/li>\n<li>Piano dati cellulare gratuito e illimitato per 2 anni che fornisce copertura quando sei fuori del segnale Wi-Fi<\/li>\n<li>Schnelle und intuitive Benutzererfahrung<\/li>\n<li>Text-zu-\u00dcbersetzungs-Kamera f\u00fcr Schriftdokumente oder andere Bilder<\/li>\n<li>Zwei Mikrofone mit Rauschunterdr\u00fcckung und zwei Lautsprecher<\/li>\n<\/ul>\n<p>Wir bieten auch Gro\u00dfeink\u00e4ufe an, bitte senden Sie uns daher eine E-Mail an <a href=\"mailto:bizdev-us@sourcenext.com\"><strong>bizdev-us@sourcenext.com<\/strong><\/a><\/p>\n<p>*Dies gilt nicht f\u00fcr Bundles und ist nicht mit anderen Rabatten oder Angeboten kombinierbar.<\/p>\n<p style=\"text-align: center;\"><a href=\"https:\/\/auth.govx.com\/shopify\/verify?shop=pocketalk.myshopify.com&amp;utm_source=shopify&amp;utm_medium=govxid&amp;utm_campaign=custom_link\">Zur \u00dcberpr\u00fcfung mit GovX:<\/a><\/p>\n<p style=\"text-align: center;\"><a href=\"https:\/\/auth.govx.com\/shopify\/verify?shop=pocketalk.myshopify.com&amp;utm_source=shopify&amp;utm_medium=govxid&amp;utm_campaign=custom_link\"><img loading=\"lazy\" decoding=\"async\" class=\"aligncenter wp-image-1609 size-medium\" src=\"https:\/\/pocketalk.com\/wp-content\/uploads\/2021\/04\/Untitled-2-300x52.png\" alt=\"\" width=\"300\" height=\"52\" srcset=\"https:\/\/pocketalk.com\/wp-content\/uploads\/2021\/04\/Untitled-2-300x52.png 300w, https:\/\/pocketalk.com\/wp-content\/uploads\/2021\/04\/Untitled-2-18x3.png 18w, https:\/\/pocketalk.com\/wp-content\/uploads\/2021\/04\/Untitled-2-120x21.png 120w, https:\/\/pocketalk.com\/wp-content\/uploads\/2021\/04\/Untitled-2-64x11.png 64w, https:\/\/pocketalk.com\/wp-content\/uploads\/2021\/04\/Untitled-2-40x7.png 40w, https:\/\/pocketalk.com\/wp-content\/uploads\/2021\/04\/Untitled-2.png 622w\" sizes=\"auto, (max-width: 300px) 100vw, 300px\" \/><\/a><a href=\"https:\/\/www.govx.com\/t\/govx-id\"><u>Was ist GovX ID?<\/u><\/a><\/p>\n<p>&nbsp;<\/p>\n<p style=\"text-align: center;\">Um mit VerifyPlus zu \u00fcberpr\u00fcfen:<\/p>\n<p><script src=\"https:\/\/cdn.verifypass.com\/seller\/embed\/load.js\" id=\"vfyps_widget\" data-key=\"e9eae0f16\" data-show-all=\"true\"><\/script><\/p>","protected":false},"excerpt":{"rendered":"Thank you, our everyday heroes! We know you dedicate your life to helping, saving, and educating others. To show our appreciation, we would like to extend an exclusive discount offer of $50 OFF\u00a0Pocketalk Plus*. Pocketalk is a hand-held translator that can translate 82 languages enabling better communication when time is of the essence and language&#8230;","protected":false},"author":3,"featured_media":0,"parent":0,"menu_order":0,"comment_status":"closed","ping_status":"closed","template":"template-full-skinny.php","meta":{"_acf_changed":false,"footnotes":""},"class_list":["post-692","page","type-page","status-publish","hentry"],"acf":[],"_links":{"self":[{"href":"https:\/\/pocketalk.com\/de_de\/wp-json\/wp\/v2\/pages\/692","targetHints":{"allow":["GET"]}}],"collection":[{"href":"https:\/\/pocketalk.com\/de_de\/wp-json\/wp\/v2\/pages"}],"about":[{"href":"https:\/\/pocketalk.com\/de_de\/wp-json\/wp\/v2\/types\/page"}],"author":[{"embeddable":true,"href":"https:\/\/pocketalk.com\/de_de\/wp-json\/wp\/v2\/users\/3"}],"replies":[{"embeddable":true,"href":"https:\/\/pocketalk.com\/de_de\/wp-json\/wp\/v2\/comments?post=692"}],"version-history":[{"count":0,"href":"https:\/\/pocketalk.com\/de_de\/wp-json\/wp\/v2\/pages\/692\/revisions"}],"wp:attachment":[{"href":"https:\/\/pocketalk.com\/de_de\/wp-json\/wp\/v2\/media?parent=692"}],"curies":[{"name":"wp","href":"https:\/\/api.w.org\/{rel}","templated":true}]}}