{"id":5080,"date":"2025-01-13T16:43:03","date_gmt":"2025-01-14T00:43:03","guid":{"rendered":"https:\/\/pocketalk.com\/?page_id=5080"},"modified":"2025-12-11T14:43:01","modified_gmt":"2025-12-11T19:43:01","slug":"coppa-notice","status":"publish","type":"page","link":"https:\/\/pocketalk.com\/de_de\/coppa-notice","title":{"rendered":"COPPA-Hinweis"},"content":{"rendered":"<p>Pocketalk bietet tragbare Dolmetsch- und \u00dcbersetzungsger\u00e4te f\u00fcr Verbraucher, Unternehmen und Schulen an. Wenn Pocketalk Ger\u00e4te und Dienste f\u00fcr Schulen anbietet, k\u00f6nnen Sch\u00fcler, die Pocketalk-Ger\u00e4te \u00fcber ihre Schule nutzen, auch Benutzer unter 13 Jahren sein (im Folgenden \"Kinder\" oder \"Kind\"). Dieser Hinweis erg\u00e4nzt unsere <a href=\"https:\/\/pocketalk.com\/de_de\/privacy-policy\/\">Datenschutzerkl\u00e4rung<\/a> und soll Schulen, Eltern und Erziehungsberechtigten helfen, zu verstehen, welche pers\u00f6nlichen Daten wir von Kindern sammeln und wie wir diese pers\u00f6nlichen Daten verwenden und weitergeben, wenn Schulen unsere Pocketalk-Ger\u00e4te und das Pocketalk Ventana Verwaltungsportal verwenden. <\/p>\n<p>Das Gesetz zum Schutz der Online-Privatsph\u00e4re von Kindern verlangt, dass wir die \u00fcberpr\u00fcfbare Zustimmung der Eltern einholen, bevor wir personenbezogene Daten von Kindern erfassen, erlaubt uns jedoch, eine solche Genehmigung von Schulen einzuholen, wenn Kinder unsere Produkte und Dienstleistungen \u00fcber ihre Schule nutzen. Wir verlassen uns darauf, dass die Schulen, die unsere Ger\u00e4te und Dienste nutzen, die Erfassung, Verwendung und Weitergabe der pers\u00f6nlichen Daten von Kindern im Namen der Eltern genehmigen. Wir werden keine personenbezogenen Daten von Kindern erfassen, verwenden oder weitergeben, wenn die Schule die Erfassung, Verwendung oder Weitergabe nicht genehmigt oder die Genehmigung zur\u00fcckzieht, oder wenn die Schule mitteilt, dass die Eltern der Kinder der Erfassung, Verwendung oder Weitergabe der personenbezogenen Daten der Kinder nicht zustimmen.<\/p>\n<p><strong>Von uns gesammelte pers\u00f6nliche Informationen<\/strong><\/p>\n<p>Wenn wir von der Schule die Erlaubnis erhalten haben, pers\u00f6nliche Daten von Kindern zu sammeln, erfassen wir die folgenden Informationen: <\/p>\n<p><u>Informationen, die Kinder direkt geben.<\/u> Wir erfassen personenbezogene Daten, die Kinder uns und den Schulen, die unseren Dienst nutzen, zur Verf\u00fcgung stellen. Wenn Kinder beispielsweise unsere Ger\u00e4te zur Sprach\u00fcbersetzung verwenden, werden Texte und\/oder Sprach-Audiostreams an unsere Anbieter gesendet, die Sprache erkennen, die Sprache in Text umwandeln und den Text in die gew\u00fcnschte Sprache \u00fcbersetzen. Der Text wird dann an das Ger\u00e4t des Kindes gesendet und eine Kopie wird an ein von unseren Anbietern gehostetes Portal gesendet, auf das Schulverwalter zugreifen k\u00f6nnen.<\/p>\n<p><u>Informationen, die wir automatisch sammeln.<\/u> Wenn Kinder die Ger\u00e4te \u00fcber Dienste nutzen, die wir ihren Schulen zur Verf\u00fcgung stellen, werden von den Servern und anderen Systemen, die wir zur Bereitstellung dieser Dienste verwenden, automatisch die internationale Kennung f\u00fcr mobile Ger\u00e4te, die IP-Adresse (Internet Protocol), pseudonyme Kennungen und der Ger\u00e4tetyp erfasst.<\/p>\n<ul>\n<li><strong>Verwendungsdaten.<\/strong> Wir protokollieren automatisch die Aktivit\u00e4ten auf den Ger\u00e4ten, einschlie\u00dflich der aufgerufenen Seiten, der Verweildauer eines Nutzers auf einer Seite, der Zugriffszeiten und anderer Details \u00fcber die Nutzung und Aktionen auf unseren Ger\u00e4ten.<\/li>\n<\/ul>\n<p><u>Informationen, die wir erstellen oder erzeugen.<\/u> Wir leiten neue Informationen aus anderen von uns erfassten Daten ab, einschlie\u00dflich der Verwendung automatisierter Mittel, um Informationen \u00fcber wahrscheinliche Pr\u00e4ferenzen oder andere Merkmale (\"R\u00fcckschl\u00fcsse\") zu generieren. So schlie\u00dfen wir zum Beispiel von der IP-Adresse auf den allgemeinen geografischen Standort (wie Stadt, Bundesland und Land) und k\u00f6nnen f\u00fcr die \u00dcbersetzung und die Zuweisung einer geeigneten \u00dcbersetzungsmaschine darauf schlie\u00dfen, welche Sprache gesprochen wird. <\/p>\n<p>Wenn Kinder aufgefordert werden, pers\u00f6nliche Daten anzugeben, k\u00f6nnen sie dies ablehnen. Wenn sie sich jedoch daf\u00fcr entscheiden, Informationen, die f\u00fcr bestimmte Dienste oder Funktionen erforderlich sind, nicht bereitzustellen oder zuzulassen, sind diese Dienste oder Funktionen m\u00f6glicherweise nicht verf\u00fcgbar oder voll funktionsf\u00e4hig.<\/p>\n<p><strong>Wie wir die pers\u00f6nlichen Daten von Kindern verwenden<\/strong><\/p>\n<p>Wir verarbeiten personenbezogene Daten von Kindern im Auftrag von Schulen, um die Dienste bereitzustellen und f\u00fcr den Gesch\u00e4ftsbetrieb, die Entwicklung und Forschung, die Personalisierung und den Kundensupport. <\/p>\n<p><strong>Wie wir die pers\u00f6nlichen Daten von Kindern weitergeben<\/strong><\/p>\n<p>Wir geben personenbezogene Daten auf Anweisung von und an Schulen weiter, f\u00fcr die wir Dienstleistungen erbringen, oder wenn wir dies f\u00fcr notwendig erachten, um die von den Schulen oder unseren Nutzern angeforderten oder genehmigten Dienstleistungen zu erbringen, soweit dies nach geltendem Recht zul\u00e4ssig ist. Dar\u00fcber hinaus geben wir jede der oben beschriebenen Kategorien personenbezogener Daten an die unten beschriebenen Arten von Dritten f\u00fcr die folgenden Gesch\u00e4ftszwecke weiter<\/p>\n<ul>\n<li><strong>Anbieter von Dienstleistungen.<\/strong> Wir geben personenbezogene Daten an Anbieter oder Vertreter weiter, die in unserem Auftrag arbeiten. Beispielsweise ben\u00f6tigen Unternehmen, die wir mit der Bereitstellung von Sprach-zu-Text- und Sprach\u00fcbersetzungsdiensten, dem Kundendienst oder der Unterst\u00fctzung beim Schutz und der Sicherung unserer Systeme und Dienste beauftragt haben, unter Umst\u00e4nden Zugriff auf personenbezogene Daten, um diese Aufgaben zu erf\u00fcllen. Die aktuelle Liste der Dienstanbieter finden Sie unter <a href=\"https:\/\/pocketalk.com\/de_de\/pt-3pslist\/\">Hier<\/a>.<\/li>\n<li><strong>Verbundene Unternehmen.<\/strong> Wir erm\u00f6glichen den Zugriff auf personenbezogene Daten in unserer Muttergesellschaft, unseren Tochtergesellschaften, angeschlossenen Unternehmen und verbundenen Unternehmen, z. B. in F\u00e4llen, in denen wir gemeinsame Datensysteme nutzen, oder wenn der Zugriff uns hilft, unsere Dienstleistungen zu erbringen und unser Gesch\u00e4ft zu betreiben.<\/li>\n<li><strong>Unternehmenstransaktionen.<\/strong> Wir k\u00f6nnen personenbezogene Daten im Rahmen einer Unternehmenstransaktion oder eines Verfahrens offenlegen, z. B. bei einer Fusion, Finanzierung, \u00dcbernahme, einem Konkurs, einer Aufl\u00f6sung oder einer \u00dcbertragung, Ver\u00e4u\u00dferung oder einem Verkauf unseres gesamten Gesch\u00e4fts oder eines Teils unseres Verm\u00f6gens.<\/li>\n<li><strong>Recht und Strafverfolgung.<\/strong> Wir werden auf personenbezogene Daten zugreifen, sie offenlegen und aufbewahren, wenn wir glauben, dass dies notwendig ist, um geltendem Recht zu entsprechen oder auf g\u00fcltige rechtliche Verfahren zu reagieren, einschlie\u00dflich von Strafverfolgungs- oder anderen Regierungsbeh\u00f6rden.<\/li>\n<li><strong>Sicherheit, Schutz und Schutz der Rechte.<\/strong> Wir werden personenbezogene Daten offenlegen, wenn wir dies f\u00fcr notwendig halten:\n<ul>\n<li>unsere Kunden und andere zu sch\u00fctzen, beispielsweise um Spam oder Betrugsversuche zu verhindern oder um den Verlust von Menschenleben oder schwere Verletzungen zu verhindern; <\/li>\n<li>die Sicherheit unserer Dienste zu betreiben und aufrechtzuerhalten, einschlie\u00dflich der Verhinderung oder Abwehr von Angriffen auf unsere Computersysteme oder Netzwerke; oder<\/li>\n<li>Schutz unserer Rechte und unseres Eigentums sowie der Rechte und des Eigentums anderer, einschlie\u00dflich der Durchsetzung unserer Vereinbarungen, Bedingungen und Richtlinien.<\/li>\n<\/ul>\n<\/li>\n<\/ul>\n<p>Schlie\u00dflich k\u00f6nnen wir gem\u00e4\u00df geltendem Recht anonymisierte Informationen offenlegen.<\/p>\n<p><strong>Bildungsaufzeichnungen und FERPA-Konformit\u00e4t<\/strong><\/p>\n<p>Pocketalk speichert einige begrenzte Informationen, die gem\u00e4\u00df dem Family Educational Rights and Privacy Act (\"FERPA\") als \"Bildungsdaten\" gelten k\u00f6nnen. In \u00dcbereinstimmung mit dem FERPA verwendet Pocketalk solche Bildungsdaten nur f\u00fcr die Bereitstellung seines Dienstes f\u00fcr Sch\u00fcler, deren Eltern und Lehrer und verkauft oder vermietet diese Daten nicht an Dritte. Dar\u00fcber hinaus erm\u00f6glicht der Dienst den Sch\u00fclern und\/oder ihren Eltern, jederzeit auf ihre eigenen Bildungsdaten zuzugreifen und diese einzusehen.<\/p>\n<p><strong>Rechte an den pers\u00f6nlichen Daten von Kindern<\/strong><\/p>\n<p>Eltern haben das Recht, der Erhebung, Verwendung und Weitergabe der personenbezogenen Daten ihrer Kinder zuzustimmen, ihre Zustimmung zu widerrufen und die weitere Erhebung, Verwendung und Weitergabe dieser personenbezogenen Daten zu unterbinden. Eltern haben au\u00dferdem das Recht, auf die personenbezogenen Daten ihrer Kinder zuzugreifen und sie zu l\u00f6schen (je nach Standort haben Eltern m\u00f6glicherweise auch andere Rechte, z. B. das Recht, die personenbezogenen Daten ihrer Kinder zu korrigieren). Da wir den Schulen Ger\u00e4te zur Verf\u00fcgung stellen und uns darauf verlassen, dass die Schulen die Erfassung, Verwendung und Weitergabe von personenbezogenen Daten im Namen der Eltern genehmigen, k\u00f6nnen die Schulen diese Rechte im Namen der Eltern aus\u00fcben. Schulen, die diese elterlichen Rechte in Bezug auf die pers\u00f6nlichen Daten eines Kindes aus\u00fcben m\u00f6chten oder Fragen zur Erfassung, Verwendung und Weitergabe der pers\u00f6nlichen Daten von Kindern durch uns haben, sollten uns unter +1-888-721-3592 kontaktieren. Eltern von Kindern, die unsere Ger\u00e4te \u00fcber ihre Schulen nutzen, sollten sich mit ihrer Schule in Verbindung setzen, wenn sie Fragen zu den pers\u00f6nlichen Daten ihres Kindes haben oder ihre Elternrechte aus\u00fcben m\u00f6chten. <\/p>\n<p>Wir l\u00f6schen die Daten von Kindern (und alle Daten \u00fcber ihre Eltern), wenn wir von der Schule aufgefordert werden, diese Daten zu l\u00f6schen. <\/p>\n<p>Wir bewahren die personenbezogenen Daten der Kinder gem\u00e4\u00df den vertraglichen Verpflichtungen auf, die in unseren Vereinbarungen mit den Schulen der Kinder festgelegt sind, bis die Schule die L\u00f6schung der Daten verlangt oder um anderen rechtlichen Verpflichtungen zur Aufbewahrung solcher Daten nachzukommen.<\/p>\n<p><strong>Dauer der Verarbeitung und Aufbewahrungsfrist<\/strong><\/p>\n<p>Der Text der \u00dcbersetzungsergebnisse wird auf den Ger\u00e4ten der Sch\u00fcler gespeichert, bis die Sch\u00fcler, ihre Eltern oder die Schule beschlie\u00dfen, diese Daten zu l\u00f6schen. Schulen k\u00f6nnen auch im Schulverwaltungsportal festlegen, wann der Text von \u00dcbersetzungsergebnissen gel\u00f6scht werden soll. <\/p>\n<p><strong>Kontaktiere uns<\/strong><\/p>\n<p>Sie k\u00f6nnen uns unter folgender Adresse erreichen:<br \/>\nPocketalk Corporation<br \/>\nWeWork KABUTO ONE 9F, 7-1 Nihonbashi Kabutocho, Chuo-ku, Tokyo 103-0026, Japan<br \/>\nprivacy@pocketalk.com<br \/>\n+1-888-721-3592<\/p>\n<p>Effective Date: November 1, 2025<\/p>","protected":false},"excerpt":{"rendered":"Pocketalk offers handheld interpretation and translation devices to consumers, businesses, and schools. When Pocketalk offers devices and services to schools, students who use Pocketalk devices through their school can include users under 13 (hereinafter, \u201cchildren\u201d or \u201cchild\u201d. This notice supplements our Privacy Policy and is meant to help schools and parents and guardians understand what&#8230;","protected":false},"author":12,"featured_media":0,"parent":0,"menu_order":0,"comment_status":"closed","ping_status":"open","template":"template-full-skinny.php","meta":{"_acf_changed":false,"footnotes":""},"class_list":["post-5080","page","type-page","status-publish","hentry"],"acf":[],"_links":{"self":[{"href":"https:\/\/pocketalk.com\/de_de\/wp-json\/wp\/v2\/pages\/5080","targetHints":{"allow":["GET"]}}],"collection":[{"href":"https:\/\/pocketalk.com\/de_de\/wp-json\/wp\/v2\/pages"}],"about":[{"href":"https:\/\/pocketalk.com\/de_de\/wp-json\/wp\/v2\/types\/page"}],"author":[{"embeddable":true,"href":"https:\/\/pocketalk.com\/de_de\/wp-json\/wp\/v2\/users\/12"}],"replies":[{"embeddable":true,"href":"https:\/\/pocketalk.com\/de_de\/wp-json\/wp\/v2\/comments?post=5080"}],"version-history":[{"count":0,"href":"https:\/\/pocketalk.com\/de_de\/wp-json\/wp\/v2\/pages\/5080\/revisions"}],"wp:attachment":[{"href":"https:\/\/pocketalk.com\/de_de\/wp-json\/wp\/v2\/media?parent=5080"}],"curies":[{"name":"wp","href":"https:\/\/api.w.org\/{rel}","templated":true}]}}