{"id":5074,"date":"2025-01-13T16:44:37","date_gmt":"2025-01-14T00:44:37","guid":{"rendered":"https:\/\/pocketalk.com\/?page_id=5074"},"modified":"2025-10-08T13:02:13","modified_gmt":"2025-10-08T17:02:13","slug":"pt-3pslist","status":"publish","type":"page","link":"https:\/\/pocketalk.com\/de_de\/pt-3pslist","title":{"rendered":"Unterauftragsverarbeiter von Dritten"},"content":{"rendered":"<p>POCKETALK gibt Informationen an Partner, Anbieter oder Vertreter weiter, die in unserem Auftrag arbeiten, um Ihnen unsere Dienste zur Verf\u00fcgung zu stellen. Zum Beispiel Unternehmen, die wir mit der Bereitstellung von Sprach-zu-Text-Transkriptions- und Sprach\u00fcbersetzungsdiensten, Kundensupportdiensten oder der Unterst\u00fctzung beim Schutz und der Sicherung unserer Systeme beauftragt haben und die m\u00f6glicherweise Zugang zu personenbezogenen Daten ben\u00f6tigen, um diese Funktionen f\u00fcr Sie bereitzustellen.<\/p>\n<p>Nachstehend finden Sie Informationen zu diesen Partnern und Unterauftragsverarbeitern, mit denen wir zusammenarbeiten, sowie zu den Verarbeitungen, die in unserem Auftrag durchgef\u00fchrt werden.<\/p>\n<table class=\"pt-table\">\n<tbody>\n<tr>\n<td><strong>Name der Entit\u00e4t<\/strong><\/td>\n<td><strong>Zweck<\/strong><\/td>\n<td><strong>Entit\u00e4t Land<\/strong><\/td>\n<td><strong>Verarbeitung Land<\/strong><\/td>\n<\/tr>\n<tr>\n<td>Google LLC<\/td>\n<td>Anbieter von Cloud-Infrastruktur<\/td>\n<td>Vereinigte Staaten von Amerika<\/td>\n<td>Vereinigte Staaten von Amerika<\/td>\n<\/tr>\n<tr>\n<td>Google Japan G.K.<\/td>\n<td>Anbieter von Cloud-Infrastruktur<\/td>\n<td>Japan<\/td>\n<td>Vereinigte Staaten von Amerika<\/td>\n<\/tr>\n<tr>\n<td>Amazon Web Services Inc.<\/td>\n<td>Anbieter von Cloud-Infrastruktur<\/td>\n<td>Vereinigte Staaten von Amerika<\/td>\n<td>Japan<\/td>\n<\/tr>\n<tr>\n<td>Amazon Web Services Japan G.K.<\/td>\n<td>Anbieter von Cloud-Infrastruktur<\/td>\n<td>Japan<\/td>\n<td>Japan<\/td>\n<\/tr>\n<tr>\n<td>Google LLC<\/td>\n<td>Verarbeitung f\u00fcr die \u00dcbersetzung<\/td>\n<td>Vereinigte Staaten von Amerika<\/td>\n<td>Vereinigte Staaten von Amerika<\/td>\n<\/tr>\n<tr>\n<td>Google Japan G.K.<\/td>\n<td>Verarbeitung f\u00fcr die \u00dcbersetzung<\/td>\n<td>Japan<\/td>\n<td>Vereinigte Staaten von Amerika<\/td>\n<\/tr>\n<tr>\n<td>Microsoft Gesellschaft<\/td>\n<td>Verarbeitung f\u00fcr die \u00dcbersetzung<\/td>\n<td>Vereinigte Staaten von Amerika<\/td>\n<td>Vereinigte Staaten von Amerika<\/td>\n<\/tr>\n<tr>\n<td>Microsoft Japan Co., Ltd.<\/td>\n<td>Verarbeitung f\u00fcr die \u00dcbersetzung<\/td>\n<td>Japan<\/td>\n<td>Vereinigte Staaten von Amerika<\/td>\n<\/tr>\n<tr>\n<td>DeepL SE<\/td>\n<td>Verarbeitung f\u00fcr die \u00dcbersetzung<\/td>\n<td>Deutschland<\/td>\n<td>Vereinigte Staaten von Amerika<\/td>\n<\/tr>\n<tr>\n<td>Cantab Research Ltd.<\/td>\n<td>Processing for translation (Sentio Only)<\/td>\n<td>Gro\u00dfbritannien<\/td>\n<td>Vereinigte Staaten von Amerika<\/td>\n<\/tr>\n<tr>\n<td>Adish Co. Ltd.<\/td>\n<td>Kundenbetreuung<\/td>\n<td>Japan<\/td>\n<td>Japan<\/td>\n<\/tr>\n<\/tbody>\n<\/table>","protected":false},"excerpt":{"rendered":"POCKETALK shares information with partners, vendors or agents working on our behalf, in order to provide our services to you. For example, companies we\u2019ve hired to provide speech to text transcription and language translation services, customer support services, or assist in protecting and securing our systems that may need access to personal information to provide&#8230;","protected":false},"author":12,"featured_media":0,"parent":0,"menu_order":0,"comment_status":"closed","ping_status":"open","template":"template-full-skinny.php","meta":{"_acf_changed":false,"footnotes":""},"class_list":["post-5074","page","type-page","status-publish","hentry"],"acf":[],"_links":{"self":[{"href":"https:\/\/pocketalk.com\/de_de\/wp-json\/wp\/v2\/pages\/5074","targetHints":{"allow":["GET"]}}],"collection":[{"href":"https:\/\/pocketalk.com\/de_de\/wp-json\/wp\/v2\/pages"}],"about":[{"href":"https:\/\/pocketalk.com\/de_de\/wp-json\/wp\/v2\/types\/page"}],"author":[{"embeddable":true,"href":"https:\/\/pocketalk.com\/de_de\/wp-json\/wp\/v2\/users\/12"}],"replies":[{"embeddable":true,"href":"https:\/\/pocketalk.com\/de_de\/wp-json\/wp\/v2\/comments?post=5074"}],"version-history":[{"count":0,"href":"https:\/\/pocketalk.com\/de_de\/wp-json\/wp\/v2\/pages\/5074\/revisions"}],"wp:attachment":[{"href":"https:\/\/pocketalk.com\/de_de\/wp-json\/wp\/v2\/media?parent=5074"}],"curies":[{"name":"wp","href":"https:\/\/api.w.org\/{rel}","templated":true}]}}