{"id":5019,"date":"2024-12-17T01:09:14","date_gmt":"2024-12-17T09:09:14","guid":{"rendered":"https:\/\/pocketalk.com\/?page_id=5019"},"modified":"2026-04-01T12:42:40","modified_gmt":"2026-04-01T16:42:40","slug":"pocketalk-s2-s2plus-white-paper","status":"publish","type":"page","link":"https:\/\/pocketalk.com\/de_de\/pocketalk-s2-s2plus-white-paper","title":{"rendered":"POCKETALK S2 \/ S2 Plus Whitepaper"},"content":{"rendered":"\n<\/p>\n<style>\n  .section-conainer {<br \/>    margin-bottom: min(4.83vw, 50px);<br \/>    width: min(94vw, 1200px);<br \/>    margin-left: auto;<br \/>    padding-top: 0 !important;<br \/>    padding-bottom: 0 !important;<br \/>    margin-right: auto;<br \/>  }<br \/>  .section-conainer p {<br \/>    font-size: clamp(14px, 3.38vw, 16px);<br \/>    line-height: 1.6;<br \/>    margin-bottom: 1em;<br \/>  }<br \/>  .section-conainer li {<br \/>    font-size: clamp(14px, 3.38vw, 16px);<br \/>    line-height: 1.6;<br \/>  }<br \/>  .section-conainer p.caption {<br \/>    text-align: center;<br \/>    color: #666;<br \/>  }<br \/>  .section-conainer img {<br \/>    display: block;<br \/>    margin-left: auto;<br \/>    margin-right: auto;<br \/>    margin-bottom: 1em;<br \/>    width: 70%;<br \/>  }<br \/>  .section-conainer a {<br \/>    color: #09f;<br \/>  }<br \/>  .section-conainer a:hover {<br \/>    color: #09f;<br \/>    text-decoration: underline;<br \/>  }<br \/>  table {<br \/>    width: 100%;<br \/>    border-top: 1px solid #e0e0e0;<br \/>    border-left: 1px solid #e0e0e0;<br \/>    margin-bottom: min(4.35vw, 18px);<br \/>  }<br \/>  table th, table td {<br \/>    border-right: 1px solid #e0e0e0;<br \/>    border-bottom: 1px solid #e0e0e0;<br \/>    padding: 1em;<br \/>    font-size: clamp(14px, 3.38vw, 16px);<br \/>  }<br \/>  table th {<br \/>    width: 22%;<br \/>    font-size: clamp(14px, 3.38vw, 16px);<br \/>    text-align: left;<br \/>    background-color: #ccc;<br \/>    color: #000;<br \/>  }<br \/>  .section-conainer ul {<br \/>    margin-left: 1.6em;<br \/>  }<br \/>  .section-conainer li {<br \/>    list-style: disc;<br \/>  }<\/p>\n<\/style>\n<section class=\"section-conainer\">\n<h2>1. Basisinformationen<\/h2>\n<h3>1.1 Serviceanbieter<\/h3>\n<p>Pocketalk wurde von der Pocketalk Corporation entwickelt und bereitgestellt.<\/p>\n<h3>1.2 Zertifizierungen<\/h3>\n<p>Pocketalk und der Cloud-Service von Pocketalk unterst\u00fctzen die Zertifizierungen ISO 27001 und ISO 27017 sowie die Compliance mit der DSGVO und HIPAA.<\/p>\n<p><img decoding=\"async\" src=\"https:\/\/pocketalk.jp\/hubfs\/images\/termhub\/Certi_GDPR_newicon_DE.png\" alt=\"\" \/><\/p>\n<h3>1.3 Datenfluss<\/h3>\n<p><img decoding=\"async\" src=\"https:\/\/pocketalk.jp\/hubfs\/images\/termhub\/pkt-s2-ger-02.png\" alt=\"\" \/><br \/>\n<img decoding=\"async\" src=\"https:\/\/pocketalk.jp\/hubfs\/images\/termhub\/pkt-s2-ger-03.png\" alt=\"\" \/><\/p>\n<p class=\"caption\">&lt;Abbildung 3. Pocketalk S2 High Level Systemarchitektur&gt;<\/p>\n<p><img decoding=\"async\" src=\"https:\/\/pocketalk.jp\/hubfs\/images\/termhub\/pkt-s2-ger-04.png\" alt=\"\" \/><\/p>\n<p class=\"caption\">&lt;Abbildung 1. Pocketalk &#8211; \u00dcbersetzungsdatenfluss&gt;<\/p>\n<h3>1.4 Benutzerdaten<\/h3>\n<p>Pocketalk speichert die unten aufgef\u00fchrten benutzerbezogenen Daten.<\/p>\n<p>[WICHTIG]<br \/>\nDiese Daten werden nur im lokalen Speicher des Ger\u00e4ts gespeichert.<\/p>\n<ol>\n<li>\u00dcbersetzungsverlauf (Transkriberter Text)<\/li>\n<li>\u00dcbersetzungsverlauf (\u00dcbersetzter Text)<\/li>\n<li>\u00dcbersetzungsverlauf (Synthetisiertes Audio)<\/li>\n<li>Benutzereinstellungen f\u00fcr die Ger\u00e4teeinstellungen<\/li>\n<\/ol>\n<p>Kunden k\u00f6nnen die oben genannten Daten jederzeit \u00fcber das Men\u00fc \u201eGer\u00e4teeinstellungen\u201c l\u00f6schen bzw. zur\u00fccksetzen.<\/p>\n<\/section>\n<section class=\"section-conainer\">\n<h2>2. Funktionen<\/h2>\n<h3>2.1 Hauptfunktionen<\/h3>\n<h4>2.1.1 Sprach\u00fcbersetzung und unterst\u00fctzte Sprachen<\/h4>\n<p>Echtzeit Sprach\u00fcbersetzung in beide Richtungen: Sprechen Sie in das Ger\u00e4t und erhalten Sie eine Sofort\u00fcbersetzung in eine andere Sprache.<\/p>\n<p>Unterst\u00fctzt mehr als 80 Sprachen: Deckt eine breite Palette von Sprachen f\u00fcr die globale Kommunikation ab.<\/p>\n<h3>2.1.2 Kamera\u00fcbersetzung und unterst\u00fctzte Sprachen<\/h3>\n<p>Text\u00fcbersetzung aus Bildern: Richten Sie die Kamera auf Schilder, Men\u00fcs oder Dokumente, um Sofort\u00fcbersetzungen zu erhalten.<\/p>\n<p>Unterst\u00fctzt mehr als 50 Sprachen: Deckt die wichtigsten Sprachen f\u00fcr eine bequeme Text\u00fcbersetzung ab.<\/p>\n<h4>2.1.3 Globale Kommunikation<\/h4>\n<p>Eingebaute eSIM: Bietet Internetverbindung in \u00fcber 170 L\u00e4ndern und Regionen ohne lokale SIM-Karte.<\/p>\n<h3>2.2 Produktspezifikationen<\/h3>\n<table>\n<tbody>\n<tr>\n<th>SPEZIFIKATION<\/th>\n<th>Pocketalk S2<\/th>\n<th>Pocketalk S2 Plus<\/th>\n<\/tr>\n<tr>\n<td>Abmessungen [mm H\u00d7B\u00d7T]<\/td>\n<td>91,6 \u00d7 53,8 \u00d7 11,5<\/td>\n<td>123 \u00d7 65 \u00d7 11<\/td>\n<\/tr>\n<tr>\n<td>Gewicht [g]<\/td>\n<td>75<\/td>\n<td>125<\/td>\n<\/tr>\n<tr>\n<td>Bildschirmgr\u00f6\u00dfe [Zoll]<\/td>\n<td>2.8<\/td>\n<td>3.97<\/td>\n<\/tr>\n<tr>\n<td>Bildschirmaufl\u00f6sung [px H\u00d7B]<\/td>\n<td>640 \u00d7 480<\/td>\n<td>800 \u00d7 480<\/td>\n<\/tr>\n<tr>\n<td>Geh\u00e4usefarbe<\/td>\n<td>Wei\u00df<\/td>\n<td><\/td>\n<\/tr>\n<tr>\n<td>Batterie<\/td>\n<td>Lithium-Ionen-Akku<\/td>\n<td><\/td>\n<\/tr>\n<tr>\n<td>Batteriekapazit\u00e4t [mAh]<\/td>\n<td>1200<\/td>\n<td>1550<\/td>\n<\/tr>\n<tr>\n<td>Aufladen<\/td>\n<td>USB Typ-C<br \/>\nEingangsspannung: Bis zu 5V<br \/>\nEingangsstrom: Bis zu 2A<\/td>\n<td><\/td>\n<\/tr>\n<tr>\n<td>Bluetooth<\/td>\n<td>4.2<\/td>\n<td><\/td>\n<\/tr>\n<tr>\n<td>SIM-Kartensteckplatz<\/td>\n<td>nano SIM<\/td>\n<td><\/td>\n<\/tr>\n<tr>\n<td>Datenkommunikationsmethode, unterst\u00fctzte Frequenzb\u00e4nder<\/td>\n<td>3G [W-CDMA] 1\/2\/5\/6\/19 4G [FDD-LTE] 1\/2\/3\/4\/5\/7\/8\/12\/13\/17\/18\/19\/20\/25\/26\/28B [TD-LTE] 38\/39\/40\/41<\/td>\n<td><\/td>\n<\/tr>\n<tr>\n<td>Wi-Fi<\/td>\n<td>IEEE802.11a\/b\/g\/n 2.4GHz\uff1a1\uff5e11ch 5GHz\uff1a5.2GHz(W52)\u30015.3GHz(W53)\u30015.6GHz(W56)<\/td>\n<td><\/td>\n<\/tr>\n<tr>\n<td>Lautsprecher<\/td>\n<td>\u00d7 2<\/td>\n<td>\u00d7 1<\/td>\n<\/tr>\n<tr>\n<td>Mikrofon<\/td>\n<td>Dualmikrofone mit Ger\u00e4uschunterdr\u00fcckungsfunktion<\/td>\n<td><\/td>\n<\/tr>\n<tr>\n<td>Kamera<\/td>\n<td>\u00d7 1<\/td>\n<td><\/td>\n<\/tr>\n<tr>\n<td>Lagertemperatur<\/td>\n<td>-20\u2103 bis 45\u2103 (nicht kondensierend)<\/td>\n<td><\/td>\n<\/tr>\n<tr>\n<td>Betriebstemperatur<\/td>\n<td>0\u2103 bis 40\u2103 (nicht kondensierend)<\/td>\n<td><\/td>\n<\/tr>\n<tr>\n<td>Kontinuierliche Standby-Zeit<\/td>\n<td>179 Stunden<\/td>\n<td>213 Stunden<\/td>\n<\/tr>\n<tr>\n<td>Ladezeit<\/td>\n<td>75 Minuten<\/td>\n<td>105 Minuten<\/td>\n<\/tr>\n<tr>\n<td>Wattstunden-Bewertung [Wh]<\/td>\n<td>4.56<\/td>\n<td>5.89<\/td>\n<\/tr>\n<tr>\n<td>Unterst\u00fctzte Sprachen f\u00fcr Sprach\u00fcbersetzung<\/td>\n<td>Sprache &amp; Text: 90 Sprachen Nur Text: 2 Sprachen<\/td>\n<td><\/td>\n<\/tr>\n<tr>\n<td>Unterst\u00fctzte Sprachen f\u00fcr Kamera\u00fcbersetzung<\/td>\n<td>56 Sprachen<\/td>\n<td><\/td>\n<\/tr>\n<tr>\n<td>Abdeckungsbereich<\/td>\n<td>Mehr als 170 L\u00e4nder und Regionen<\/td>\n<td><\/td>\n<\/tr>\n<tr>\n<td>Packungsabmessungen [mm H\u00d7B\u00d7T]<\/td>\n<td>138.8 x 139.7 x 36.5 mm<\/td>\n<td>176.3 x 139.7 x 36.5mm<\/td>\n<\/tr>\n<\/tbody>\n<\/table>\n<h3>2.3 Anweisungen, Handbuch &amp; Sicherheitsinformationen<\/h3>\n<p>Bitte beachten Sie das Online-Handbuch unter <a href=\"https:\/\/pocketalk.link\/support\">https:\/\/pocketalk.link\/support<\/a>.<\/p>\n<\/section>\n<section class=\"section-conainer\">\n<h2>3. Support<\/h2>\n<h3>3.1 Informationsbenachrichtigung<\/h3>\n<p>Offizielle Website: Aktuelle Nachrichten, Updates und FAQs finden Sie auf der offiziellen Pocketalk-Website.<\/p>\n<p>E-Mail-Benachrichtigungen: Benutzer k\u00f6nnen sich anmelden, um wichtige Informationen und Updates per E-Mail zu erhalten.<\/p>\n<h3>3.2 Fehlerbehebung<\/h3>\n<p><strong>Self-Service-Ressourcen:<\/strong><\/p>\n<p>Benutzer werden ermutigt, die folgenden Ressourcen zur Fehlerbehebung bei h\u00e4ufig auftretenden Problemen zu nutzen:<\/p>\n<ol>\n<li>Online-Handbuch (<a href=\"https:\/\/pocketalk.link\/support\">https:\/\/pocketalk.link\/support<\/a>).<\/li>\n<li>FAQs, die h\u00e4ufig auftretende Probleme behandeln.<\/li>\n<\/ol>\n<p><strong>Kontaktaufnahme mit dem Support:<\/strong><\/p>\n<p>Wenn die Self-Service-Ressourcen das Problem nicht l\u00f6sen k\u00f6nnen, k\u00f6nnen sich die Benutzer \u00fcber die folgende Kan\u00e4le an den Support wenden.<br \/>\nFormular: Senden Sie ein Support-Ticket \u00fcber das Online-Anfrageformular.<\/p>\n<table>\n<tbody>\n<tr>\n<th>Land<\/th>\n<th>URL<\/th>\n<\/tr>\n<tr>\n<td>USA<\/td>\n<td><a href=\"https:\/\/pocketalk.com\/contact-us\">https:\/\/pocketalk.com\/contact-us<\/a><\/td>\n<\/tr>\n<tr>\n<td>EU<\/td>\n<td><a href=\"https:\/\/pocketalk.com\/en_eu\/contact-us\">https:\/\/pocketalk.com\/en_eu\/contact-us<\/a><\/td>\n<\/tr>\n<tr>\n<td>UK<\/td>\n<td><a href=\"https:\/\/pocketalk.com\/en_gb\/contact-us\">https:\/\/pocketalk.com\/en_gb\/contact-us<\/a><\/td>\n<\/tr>\n<tr>\n<td>Frankreich<\/td>\n<td><a href=\"https:\/\/pocketalk.com\/fr_fr\/contact-us\">https:\/\/pocketalk.com\/fr_fr\/contact-us<\/a><\/td>\n<\/tr>\n<tr>\n<td>Deutschland<\/td>\n<td><a href=\"https:\/\/pocketalk.com\/de_de\/contact-us\">https:\/\/pocketalk.com\/de_de\/contact-us<\/a><\/td>\n<\/tr>\n<tr>\n<td>Italien<\/td>\n<td><a href=\"https:\/\/pocketalk.com\/it_it\/contact-us\">https:\/\/pocketalk.com\/it_it\/contact-us<\/a><\/td>\n<\/tr>\n<tr>\n<td>Spanien<\/td>\n<td><a href=\"https:\/\/pocketalk.com\/es_es\/contact-us\">https:\/\/pocketalk.com\/es_es\/contact-us<\/a><\/td>\n<\/tr>\n<tr>\n<td>Japan<\/td>\n<td><a href=\"https:\/\/pocketalk.my.site.com\/public\/s\/contactsupport?language=ja\">https:\/\/pocketalk.my.site.com\/public\/s\/contactsupport?language=ja<\/a><\/td>\n<\/tr>\n<\/tbody>\n<\/table>\n<h3>3.3 Implementierung &amp; Betrieb<\/h3>\n<p>Das Ger\u00e4t ist sofort einsatzbereit. Es ist keine zus\u00e4tzliche Softwareinstallation oder komplexe Konfiguration erforderlich.<\/p>\n<p>Kurzanleitungen und Tutorial-Videos sind online verf\u00fcgbar (<a href=\"https:\/\/pocketalk.link\/support\">https:\/\/pocketalk.link\/support<\/a>), um die Benutzer mit den Funktionen und der Bedienung des Ger\u00e4ts vertraut zu machen.<\/p>\n<\/section>\n<section class=\"section-conainer\">\n<h2>4. Sicherheitsrahmen<\/h2>\n<p>Pocketalk ist ein hochmodernes Tool, das entwickelt wurde, um eine genaue Sprach\u00fcbersetzung in Echtzeit zu erm\u00f6glichen und die globale Kommunikation zu f\u00f6rdern. Unser Ger\u00e4t nutzt die Flexibilit\u00e4t und die umfassenden Sicherheitsfunktionen von Android OS, zugeschnitten auf die Bed\u00fcrfnisse von Unternehmenskunden. Das Ger\u00e4t verf\u00fcgt nicht \u00fcber GMS (Google Mobile Services) wie Google Play, Google Chrome usw. und keine Apps von Drittanbietern. Alle Apps f\u00fcr Kunden werden von Pocketalk entwickelt, getestet und mit einer digitalen Signatur versehen.<\/p>\n<h3>4.1 Ger\u00e4tesicherheit<\/h3>\n<h4>4.1.1 Sicherer Start &amp; Verifizierter Start<\/h4>\n<p>Secure Boot stellt sicher, dass das Ger\u00e4t nur Firmware und Software ausf\u00fchrt, die mit einer vertrauensw\u00fcrdigen digitalen Signatur versehen sind. Dadurch wird verhindert, dass w\u00e4hrend des Startvorgangs nicht autorisierte Software geladen wird, wodurch vor Low-Level-Angriffen gesch\u00fctzt wird. Ebenso wird sichergestellt, dass das Betriebssystem nicht manipuliert wurde, wodurch vor Malware und nicht autorisierten \u00c4nderungen gesch\u00fctzt wird.<\/p>\n<p><img decoding=\"async\" src=\"https:\/\/pocketalk.jp\/hubfs\/images\/termhub\/pkt-s2-ger-05.png\" alt=\"\" \/><\/p>\n<p class=\"caption\">&lt;Abbildung 2. Pocketalk &#8211; Startvorgang&gt;<\/p>\n<h4>4.1.2 Ger\u00e4teverschl\u00fcsselung<\/h4>\n<p>Das Ger\u00e4t verwendet standardm\u00e4\u00dfig FBE (File-Based Encryption) AES-256-CTS, um alle sensiblen Daten zu sch\u00fctzen.<\/p>\n<ul>\n<li>Granularer Schutz\n<ul>\n<li>Im Kontext von Pocketalk bietet FBE einen gezielteren Schutz. Sensible Daten, wie z. B. Benutzereinstellungen oder \u00dcbersetzungsprotokolle, werden unabh\u00e4ngig von den Systemdateien verschl\u00fcsselt, wodurch sichergestellt wird, dass diese Daten auch dann sicher bleiben, wenn das Ger\u00e4t im eingeschalteten Zustand kompromittiert wird.<\/li>\n<\/ul>\n<\/li>\n<li>Leistungseffizienz\n<ul>\n<li>Da FBE nur bestimmte Dateien entschl\u00fcsselt, wenn auf sie zugegriffen wird, k\u00f6nnen die Auswirkungen auf die Leistung im Vergleich zu FDE (Full-Disk Encryption), bei der die gesamte Festplatte beim Hochfahren entschl\u00fcsselt werden muss, reduziert werden.<\/li>\n<\/ul>\n<\/li>\n<\/ul>\n<h3>4.2 Anwendungssicherheit<\/h3>\n<h4>4.2.1 Anwendungssandboxing<\/h4>\n<p>Jede Anwendung l\u00e4uft in ihrer eigenen isolierten Umgebung, wodurch verhindert wird, dass b\u00f6sartige Anwendungen auf andere Anwendungen oder Systemressourcen zugreifen oder diese manipulieren k\u00f6nnen. Dadurch wird die Angriffsfl\u00e4che reduziert und die potenziellen Auswirkungen einer kompromittierten Anwendung minimiert.<\/p>\n<p>Pocketalk erlaubt keine Installation von Drittanbieteranwendungen, dies wird durch eine benutzerdefinierte Android-Firmware-Ebene verhindert.<\/p>\n<h4>4.2.2 Entfernen unn\u00f6tiger Apps und Deaktivieren unn\u00f6tiger Dienste<\/h4>\n<p>Das System von Pocketalk f\u00fchrt nur Apps und Hintergrunddienste aus, die an den bereitgestellten Wert (Funktionen) gebunden sind. Dies tr\u00e4gt auch dazu bei, die Auswirkungen auf die Leistung und den Batterieverbrauch zu reduzieren und so ein besseres Kundenerlebnis zu erzielen.<\/p>\n<h4>4.2.3 Regelm\u00e4\u00dfige Sicherheitsupdates<\/h4>\n<p>Pocketalk bietet regelm\u00e4\u00dfige Sicherheitspatches und -updates, um sicherzustellen, dass das Ger\u00e4t vor kritischen Bedrohungen gesch\u00fctzt bleibt.<\/p>\n<h3>4.3 Netzwerksicherheit<\/h3>\n<h4>4.3.1 Sichere Kommunikationskan\u00e4le<\/h4>\n<p>Alle zwischen dem Ger\u00e4t und den \u00dcbersetzungsmaschinen \u00fcbertragenen Daten werden mit HTTPS oder WSS (TLS v1.2) verschl\u00fcsselt. Die Kommunikation beginnt immer von Pocketalk zu vertrauensw\u00fcrdigen Servern, Server-Push ist nicht erlaubt.<\/p>\n<h4>4.3.2 Schutz vor drahtlosen Angriffen<\/h4>\n<p>Die folgenden Ma\u00dfnahmen werden zum Schutz vor Angriffen auf die drahtlose Kommunikation ergriffen:<\/p>\n<ul>\n<li>Wi-Fi\n<ul>\n<li>Unn\u00f6tige Netzwerkfunktionen und -dienste sind deaktiviert.<\/li>\n<\/ul>\n<\/li>\n<li>Bluetooth\n<ul>\n<li>Datenkommunikation \u00fcber Bluetooth ist deaktiviert.<\/li>\n<li>Das Ger\u00e4t bleibt unauffindbar.<\/li>\n<\/ul>\n<\/li>\n<\/ul>\n<h3>4.4 Physische Sicherheit<\/h3>\n<h4>4.4.1 USB-Kommunikation<\/h4>\n<p>Pocketalk ist mit USB-C (USB 2.0) ausgestattet, und dies dient nur zum Aufladen des Akkus.<\/p>\n<p>Die USB-Datenkommunikation ist durch das Hardwaredesign nicht m\u00f6glich.<\/p>\n<h3>4.5 Datenschutz und Compliance<\/h3>\n<h4>4.5.1 DSGVO-Konformit\u00e4t<\/h4>\n<p>Pocketalk wurde so konzipiert, dass es der Datenschutz-Grundverordnung (DSGVO) entspricht und gew\u00e4hrleistet, dass personenbezogene Daten verantwortungsvoll behandelt werden. Benutzereinstellungen und \u00dcbersetzungsverl\u00e4ufe (Audio und Text) verbleiben im verschl\u00fcsselten lokalen Speicher des Ger\u00e4ts. Unsere Kunden k\u00f6nnen diese \u00fcber das Ger\u00e4temen\u00fc l\u00f6schen und auch einen Timer f\u00fcr die automatische L\u00f6schung einstellen.<\/p>\n<h4>4.5.2 Datenanonymisierung<\/h4>\n<p>Die von Pocketalk gesammelten Daten werden niemals an eine bestimmte Person gebunden. Es wird niemals nach einem Benutzerkonto (E-Mail und Passwort) gefragt, um die Privatsph\u00e4re zu verbessern und das Risiko von Datenverletzungen zu minimieren.<\/p>\n<h4>4.5.3 Datenverarbeitung<\/h4>\n<p>Pocketalk sendet die Audiodaten und transkribierten Textdaten des Kunden \u00fcber das Internet an \u00dcbersetzungsmaschinen wie STT (Speech-to-Text), TTT (Text-to-Text) und TTS (Text-to-Speech). Pocketalk hat mit allen Anbietern von \u00dcbersetzungsmaschinen einen DPA. Falls Sie einen DPA-Vertrag mit Pocketalk ben\u00f6tigen, wenden Sie sich bitte an Ihren Vertriebsmitarbeiter.<\/p>\n<h3>4.6 Ger\u00e4teverwaltung<\/h3>\n<h4>4.6.1 OTA (Over-the-Air)-Updates<\/h4>\n<p>Sicherheitsupdates und Patches werden over-the-air bereitgestellt, um sicherzustellen, dass alle Ger\u00e4te mit den neuesten Sicherheitsverbesserungen auf dem neuesten Stand sind. Pocketalk erkennt neue Software-Updates \u00fcber Mobilfunk oder Wi-Fi-Internetzugang und ben\u00f6tigt Wi-Fi, um die neue Software herunterzuladen.<\/p>\n<h3>4.7 Sicherheitsaudit<\/h3>\n<p>Wir bitten externe Sicherheitsexperten, die Sicherheit von Pocketalk mindestens einmal im Jahr zu testen. Wenn wir gr\u00f6\u00dfere \u00c4nderungen an der Kernimplementierung vorgenommen haben, f\u00fchren wir das Sicherheitsaudit durch, bevor wir das gr\u00f6\u00dfere Software-Update ver\u00f6ffentlichen.<\/p>\n<\/section>\n<section class=\"section-conainer\">\n<h2>5. Servicebereitstellung &amp; Vertrag<\/h2>\n<h3>5.1 Nutzungsbedingungen (Nutzungsbedingungen)<\/h3>\n<p>Bitte beachten Sie die aktuellen Nutzungsbedingungen, die online verf\u00fcgbar sind.<br \/>\n<a href=\"https:\/\/pocketalk.link\/tou\">https:\/\/pocketalk.link\/tou<\/a><\/p>\n<h3>5.2 Service Level Objective (SLO)<\/h3>\n<p>Pocketalk arbeitet unter dem folgenden SLO.<\/p>\n<table>\n<tbody>\n<tr>\n<th>Servicezeiten<\/th>\n<td>24\/7<\/td>\n<\/tr>\n<tr>\n<th>Verf\u00fcgbarkeit<\/th>\n<td>99,0% * Excluyendo el tiempo de mantenimiento programado<\/td>\n<\/tr>\n<tr>\n<th>Durchschnittliche H\u00e4ufigkeit und Ausfallzeit<\/th>\n<td>2 \u301c 4 Mal pro Jahr, Jede geplante Wartung kann zu einer Service-Ausfallzeit von bis zu 6 Stunden f\u00fchren.<\/td>\n<\/tr>\n<\/tbody>\n<\/table>\n<h3>5.3 Staatliche Genehmigung, Zulassung, Zertifizierung, Benachrichtigung usw.<\/h3>\n<p>Falls eine staatliche Genehmigung, Zulassung, Zertifizierung oder Benachrichtigung erforderlich ist, damit der Benutzer das Ger\u00e4t verwenden kann, ist der Benutzer f\u00fcr die Bearbeitung solcher Angelegenheiten auf eigene Kosten und Verantwortung verantwortlich, es sei denn, der Vertriebspartner ist in der Lage, eine solche Genehmigung, Zulassung, Zertifizierung oder Benachrichtigung zu erhalten.<\/p>\n<\/section>\n<p>\n\n\n\n\n\n\n","protected":false},"excerpt":{"rendered":"","protected":false},"author":12,"featured_media":0,"parent":0,"menu_order":0,"comment_status":"closed","ping_status":"closed","template":"template-full-skinny.php","meta":{"_acf_changed":false,"footnotes":""},"class_list":["post-5019","page","type-page","status-publish","hentry"],"acf":[],"_links":{"self":[{"href":"https:\/\/pocketalk.com\/de_de\/wp-json\/wp\/v2\/pages\/5019","targetHints":{"allow":["GET"]}}],"collection":[{"href":"https:\/\/pocketalk.com\/de_de\/wp-json\/wp\/v2\/pages"}],"about":[{"href":"https:\/\/pocketalk.com\/de_de\/wp-json\/wp\/v2\/types\/page"}],"author":[{"embeddable":true,"href":"https:\/\/pocketalk.com\/de_de\/wp-json\/wp\/v2\/users\/12"}],"replies":[{"embeddable":true,"href":"https:\/\/pocketalk.com\/de_de\/wp-json\/wp\/v2\/comments?post=5019"}],"version-history":[{"count":0,"href":"https:\/\/pocketalk.com\/de_de\/wp-json\/wp\/v2\/pages\/5019\/revisions"}],"wp:attachment":[{"href":"https:\/\/pocketalk.com\/de_de\/wp-json\/wp\/v2\/media?parent=5019"}],"curies":[{"name":"wp","href":"https:\/\/api.w.org\/{rel}","templated":true}]}}