{"id":3835,"date":"2024-03-18T12:31:30","date_gmt":"2024-03-18T20:31:30","guid":{"rendered":"https:\/\/pocketalk.com\/?page_id=3835"},"modified":"2024-10-30T09:55:20","modified_gmt":"2024-10-30T17:55:20","slug":"pocketalks-privacy-promise","status":"publish","type":"page","link":"https:\/\/pocketalk.com\/de_de\/pocketalks-privacy-promise","title":{"rendered":"Pocketalks Datenschutzversprechen"},"content":{"rendered":"<h2><span style=\"color: #262626;\">Wo jedes Wort z\u00e4hlt und Integrit\u00e4t unbezahlbar ist<\/span><\/h2>\n<p>Sicherheit ist mehr als nur Schlagworte und vor\u00fcbergehende Trends, die zu einer entscheidenden, wenn nicht gar staatlich vorgeschriebenen Notwendigkeit werden. Pocketalk basiert auf grundlegenden Prinzipien, bei denen Pr\u00e4zision, Geschwindigkeit, Benutzerfreundlichkeit und vor allem Sicherheit nicht nur Funktionen, sondern Versprechen sind. Wir sind uns der Bedeutung der Datensicherheit bewusst und stellen sicher, dass die Vertraulichkeit der von Pocketalk verarbeiteten Daten und damit auch die Vertraulichkeit der Kommunikation unserer Benutzer gesch\u00fctzt ist. Unsere Aufgabe besteht darin, sichere \u00dcbersetzungen zu erm\u00f6glichen und Ihren Dialog \u00fcber Sprachbarrieren hinweg zu sch\u00fctzen.<\/p>\n<p>Pocketalk ist Vorreiter bei sicheren \u00dcbersetzungsdiensten. Die Unterst\u00fctzung der HIPAA-Konformit\u00e4t und die Einhaltung strenger Standards wie der DSGVO sind nur der Anfang. Unsere Konformit\u00e4t mit ISO27017, ISO27001 und anderen branchenspezifischen Zertifizierungen ist ein Beweis f\u00fcr das Engagement unseres Teams, Branchen-Benchmarks zu \u00fcbertreffen.<\/p>\n<p>Unser Sicherheitsversprechen geht \u00fcber unsere Ger\u00e4te und Dienste hinaus. Wir sind durch Produkte, Richtlinien, Prozesse und Verfahren sicher.<\/p>\n<p><strong>Produkt<\/strong><br \/>\nSicherheit ist der Grundstein aller unserer Produktdesigns. Jede Phase, von der Konzeption \u00fcber die Herstellung bis hin zur Lieferung, folgt unseren strengen Kriterien, um strenge Sicherheitstests zu bestehen.<\/p>\n<p><strong>Politik<\/strong><br \/>\nUnsere internen Richtlinien gehen \u00fcber die Standardpraktiken hinaus. Das sichere Verhalten unserer Mitarbeiter, die Protokolle f\u00fcr den Datenzugriff und sogar der Umgang mit \u00dcbersetzungsergebnissen stellen sicher, dass jeder Kontaktpunkt \u00fcberpr\u00fcft und sicher ist.<\/p>\n<p><strong>Verfahren<\/strong><br \/>\nUnsere Betriebsabl\u00e4ufe werden von unabh\u00e4ngigen Dritten gepr\u00fcft. Diese externen Pr\u00fcfungen, einschlie\u00dflich Penetrationstests, dienen als G\u00fctesiegel f\u00fcr unsere Sicherheitsma\u00dfnahmen.<\/p>\n<p><strong>Verfahren<\/strong><br \/>\nVerfahren dienen als Blaupause f\u00fcr die Verwaltung ausfallsicherer Prozesse. Unsere Verfahren sind darauf ausgelegt, Schwachstellen zu beseitigen und sich kontinuierlich weiterzuentwickeln, um h\u00f6here Sicherheitsstandards zu setzen und die Standards unserer Unternehmenskunden zu \u00fcbertreffen.<\/p>\n<p>Um eine \u00dcbersetzungsl\u00f6sung auszuw\u00e4hlen, m\u00fcssen Sie den Sicherheitsansatz des Unternehmens verstehen. Nicht alle Dienste sind gleich, und viele bieten nicht die Sicherheit, die einem echten Unternehmen zusteht. F\u00fcr Pocketalk ist nichts wichtiger als Sicherheit.<\/p>\n<p>Pocketalk zeichnet sich dadurch aus, dass es das Vertrauen und die Vorliebe f\u00fchrender Bildungseinrichtungen, f\u00fchrender Energieunternehmen, staatlicher Dienste, Fortune 100-Unternehmen und nationaler Gesundheitseinrichtungen genie\u00dft.<\/p>","protected":false},"excerpt":{"rendered":"Where Every Word Counts and Integrity is Priceless Security is more than buzzwords and temporary trends becoming a pivotal, if not government-mandated, necessity. Pocketalk is built on fundamental principles where precision, speed, user-friendliness, and, above all, security are not just features but promises. We recognize the importance of data security and ensure that the confidentiality&#8230;","protected":false},"author":13,"featured_media":0,"parent":0,"menu_order":0,"comment_status":"closed","ping_status":"closed","template":"template-full-skinny.php","meta":{"_acf_changed":false,"footnotes":""},"class_list":["post-3835","page","type-page","status-publish","hentry"],"acf":[],"_links":{"self":[{"href":"https:\/\/pocketalk.com\/de_de\/wp-json\/wp\/v2\/pages\/3835","targetHints":{"allow":["GET"]}}],"collection":[{"href":"https:\/\/pocketalk.com\/de_de\/wp-json\/wp\/v2\/pages"}],"about":[{"href":"https:\/\/pocketalk.com\/de_de\/wp-json\/wp\/v2\/types\/page"}],"author":[{"embeddable":true,"href":"https:\/\/pocketalk.com\/de_de\/wp-json\/wp\/v2\/users\/13"}],"replies":[{"embeddable":true,"href":"https:\/\/pocketalk.com\/de_de\/wp-json\/wp\/v2\/comments?post=3835"}],"version-history":[{"count":0,"href":"https:\/\/pocketalk.com\/de_de\/wp-json\/wp\/v2\/pages\/3835\/revisions"}],"wp:attachment":[{"href":"https:\/\/pocketalk.com\/de_de\/wp-json\/wp\/v2\/media?parent=3835"}],"curies":[{"name":"wp","href":"https:\/\/api.w.org\/{rel}","templated":true}]}}