{"id":182,"date":"2019-12-09T22:24:57","date_gmt":"2019-12-09T22:24:57","guid":{"rendered":"https:\/\/pocketalk.com\/?page_id=182"},"modified":"2026-01-27T13:36:35","modified_gmt":"2026-01-27T18:36:35","slug":"shipping-policy","status":"publish","type":"page","link":"https:\/\/pocketalk.com\/de_de\/shipping-policy","title":{"rendered":"Versandrichtlinien"},"content":{"rendered":"<\/p>\n<h3>Preis und Bezahlung<\/h3>\n<p>Jeder auf der Produktseite angezeigte Preis besteht aus dem vollen Verkaufspreis des Produkts, einschlie\u00dflich Mehrwertsteuer oder Umsatzsteuer, jedoch ohne Versandkosten und Einfuhrz\u00f6lle (sofern zutreffend). Pocketalk wird vor Abschluss des Vertrags alle anfallenden Versandkosten klar angeben. Sie sind jedoch allein daf\u00fcr verantwortlich, festzustellen, ob und in welchem Umfang Einfuhrz\u00f6lle auf den Vertrag anfallen (sowie f\u00fcr deren Zahlung).<br \/>\nSofern im Produktangebot nicht anders angegeben, sind alle Zahlungen 14 Tage ab dem ersten Tag der Widerrufsfrist f\u00e4llig oder 14 Tage ab Vertragsschluss, wenn die Widerrufsfrist nicht gilt (siehe \"Widerrufsrecht\").<\/p>\n<h3>Lieferung<\/h3>\n<p>Pocketalk ist bestrebt, die Lieferung aller Produkte am oder vor dem \u201evoraussichtlichen Liefertermin\u201c sicherzustellen. Dies ist jedoch m\u00f6glicherweise nicht unter allen Umst\u00e4nden m\u00f6glich. Daher ist der \u201evoraussichtliche Liefertermin\u201c unverbindlich und es k\u00f6nnen daraus keine Rechte abgeleitet werden.<br \/>\nWenn das Produkt nicht innerhalb von 30 Tagen geliefert wird, k\u00f6nnen Sie die Vereinbarung rechtsg\u00fcltig aufl\u00f6sen, indem Sie Pocketalk \u00fcber eines der oben unter \u201eIdentit\u00e4t des Verk\u00e4ufers\u201c genannten Kommunikationsmittel davon in Kenntnis setzen.<\/p>\n<p>Pocketalk garantiert, dass das Produkt der auf der Website europe.pocketalk.net angegebenen Beschreibung (mit Ausnahme offensichtlicher Fehler) entspricht und gem\u00e4\u00df unserer Garantie frei von Materialfehlern ist. Weitere Informationen finden Sie unter \u201eEingeschr\u00e4nkte Garantie\u201c (unten).<\/p>\n<h3>Zahlungsmethoden<\/h3>\n<p>Im Folgenden finden Sie die Zahlungsarten, die wir auf unserer Website anbieten:<\/p>\n<ul>\n<li>Visa<\/li>\n<li>MasterCard<\/li>\n<li>American Express<\/li>\n<li>Maestro<\/li>\n<li>Ideal<\/li>\n<li>Bancontact<\/li>\n<li>Paypal<\/li>\n<\/ul>\n<p>","protected":false},"excerpt":{"rendered":"","protected":false},"author":13,"featured_media":0,"parent":0,"menu_order":0,"comment_status":"closed","ping_status":"closed","template":"template-full-skinny.php","meta":{"_acf_changed":false,"footnotes":""},"class_list":["post-182","page","type-page","status-publish","hentry"],"acf":[],"_links":{"self":[{"href":"https:\/\/pocketalk.com\/de_de\/wp-json\/wp\/v2\/pages\/182","targetHints":{"allow":["GET"]}}],"collection":[{"href":"https:\/\/pocketalk.com\/de_de\/wp-json\/wp\/v2\/pages"}],"about":[{"href":"https:\/\/pocketalk.com\/de_de\/wp-json\/wp\/v2\/types\/page"}],"author":[{"embeddable":true,"href":"https:\/\/pocketalk.com\/de_de\/wp-json\/wp\/v2\/users\/13"}],"replies":[{"embeddable":true,"href":"https:\/\/pocketalk.com\/de_de\/wp-json\/wp\/v2\/comments?post=182"}],"version-history":[{"count":0,"href":"https:\/\/pocketalk.com\/de_de\/wp-json\/wp\/v2\/pages\/182\/revisions"}],"wp:attachment":[{"href":"https:\/\/pocketalk.com\/de_de\/wp-json\/wp\/v2\/media?parent=182"}],"curies":[{"name":"wp","href":"https:\/\/api.w.org\/{rel}","templated":true}]}}