{"id":175,"date":"2019-12-09T22:16:49","date_gmt":"2019-12-09T22:16:49","guid":{"rendered":"https:\/\/pocketalk.com\/?page_id=175"},"modified":"2024-04-30T11:08:02","modified_gmt":"2024-04-30T19:08:02","slug":"website-terms-of-use","status":"publish","type":"page","link":"https:\/\/pocketalk.com\/de_de\/website-terms-of-use","title":{"rendered":"Nutzungsbedingungen der Website"},"content":{"rendered":"<p><em>Ab dem 1. April 2024<\/em><\/p>\n<p class=\"translation-block\">Diese Nutzungsbedingungen (die \u201eBedingungen\u201c) regeln Ihren Zugriff auf und Ihre Nutzung aller von Pocketalk Inc. (\u201ePocketalk\u201c, \u201ewir\u201c, \u201euns\u201c, \u201eunser\u201c) bereitgestellten Interneteigenschaften, einschlie\u00dflich der Pocketalk-Website ( www.pocketalk.com ), unserer mobilen Website, von Pocketalk betriebener oder betriebener Profile auf Social-Media-Websites und aller anderen digitalen Dienste oder Eigenschaften, die von Pocketalk von Zeit zu Zeit betrieben, verwendet oder ver\u00f6ffentlicht werden (zusammen die \u201eWebsites\u201c). Indem Sie auf die Websites zugreifen oder sie nutzen, erkl\u00e4ren Sie sich damit einverstanden, dass Sie diese Bedingungen gelesen und verstanden haben und an sie gebunden sind.<\/p>\n<p><strong>Wenn Sie diesen Bedingungen nicht zustimmen, d\u00fcrfen Sie nicht auf die Websites zugreifen oder sie nutzen.<\/strong><\/p>\n<p><em>Bitte beachten Sie, dass die f\u00fcr die Nutzung eines Pocketalk-Ger\u00e4ts (ein \"Ger\u00e4t\") geltenden Bedingungen separat von diesen Bedingungen sind und Ihnen beim Kauf eines Ger\u00e4ts zur Verf\u00fcgung stehen.<\/em><\/p>\n<p><strong>1.     Berechtigung<\/strong><\/p>\n<p>Durch den Zugriff auf oder die Nutzung der Sites erkl\u00e4ren Sie uns, dass Sie \u00fcber 18 Jahre alt sind (oder das gesetzliche Mindestalter in Ihrer Gerichtsbarkeit erreicht haben, je nachdem, welches h\u00f6her ist) und dass Sie voll f\u00e4hig und kompetent sind, diese Bedingungen einzugehen. Wenn Sie die Sites im Namen einer anderen Person oder Entit\u00e4t nutzen, (a) schlie\u00dfen alle Verweise auf \u201eSie\u201c in diesen Bedingungen diese Person oder Entit\u00e4t ein, (b) erkl\u00e4ren Sie, dass Sie befugt sind, diese Bedingungen im Namen dieser Person oder Entit\u00e4t anzunehmen, und (c) im Falle eines Versto\u00dfes gegen diese Bedingungen durch Sie oder die Person oder Entit\u00e4t, erkl\u00e4rt sich die Person oder Entit\u00e4t damit einverstanden, uns gegen\u00fcber verantwortlich zu sein.<\/p>\n<p><strong>2.\u00a0\u00a0\u00a0\u00a0 <\/strong><strong>\u00c4nderungen dieser Bedingungen<\/strong><\/p>\n<p>Wir k\u00f6nnen diese Bedingungen von Zeit zu Zeit aktualisieren oder anderweitig \u00e4ndern. Wenn wir wesentliche \u00c4nderungen vornehmen, werden wir die aktualisierten Bedingungen auf dieser Seite mit einem \"Zuletzt aktualisiert\"-Datum der \u00dcberarbeitungen ver\u00f6ffentlichen. Ihre fortgesetzte Nutzung der Seiten nach einer Aktualisierung gilt als Akzeptanz der aktualisierten Bedingungen. Wenn Sie den aktualisierten Bedingungen nicht zustimmen, m\u00fcssen Sie die Nutzung der Seiten einstellen.<\/p>\n<p><strong>3.\u00a0\u00a0\u00a0\u00a0 <\/strong><strong>Pocketalk Urheberrechte und eingeschr\u00e4nkte Lizenz<\/strong><\/p>\n<p>Die Websites, einschlie\u00dflich Design, Text, Grafiken, Bilder, Daten, Software, Quellcode und andere darin enthaltene Inhalte (sowie deren Auswahl, Anordnung und Pr\u00e4sentation), sind Eigentum von Pocketalk oder unseren Lizenzgebern und sind durch Gesetz, einschlie\u00dflich Urheber- und Markenrecht, gesch\u00fctzt. Sofern nicht ausdr\u00fccklich in diesen Bedingungen angegeben, sind alle Rechte an den Websites und deren Inhalte uns oder unseren Lizenzgebern vorbehalten.<\/p>\n<p>Vorbehaltlich Ihrer Einhaltung dieser Bedingungen gew\u00e4hren wir Ihnen eine begrenzte, nicht exklusive, nicht \u00fcbertragbare, nicht unterlizenzierbare und widerrufbare Lizenz, um auf die Websites zuzugreifen und diese f\u00fcr Ihre nicht kommerzielle Nutzung und f\u00fcr keinen anderen Zweck zu verwenden.<\/p>\n<p><strong>4.\u00a0\u00a0\u00a0\u00a0 <\/strong><strong>Von Nutzern Erstellter Inhalt<\/strong><\/p>\n<p>Die Sites k\u00f6nnen Funktionen enthalten, die es Ihnen erm\u00f6glichen, Kommentare, Feedback oder andere Inhalte hochzuladen (\"Vom Nutzer erstellte Inhalte\"). Durch das Beitragen von Vom Nutzer erstellten Inhalten zu einem der Sites verstehen und erkennen Sie an, dass diese Informationen der \u00d6ffentlichkeit zug\u00e4nglich sind, und Sie gew\u00e4hren hiermit Pocketalk eine weltweite, lizenzgeb\u00fchrenfreie, vollst\u00e4ndig bezahlte, nicht exklusive, unbefristete, unwiderrufliche, \u00fcbertragbare und vollst\u00e4ndig unterlizenzierbare Lizenz, solche Vom Nutzer erstellten Inhalte f\u00fcr jeden Zweck (einschlie\u00dflich zu Werbezwecken, wie z. B. Testimonials) zu reproduzieren, zu verteilen, aufzuf\u00fchren und darzustellen, abgeleitete Werke davon zu erstellen, anzupassen, zu modifizieren und anderweitig zu nutzen und zu verwerten.<\/p>\n<p>Sie versichern und garantieren, dass Sie alle notwendigen Rechte besitzen, um die in diesem Abschnitt gew\u00e4hrten Lizenzen zu erteilen und dass Ihr Benutzerinhalt keine geltenden Gesetze oder Rechte Dritter verletzt.<\/p>\n<p><strong>5.\u00a0\u00a0\u00a0\u00a0 <\/strong><strong>Urheberrechtsverletzung <\/strong><\/p>\n<p class=\"translation-block\">Pocketalk befolgt die Verfahren des Digital Millennium Copyright Act von 1998 und bietet Rechtsmittel f\u00fcr Urheberrechtsinhaber, die der Ansicht sind, dass im Internet erscheinendes Material ihre Rechte gem\u00e4\u00df dem US-amerikanischen Urheberrecht verletzt. Wenn Sie in gutem Glauben davon ausgehen, dass auf den Websites verf\u00fcgbares Material Ihr Urheberrecht verletzt, k\u00f6nnen Sie oder Ihr Vertreter Pocketalk eine schriftliche Mitteilung per Post oder E-Mail senden und verlangen, dass wir dieses Material entfernen oder den Zugriff darauf sperren. Weitere Informationen finden Sie unter <a href=\"http:\/\/www.copyright.gov\/\" target=\"_self\">http:\/\/www.copyright.gov<\/a>. Mitteilungen m\u00fcssen schriftlich an folgende Adresse gesendet werden:<\/p>\n<p>&nbsp;<\/p>\n<p><strong>Pocketalk Inc.<\/strong><br \/>\n445 Sherman Ave. Ste 120<br \/>\nPalo Alto, Kalifornien 94306<br \/>\nAchtung: Rechtliche Hinweise<br \/>\nE-Mail: press@pocketalk.com<\/p>\n<p>&nbsp;<\/p>\n<p><strong>6.\u00a0\u00a0\u00a0\u00a0 <\/strong><strong>Ihre Nutzung der Websites<\/strong><\/p>\n<p>Durch die Nutzung der Websites erkl\u00e4ren Sie sich einverstanden<\/p>\n<ul>\n<li>die Websites ausschlie\u00dflich auf rechtm\u00e4\u00dfige Weise und nur f\u00fcr die vorgesehenen Zwecke zu nutzen;<\/li>\n<li>nicht auszudr\u00fccken oder anzudeuten, dass Ihre Aussagen von Pocketalk gebilligt werden;<\/li>\n<li>den Quellcode der Sites nicht zur\u00fcckzuentwickeln, zu zerlegen oder auf andere Weise zu versuchen, diesen zu erstellen oder abzuleiten;<\/li>\n<li>die Websites nicht zu nutzen oder darauf zuzugreifen, um ein \u00e4hnliches oder konkurrierendes Produkt bzw. einen vergleichbaren oder konkurrierenden Dienst zu entwickeln;<\/li>\n<li>keine Versuche zu unternehmen, die Verwundbarkeit von Websites zu sondieren, zu scannen oder zu testen oder die Sicherheits- oder Authentifizierungsma\u00dfnahmen der Websites oder unserer Systeme zu verletzen oder zu manipulieren;<\/li>\n<li>keine Viren oder anderen Schadcode an die Sites oder \u00fcber die Sites zu \u00fcbermitteln;<\/li>\n<li>keine benutzergenerierten Inhalte einzureichen, die nach unserem alleinigen Ermessen anst\u00f6\u00dfig sind oder andere Personen bei der Nutzung oder dem Genuss der Websites einschr\u00e4nken oder behindern; und<\/li>\n<li>die Websites nicht zum Versenden von \u201eSpam\u201c oder anderen nicht autorisierten kommerziellen Nachrichten zu verwenden.<\/li>\n<\/ul>\n<p><strong>7.\u00a0\u00a0\u00a0\u00a0 <\/strong><strong>Aussetzung und K\u00fcndigung<\/strong><\/p>\n<p>Wir behalten uns das Recht vor, (a) Ihren Zugriff auf die Sites oder Ihre Nutzung der Sites sofort und ohne Vorank\u00fcndigung auszusetzen oder zu beenden, wenn wir Grund zu der Annahme haben, dass Sie gegen diese Bedingungen versto\u00dfen haben, (b) nach eigenem Ermessen benutzergenerierte Inhalte oder sonstiges Material zu entfernen, das gegen diese Bedingungen verst\u00f6\u00dft oder anderweitig anst\u00f6\u00dfig ist, und (c) die Sites jederzeit zu \u00e4ndern oder die Bereitstellung aller oder Teile der Sites auszusetzen oder einzustellen. Sie haben au\u00dferdem das Recht, die Nutzung der Sites jederzeit einzustellen. Wir sind nicht verantwortlich f\u00fcr Verluste oder Sch\u00e4den im Zusammenhang mit Ihrer Unf\u00e4higkeit, auf die Sites zuzugreifen oder sie zu nutzen.<\/p>\n<p><strong>8.\u00a0\u00a0\u00a0\u00a0 <\/strong><strong>Privatsph\u00e4re<\/strong><\/p>\n<p class=\"translation-block\">Unsere Erfassung und Verwendung Ihrer personenbezogenen Daten \u00fcber die Websites ist in unserer <a href=\"https:\/\/pocketalk.com\/de_de\/privacy-policy\/\" target=\"_self\">Datenschutzrichtlinie<\/a><a href=\"https:\/\/pocketalk.com\/de_de\/privacy-policy\/\" target=\"_self\">Richtlinie<\/a> beschrieben. Indem Sie auf die Websites zugreifen oder sie verwenden, best\u00e4tigen Sie, dass Sie die <a href=\"https:\/\/pocketalk.com\/de_de\/privacy-policy\/\" target=\"_self\">Datenschutzrichtlinie<\/a> gelesen und verstanden haben, die von Zeit zu Zeit aktualisiert wird.<\/p>\n<p><strong>9.\u00a0\u00a0\u00a0\u00a0 <\/strong><strong>Entsch\u00e4digung<\/strong><\/p>\n<p>Sie erkl\u00e4ren sich damit einverstanden, Pocketalk und dessen Muttergesellschaft, Tochtergesellschaften, leitende Angestellte, Direktoren, Vertreter und Mitarbeiter von Anspr\u00fcchen, Haftungen, Sch\u00e4den, Urteilen, Verlusten, Kosten, Ausgaben und Geb\u00fchren (einschlie\u00dflich Anwaltskosten) freizustellen, zu verteidigen und schadlos zu halten, die sich aus oder im Zusammenhang mit Ihrem Zugriff oder Ihrer Nutzung der Websites oder Aktivit\u00e4ten in Verbindung damit ergeben.<\/p>\n<p><strong>10.\u00a0 <\/strong><strong>Haftungsausschluss<\/strong><\/p>\n<p>DIE WEBSITES WERDEN \u201eWIE BESEHEN\u201c UND \u201eWIE VERF\u00dcGBAR\u201c BEREITGESTELLT, OHNE JEGLICHE GARANTIEN, UND POCKETALK LEHNT AUSDR\u00dcCKLICH ALLE AUSDR\u00dcCKLICHEN ODER STILLSCHWEIGENDEN GARANTIEN IN BEZUG AUF DIE WEBSITES AB, SOWEIT DIES NACH GELTENDEM RECHT ZUL\u00c4SSIG IST, EINSCHLIESSLICH GARANTIEN DER MARKTG\u00c4NGIGKEIT, EIGNUNG F\u00dcR EINEN BESTIMMTEN ZWECK, DER NICHTVERLETZUNG UND DES TITELRECHTS SOWIE GARANTIEN, DIE SICH AUS DER LEISTUNG, DEM HANDELSVERLAUF ODER DER NUTZUNG ODER DEM HANDEL ERGEBEN.<\/p>\n<p>Obwohl wir versuchen, die Aktualit\u00e4t, Integrit\u00e4t und Sicherheit der Websites aufrechtzuerhalten, k\u00f6nnen wir nicht garantieren, dass die Websites aktuell, vollst\u00e4ndig, korrekt oder sicher sind oder bleiben oder dass der Zugriff auf die Websites ununterbrochen m\u00f6glich ist. Es kann sein, dass wir von Zeit zu Zeit Wartungsarbeiten an den Websites durchf\u00fchren m\u00fcssen, was zu vor\u00fcbergehenden Unterbrechungen ihrer Verf\u00fcgbarkeit f\u00fchren kann. Die Websites k\u00f6nnen Ungenauigkeiten oder Fehler enthalten. Sie \u00fcbernehmen das gesamte Risiko hinsichtlich der Qualit\u00e4t und Leistung der Websites.<\/p>\n<p><strong>11.\u00a0 <\/strong><strong>Haftungsbeschr\u00e4nkung <\/strong><\/p>\n<p>POCKETALK HAFTET NICHT F\u00dcR INDIREKTE, ZUF\u00c4LLIGE, FOLGE-, SPEZIELLE, EXEMPLARISCHE ODER STRAFSCH\u00c4DEN JEGLICHER ART, UNTER KEINEN UMST\u00c4NDEN, AUS UNERLAUBTER HANDLUNG (EINSCHLIESSLICH FAHRL\u00c4SSIGKEIT), VERSCHULDENSUNABH\u00c4NGIGER HAFTUNG ODER ANDERER THEORIE, EINSCHLIESSLICH SCH\u00c4DEN DURCH ENTGANGENE GEWINNE, DATENVERWENDUNG, VERLUST ANDERER IMMATERIELLE WERTE ODER VERLUST DER SICHERHEIT EINGESENDETER MATERIALIEN (EINSCHLIESSLICH UNBEFUGTES ABFANGEN EINGESENDETER MATERIALIEN DURCH DRITTE), SELBST WENN IM VORAUS AUF DIE M\u00d6GLICHKEIT SOLCHER SCH\u00c4DEN ODER VERLUSTE HINGEWIESEN WURDE. OHNE EINSCHR\u00c4NKUNG DES VORSTEHENDEN HAFTET POCKETALK NICHT F\u00dcR SCH\u00c4DEN JEGLICHER ART, DIE AUS IHRER NUTZUNG ODER UNM\u00d6GLICHKEIT DER NUTZUNG DER WEBSITES ODER AUS MATERIALIEN DRITTER ENTSTEHEN, EINSCHLIESSLICH VIREN, DIE IN DIESEM ZUSAMMENHANG \u00dcBERTRAGEN WERDEN K\u00d6NNEN. IHR EINZIGES UND AUSSCHLIESSLICHES RECHTSMITTEL BEI UNZUFRIEDENHEIT MIT DEN WEBSITES IST, SIE NICHT MEHR ZU NUTZEN. DIE MAXIMALE GESAMTHAFTUNG VON POCKETALK F\u00dcR ALLE SCH\u00c4DEN, VERLUSTE UND KLAGEGR\u00dcNDE, OB AUS VERTRAG, UNERLAUBTER HANDLUNG (EINSCHLIESSLICH FAHRL\u00c4SSIGKEIT) ODER ANDERWEITIG, BETR\u00c4GT 50 USD.Haftungsbeschr\u00e4nkung<\/p>\n<p>Das geltende Recht erlaubt m\u00f6glicherweise keine Einschr\u00e4nkungen bestimmter stillschweigender Garantien oder den Ausschluss bzw. die Einschr\u00e4nkung bestimmter Sch\u00e4den, und einige oder alle der oben genannten Haftungsausschl\u00fcsse, Ausschl\u00fcsse oder Einschr\u00e4nkungen gelten m\u00f6glicherweise nicht f\u00fcr Sie.<\/p>\n<p><strong>12.\u00a0 <\/strong><strong>Inhalte Dritter<\/strong><\/p>\n<p>Die Websites k\u00f6nnen Websites, Inhalte oder Informationen Dritter (\u201eInhalte Dritter\u201c) verf\u00fcgbar machen oder Links zu diesen bereitstellen. Pocketalk kontrolliert keine Inhalte Dritter und ist nicht daf\u00fcr verantwortlich. Die Verf\u00fcgbarkeit von Inhalten Dritter \u00fcber die Websites bedeutet keine Billigung oder Zugeh\u00f6rigkeit zum Anbieter dieser Inhalte Dritter. Die Nutzung von Inhalten Dritter erfolgt auf Ihr eigenes Risiko.<\/p>\n<p><strong>13.\u00a0 <\/strong><strong>Geltendes Recht und Gerichtsbarkeit<\/strong><\/p>\n<p>Geltendes Recht und Gerichtsbarkeit: Diese Bedingungen unterliegen den Gesetzen des Staates Washington, ohne Bezugnahme auf Kollisionsnormen, und die Verpflichtungen, Rechte und Rechtsmittel der Parteien werden gem\u00e4\u00df diesen Gesetzen festgelegt. Die Parteien vereinbaren die ausschlie\u00dfliche Gerichtsbarkeit der Staats- und Bundesgerichte in Kalifornien.<\/p>\n<p><strong>14.\u00a0 <\/strong><strong>Allgemeine Bestimmungen<\/strong><\/p>\n<p>Sollte eine Bestimmung dieser Bedingungen f\u00fcr ung\u00fcltig oder nicht durchsetzbar befunden werden, wird diese Bestimmung im erforderlichen Mindestma\u00df eingeschr\u00e4nkt oder gestrichen, so dass diese Bedingungen ansonsten in vollem Umfang wirksam und durchsetzbar bleiben. Ein Verzicht auf eine Bestimmung dieser Bedingungen ist nur wirksam, wenn er schriftlich erfolgt und von der verzichtenden Partei unterzeichnet ist. Unser Vers\u00e4umnis, ein Recht oder eine Bestimmung dieser Bedingungen auszu\u00fcben oder durchzusetzen, gilt nicht als Verzicht auf dieses Recht oder diese Bestimmung. Die Abschnitts\u00fcberschriften in diesen Bedingungen dienen nur der \u00dcbersichtlichkeit und haben keine rechtliche oder vertragliche Wirkung. Die jeweiligen Entsch\u00e4digungen, Zusicherungen und Garantien sowie unsere Rechte gem\u00e4\u00df diesen Bedingungen bleiben auch nach einer Beendigung dieser Bedingungen bestehen. Soweit nach geltendem lokalem Recht m\u00f6glich, sind diese Bedingungen f\u00fcr die gesetzlichen Vertreter, Rechtsnachfolger und Zessionare der Parteien dieser Bedingungen bindend und kommen ihnen zugute.<\/p>\n<p>&nbsp;<\/p>","protected":false},"excerpt":{"rendered":"Stand: 1. April 2024 Diese Nutzungsbedingungen (die \"Bedingungen\") regeln Ihren Zugang zu und Ihre Nutzung der von Pocketalk Inc. (\"Pocketalk\", \"wir\", \"uns\", \"unser\") bereitgestellten Internetangebote, einschlie\u00dflich der Pocketalk-Website (www.pocketalk.com), unserer mobilen Website, Pocketalk-eigener oder von Pocketalk betriebener Profile auf Social-Media-Seiten und anderer digitaler Dienste oder Objekte, die...","protected":false},"author":13,"featured_media":0,"parent":0,"menu_order":0,"comment_status":"closed","ping_status":"closed","template":"template-full-skinny.php","meta":{"_acf_changed":false,"footnotes":""},"class_list":["post-175","page","type-page","status-publish","hentry"],"acf":[],"_links":{"self":[{"href":"https:\/\/pocketalk.com\/de_de\/wp-json\/wp\/v2\/pages\/175","targetHints":{"allow":["GET"]}}],"collection":[{"href":"https:\/\/pocketalk.com\/de_de\/wp-json\/wp\/v2\/pages"}],"about":[{"href":"https:\/\/pocketalk.com\/de_de\/wp-json\/wp\/v2\/types\/page"}],"author":[{"embeddable":true,"href":"https:\/\/pocketalk.com\/de_de\/wp-json\/wp\/v2\/users\/13"}],"replies":[{"embeddable":true,"href":"https:\/\/pocketalk.com\/de_de\/wp-json\/wp\/v2\/comments?post=175"}],"version-history":[{"count":0,"href":"https:\/\/pocketalk.com\/de_de\/wp-json\/wp\/v2\/pages\/175\/revisions"}],"wp:attachment":[{"href":"https:\/\/pocketalk.com\/de_de\/wp-json\/wp\/v2\/media?parent=175"}],"curies":[{"name":"wp","href":"https:\/\/api.w.org\/{rel}","templated":true}]}}