{"id":1453,"date":"2021-03-16T17:35:49","date_gmt":"2021-03-16T17:35:49","guid":{"rendered":"https:\/\/pocketalk.com\/?page_id=1453"},"modified":"2023-08-31T17:06:14","modified_gmt":"2023-09-01T01:06:14","slug":"copyright-policy","status":"publish","type":"page","link":"https:\/\/pocketalk.com\/de_de\/copyright-policy","title":{"rendered":"Urheberrecht"},"content":{"rendered":"<h3>Urheberrecht<\/h3>\n<p>Datum des Inkrafttretens: 29. August 2018<\/p>\n<p>Pocketalk, Inc. (\u201cPocketalk\u201d) respects the intellectual property of others and asks that users of our products and services do the same.<\/p>\n<p><b>Hinweis und Verfahren f\u00fcr Anspr\u00fcche wegen Verletzung<\/b><\/p>\n<p>Notice Procedure.\u00a0If you believe that your work has been copied in a way that constitutes infringement of a copyright or other intellectual property, please provide to Pocketalk\u2019s Copyright Agent (as identified below) the following information:<\/p>\n<ul>\n<li>Eine elektronische oder physische Unterschrift der Person, die bevollm\u00e4chtigt ist, im Namen des Inhabers des Urheberrechts oder anderer Rechte an geistigem Eigentum zu handeln;<\/li>\n<li>Eine Beschreibung des urheberrechtlich gesch\u00fctzten Werks oder anderen geistigen Eigentums, das Ihrer Ansicht nach verletzt wurde;<br \/>\nEine Beschreibung, wo sich das Material, das nach Ihrer Behauptung eine Rechtsverletzung darstellt, auf den Diensten befindet; Ihr Name, Ihre Adresse, Telefonnummer und E-Mail-Adresse;<\/li>\n<li>Eine Erkl\u00e4rung von Ihnen, dass Sie in gutem Glauben davon ausgehen, dass die strittige Verwendung nicht durch den Urheberrechtsinhaber, seinen Vertreter oder das Gesetz autorisiert ist; und<\/li>\n<li>Eine eidesstattliche Erkl\u00e4rung von Ihnen, dass die oben genannten Informationen in Ihrer Mitteilung korrekt sind und dass Sie der Inhaber des Urheberrechts oder geistigen Eigentums sind oder befugt sind, im Namen des Inhabers des Urheberrechts oder geistigen Eigentums zu handeln.<\/li>\n<\/ul>\n<p>Gegennotifikationsverfahren. Wenn Sie der Meinung sind, dass Ihre Einreichung von Inhalten bei unseren Diensten infolge einer Mitteilung \u00fcber eine Verletzung entfernt wurde (oder der Zugang zu diesen Inhalten deaktiviert wurde) und dass der Inhalt nicht gegen das Urheberrecht verst\u00f6\u00dft, oder dass Sie vom Urheberrechtsinhaber, seinem Vertreter oder gem\u00e4\u00df dem Gesetz die Genehmigung haben, den Inhalt auf den Diensten zu ver\u00f6ffentlichen und zu verwenden, k\u00f6nnen Sie eine Gegendarstellung mit den folgenden Informationen an den Urheberrechtsbeauftragten senden:<\/p>\n<ul>\n<li>Ihre elektronische oder physische Unterschrift;<\/li>\n<li>Identifizierung des Inhalts, der entfernt wurde (oder zu dem der Zugriff deaktiviert wurde) und die Stelle, an der der Inhalt vor der Entfernung oder Deaktivierung erschien;<\/li>\n<li>Eine Erkl\u00e4rung, dass Sie in gutem Glauben davon ausgehen, dass der Inhalt aufgrund eines Fehlers oder einer Fehlidentifizierung des Inhalts entfernt oder deaktiviert wurde;<\/li>\n<li>Ihr Name, Ihre Adresse, Telefonnummer und E-Mail-Adresse;<br \/>\nEine Erkl\u00e4rung, dass Sie der Zust\u00e4ndigkeit der US-Bundesgerichte mit Sitz in San Francisco County, Kalifornien, zustimmen; und<\/li>\n<li>Eine Erkl\u00e4rung, dass Sie die Klagezustellung von der Person akzeptieren, die die Mitteilung \u00fcber die mutma\u00dfliche Verletzung gemacht hat.<\/li>\n<\/ul>\n<p>If a counter-notice is received by the Copyright Agent, Pocketalk may send a copy of the counter-notice to the original complaining party informing that person that it may replace the removed content or cease disabling it in ten business days. Unless the copyright owner files an action seeking a court order against the content provider, member or user, the removed content may be replaced, or access to it restored, in ten to fourteen business days (or more) after receipt of the counter-notice. Replacement or restoration of access to the content shall be in Pocketalk\u2019s sole discretion.<\/p>\n<p><b>Copyright-Beauftragter<\/b><\/p>\n<p>Pocketalk\u2019s Copyright Agent, for notice of claims of infringement and counter-notices, can be reached as follows:<\/p>\n<p>Pocketalk, Inc.<br \/>\n445 Sherman Avenue, Suite 250<br \/>\nPalo Alto, Kalifornien 94306<br \/>\nAchtung: Copyright-Beauftragter<br \/>\nEmail:\u00a0<a href=\"mailto:us-inquiry@pocketalk.com\">us-inquiry@pocketalk.com<\/a><\/p>","protected":false},"excerpt":{"rendered":"Copyright Policy Effective Date: August 29, 2018 Pocketalk, Inc. (\u201cPocketalk\u201d) respects the intellectual property of others and asks that users of our products and services do the same. Notice and Procedure for Claims of Infringement Notice Procedure.\u00a0If you believe that your work has been copied in a way that constitutes infringement of a copyright or&#8230;","protected":false},"author":13,"featured_media":0,"parent":0,"menu_order":0,"comment_status":"closed","ping_status":"closed","template":"template-full.php","meta":{"_acf_changed":false,"footnotes":""},"class_list":["post-1453","page","type-page","status-publish","hentry"],"acf":[],"_links":{"self":[{"href":"https:\/\/pocketalk.com\/de_de\/wp-json\/wp\/v2\/pages\/1453","targetHints":{"allow":["GET"]}}],"collection":[{"href":"https:\/\/pocketalk.com\/de_de\/wp-json\/wp\/v2\/pages"}],"about":[{"href":"https:\/\/pocketalk.com\/de_de\/wp-json\/wp\/v2\/types\/page"}],"author":[{"embeddable":true,"href":"https:\/\/pocketalk.com\/de_de\/wp-json\/wp\/v2\/users\/13"}],"replies":[{"embeddable":true,"href":"https:\/\/pocketalk.com\/de_de\/wp-json\/wp\/v2\/comments?post=1453"}],"version-history":[{"count":0,"href":"https:\/\/pocketalk.com\/de_de\/wp-json\/wp\/v2\/pages\/1453\/revisions"}],"wp:attachment":[{"href":"https:\/\/pocketalk.com\/de_de\/wp-json\/wp\/v2\/media?parent=1453"}],"curies":[{"name":"wp","href":"https:\/\/api.w.org\/{rel}","templated":true}]}}