{"id":692,"date":"2020-05-05T16:36:48","date_gmt":"2020-05-05T16:36:48","guid":{"rendered":"https:\/\/pocketalk.com\/?page_id=692"},"modified":"2021-11-29T23:34:18","modified_gmt":"2021-11-29T23:34:18","slug":"exclusive-discounts","status":"publish","type":"page","link":"http:\/\/pocketalk.com\/it_it\/exclusive-discounts","title":{"rendered":"Sconti esclusivi"},"content":{"rendered":"<h2>Grazie, nostri eroi di tutti i giorni!<\/h2>\n<p>Sappiamo che dedicate la vostra vita ad aiutare, salvare ed educare gli altri. Per mostrare il nostro apprezzamento, vorremmo estendere un'esclusiva offerta di sconto di 50 dollari sul nostro nuovo modello <strong>$50 OFF<a href=\"https:\/\/pocketalk.com\/it_it\/product\/pocketalk-plus\/\">\u00a0PocketTalk Plus<\/a>*.<\/strong><\/p>\n<p>Pocketalk \u00e8 un traduttore portatile in grado di tradurre 82 lingue, consentendo una migliore comunicazione quando il tempo \u00e8 essenziale e la lingua \u00e8 una barriera. Pocketalk permetter\u00e0 di comunicare con circa il 90% della popolazione mondiale.<\/p>\n<p>Con due grandi modelli tra cui scegliere, siamo sicuri che entrambi saranno in grado di soddisfare le vostre esigenze.<\/p>\n<p>Caratteristiche Pocketalk:<\/p>\n<ul>\n<li>Translate up to 82 different languages<\/li>\n<li>Kostenloser, unbegrenzter 2-Jahres-Plan f\u00fcr Mobilfunkdaten, der auch au\u00dferhalb eines Wi-Fi-Signals Abdeckung bietet<\/li>\n<li>Esperienza utente rapida e intuitiva<\/li>\n<li>Telecamera da testo a traduzione per documenti scritti o altre immagini<\/li>\n<li>Dual noise-canceling microphones and two loudspeakers<\/li>\n<\/ul>\n<p>Offriamo anche acquisti massivi, quindi vi preghiamo di inviarci un'e-mail all'indirizzo <a href=\"mailto:bizdev-us@sourcenext.com\"><strong>bizdev-us@sourcenext.com<\/strong><\/a><\/p>\n<p>*this does not apply to bundles and does not stack with other discounts or offers.<\/p>\n<p style=\"text-align: center;\"><a href=\"https:\/\/auth.govx.com\/shopify\/verify?shop=pocketalk.myshopify.com&amp;utm_source=shopify&amp;utm_medium=govxid&amp;utm_campaign=custom_link\">To verify with GovX:<\/a><\/p>\n<p style=\"text-align: center;\"><a href=\"https:\/\/auth.govx.com\/shopify\/verify?shop=pocketalk.myshopify.com&amp;utm_source=shopify&amp;utm_medium=govxid&amp;utm_campaign=custom_link\"><img loading=\"lazy\" decoding=\"async\" class=\"aligncenter wp-image-1609 size-medium\" src=\"https:\/\/pocketalk.com\/wp-content\/uploads\/2021\/04\/Untitled-2-300x52.png\" alt=\"\" width=\"300\" height=\"52\" srcset=\"https:\/\/pocketalk.com\/wp-content\/uploads\/2021\/04\/Untitled-2-300x52.png 300w, https:\/\/pocketalk.com\/wp-content\/uploads\/2021\/04\/Untitled-2-18x3.png 18w, https:\/\/pocketalk.com\/wp-content\/uploads\/2021\/04\/Untitled-2-120x21.png 120w, https:\/\/pocketalk.com\/wp-content\/uploads\/2021\/04\/Untitled-2-64x11.png 64w, https:\/\/pocketalk.com\/wp-content\/uploads\/2021\/04\/Untitled-2-40x7.png 40w, https:\/\/pocketalk.com\/wp-content\/uploads\/2021\/04\/Untitled-2.png 622w\" sizes=\"auto, (max-width: 300px) 100vw, 300px\" \/><\/a><a href=\"https:\/\/www.govx.com\/t\/govx-id\"><u>What&#8217;s GovX ID?<\/u><\/a><\/p>\n<p>&nbsp;<\/p>\n<p style=\"text-align: center;\">To verify with VerifyPlus:<\/p>\n<p><script src=\"https:\/\/cdn.verifypass.com\/seller\/embed\/load.js\" id=\"vfyps_widget\" data-key=\"e9eae0f16\" data-show-all=\"true\"><\/script><\/p>","protected":false},"excerpt":{"rendered":"Thank you, our everyday heroes! We know you dedicate your life to helping, saving, and educating others. To show our appreciation, we would like to extend an exclusive discount offer of $50 OFF\u00a0Pocketalk Plus*. Pocketalk is a hand-held translator that can translate 82 languages enabling better communication when time is of the essence and language&#8230;","protected":false},"author":3,"featured_media":0,"parent":0,"menu_order":0,"comment_status":"closed","ping_status":"closed","template":"template-full-skinny.php","meta":{"_acf_changed":false,"footnotes":""},"class_list":["post-692","page","type-page","status-publish","hentry"],"acf":[],"_links":{"self":[{"href":"http:\/\/pocketalk.com\/it_it\/wp-json\/wp\/v2\/pages\/692","targetHints":{"allow":["GET"]}}],"collection":[{"href":"http:\/\/pocketalk.com\/it_it\/wp-json\/wp\/v2\/pages"}],"about":[{"href":"http:\/\/pocketalk.com\/it_it\/wp-json\/wp\/v2\/types\/page"}],"author":[{"embeddable":true,"href":"http:\/\/pocketalk.com\/it_it\/wp-json\/wp\/v2\/users\/3"}],"replies":[{"embeddable":true,"href":"http:\/\/pocketalk.com\/it_it\/wp-json\/wp\/v2\/comments?post=692"}],"version-history":[{"count":0,"href":"http:\/\/pocketalk.com\/it_it\/wp-json\/wp\/v2\/pages\/692\/revisions"}],"wp:attachment":[{"href":"http:\/\/pocketalk.com\/it_it\/wp-json\/wp\/v2\/media?parent=692"}],"curies":[{"name":"wp","href":"https:\/\/api.w.org\/{rel}","templated":true}]}}