{"id":3720,"date":"2024-02-08T12:39:56","date_gmt":"2024-02-08T20:39:56","guid":{"rendered":"https:\/\/pocketalk.com\/?page_id=3720"},"modified":"2025-07-14T11:20:09","modified_gmt":"2025-07-14T15:20:09","slug":"about-us","status":"publish","type":"page","link":"http:\/\/pocketalk.com\/de_de\/about-us","title":{"rendered":"\u00dcber uns"},"content":{"rendered":"<p><img loading=\"lazy\" decoding=\"async\" class=\"alignnone wp-image-3721\" src=\"https:\/\/pocketalk.com\/wp-content\/uploads\/2024\/02\/pt_about_us_bg-1024x524.png\" alt=\"\" width=\"500\" height=\"256\" srcset=\"https:\/\/pocketalk.com\/wp-content\/uploads\/2024\/02\/pt_about_us_bg-1024x524.png 1024w, https:\/\/pocketalk.com\/wp-content\/uploads\/2024\/02\/pt_about_us_bg-300x153.png 300w, https:\/\/pocketalk.com\/wp-content\/uploads\/2024\/02\/pt_about_us_bg-768x393.png 768w, https:\/\/pocketalk.com\/wp-content\/uploads\/2024\/02\/pt_about_us_bg-1536x786.png 1536w, https:\/\/pocketalk.com\/wp-content\/uploads\/2024\/02\/pt_about_us_bg-18x9.png 18w, https:\/\/pocketalk.com\/wp-content\/uploads\/2024\/02\/pt_about_us_bg-600x307.png 600w, https:\/\/pocketalk.com\/wp-content\/uploads\/2024\/02\/pt_about_us_bg-120x61.png 120w, https:\/\/pocketalk.com\/wp-content\/uploads\/2024\/02\/pt_about_us_bg-64x33.png 64w, https:\/\/pocketalk.com\/wp-content\/uploads\/2024\/02\/pt_about_us_bg-40x20.png 40w, https:\/\/pocketalk.com\/wp-content\/uploads\/2024\/02\/pt_about_us_bg.png 1720w\" sizes=\"auto, (max-width: 500px) 100vw, 500px\" \/><\/p>\n<p>Wir bei Pocketalk glauben an den Wert eines jeden Gespr\u00e4chs, von denen, die Sie bereits f\u00fchren, bis zu denen, von denen Sie nie wussten, dass Sie sie brauchen. Wir verstehen die Macht der Sprache, um Menschen zusammenzubringen, das Spielfeld zu ebnen und sogar Leben zu retten. Mit akkuraten \u00dcbersetzungen, die im Handumdrehen verf\u00fcgbar sind, ver\u00e4ndern wir die Kommunikation f\u00fcr Unternehmen und Einzelpersonen auf der ganzen Welt.<\/p>\n<p>Unsere \u00dcbersetzungsl\u00f6sungen erm\u00f6glichen eine spontane Konversation in verschiedenen Sprachen, w\u00e4hrend unsere Analysesoftware benutzerdefinierte Berichte in Echtzeit liefert - von der Anzahl der \u00dcbersetzungen bis hin zu den verwendeten Sprachen. Mit Hard- und Software, die auf der Pocketalk-eigenen \u00dcbersetzungs-Engine Prism Language Systems basiert, verf\u00fcgen Unternehmen \u00fcber die Tools und Erkenntnisse, die sie ben\u00f6tigen, um ihre Mitarbeiter effizienter, synchroner und zufriedener zu machen. Und unsere Datenschutzpraktiken gehen weit \u00fcber die Branchenstandards hinaus, so dass Sie sicher sein k\u00f6nnen, dass jede Kommunikation sicher und vertraulich ist.<\/p>\n<ul class=\"--pt-ul-img\">\n<li><b>Unsere Vision:<\/b> Eine Welt, in der jeder zum Gespr\u00e4ch willkommen ist.<\/li>\n<li><b>Unser Auftrag:<\/b> Innovative \u00dcbersetzungstechnologie, die Unternehmen und Einzelpersonen in die Lage versetzt, nahtlos und sicher in verschiedenen Sprachen zu kommunizieren.<\/li>\n<li><b>Vielf\u00e4ltiges Team, integrative Vision:<\/b> Unsere St\u00e4rke liegt in unserer Vielfalt. Mit einem Team, das aus den verschiedensten Ecken der Welt stammt, setzen wir uns f\u00fcr die Schaffung eines integrativen Umfelds ein. Wir wissen, dass echte Kommunikation mehr als nur Worte erfordert; sie verlangt kulturelle Sensibilit\u00e4t und eine Wertsch\u00e4tzung der Vielfalt.<\/li>\n<li><b>Globale Pr\u00e4senz: <\/b>Mit unseren strategisch g\u00fcnstig gelegenen Niederlassungen in Tokio, Palo Alto und London sind wir im Herzen der unterschiedlichsten Sprachlandschaften t\u00e4tig. Dank unserer globalen Reichweite sind wir in der Lage, die einzigartigen \u00dcbersetzungsbed\u00fcrfnisse der verschiedenen Regionen zu verstehen und zu erf\u00fcllen.<\/li>\n<\/ul>\n<p>Vom Klassenzimmer bis zum Wartezimmer, vom Lagerhaus bis zur Hotellobby arbeiten wir daran, eine bessere, besser vernetzte Welt zu schaffen<b>eine Welt, in der jeder zum Gespr\u00e4ch willkommen ist.<\/b><\/p>\n<p>&nbsp;<\/p>","protected":false},"excerpt":{"rendered":"Here at Pocketalk, we believe in the value of every conversation, from the ones you\u2019re already having to the ones you never knew you needed. We understand the power of language to bring people together, level the playing field and even save lives. With accurate translation available in an instant, we\u2019re transforming communication for organizations&#8230;","protected":false},"author":13,"featured_media":0,"parent":0,"menu_order":0,"comment_status":"closed","ping_status":"closed","template":"template-full-skinny.php","meta":{"_acf_changed":false,"footnotes":""},"class_list":["post-3720","page","type-page","status-publish","hentry"],"acf":[],"_links":{"self":[{"href":"http:\/\/pocketalk.com\/de_de\/wp-json\/wp\/v2\/pages\/3720","targetHints":{"allow":["GET"]}}],"collection":[{"href":"http:\/\/pocketalk.com\/de_de\/wp-json\/wp\/v2\/pages"}],"about":[{"href":"http:\/\/pocketalk.com\/de_de\/wp-json\/wp\/v2\/types\/page"}],"author":[{"embeddable":true,"href":"http:\/\/pocketalk.com\/de_de\/wp-json\/wp\/v2\/users\/13"}],"replies":[{"embeddable":true,"href":"http:\/\/pocketalk.com\/de_de\/wp-json\/wp\/v2\/comments?post=3720"}],"version-history":[{"count":0,"href":"http:\/\/pocketalk.com\/de_de\/wp-json\/wp\/v2\/pages\/3720\/revisions"}],"wp:attachment":[{"href":"http:\/\/pocketalk.com\/de_de\/wp-json\/wp\/v2\/media?parent=3720"}],"curies":[{"name":"wp","href":"https:\/\/api.w.org\/{rel}","templated":true}]}}